{"id":1457,"date":"2023-01-14T01:33:30","date_gmt":"2023-01-14T00:33:30","guid":{"rendered":"https:\/\/k9-and-sports.com\/?page_id=1457"},"modified":"2023-01-17T23:47:39","modified_gmt":"2023-01-17T22:47:39","slug":"logo","status":"publish","type":"page","link":"https:\/\/k9-and-sports.com\/en\/logo\/","title":{"rendered":"Logo Download"},"content":{"rendered":"<div data-elementor-type=\"wp-page\" data-elementor-id=\"1457\" class=\"elementor elementor-1457\" data-elementor-post-type=\"page\">\n\t\t\t\t\t\t<section class=\"elementor-section elementor-top-section elementor-element elementor-element-ffb0a77 elementor-section-height-min-height elementor-section-boxed elementor-section-height-default elementor-section-items-middle\" data-id=\"ffb0a77\" data-element_type=\"section\" data-settings=\"{&quot;background_background&quot;:&quot;classic&quot;}\">\n\t\t\t\t\t\t<div class=\"elementor-container elementor-column-gap-default\">\n\t\t\t\t\t<div class=\"elementor-column elementor-col-100 elementor-top-column elementor-element elementor-element-f66dd43\" data-id=\"f66dd43\" data-element_type=\"column\">\n\t\t\t<div class=\"elementor-widget-wrap elementor-element-populated\">\n\t\t\t\t\t\t<div class=\"elementor-element elementor-element-0e10ca2 elementor-invisible elementor-widget elementor-widget-heading\" data-id=\"0e10ca2\" data-element_type=\"widget\" data-settings=\"{&quot;_animation&quot;:&quot;fadeInDown&quot;}\" data-widget_type=\"heading.default\">\n\t\t\t\t<div class=\"elementor-widget-container\">\n\t\t\t\t\t<h1 class=\"elementor-heading-title elementor-size-default\">Logo Download<\/h1>\t\t\t\t<\/div>\n\t\t\t\t<\/div>\n\t\t\t\t\t<\/div>\n\t\t<\/div>\n\t\t\t\t\t<\/div>\n\t\t<\/section>\n\t\t\t\t<section class=\"elementor-section elementor-top-section elementor-element elementor-element-eda589b elementor-section-boxed elementor-section-height-default elementor-section-height-default\" data-id=\"eda589b\" data-element_type=\"section\">\n\t\t\t\t\t\t<div class=\"elementor-container elementor-column-gap-default\">\n\t\t\t\t\t<div class=\"elementor-column elementor-col-100 elementor-top-column elementor-element elementor-element-077f68c\" data-id=\"077f68c\" data-element_type=\"column\">\n\t\t\t<div class=\"elementor-widget-wrap elementor-element-populated\">\n\t\t\t\t\t\t<div class=\"elementor-element elementor-element-cb82687 elementor-widget elementor-widget-heading\" data-id=\"cb82687\" data-element_type=\"widget\" data-widget_type=\"heading.default\">\n\t\t\t\t<div class=\"elementor-widget-container\">\n\t\t\t\t\t<h1 class=\"elementor-heading-title elementor-size-default\">Logo for Profil Picture<\/h1>\t\t\t\t<\/div>\n\t\t\t\t<\/div>\n\t\t\t\t<div class=\"elementor-element elementor-element-fa21be1 elementor-widget elementor-widget-text-editor\" data-id=\"fa21be1\" data-element_type=\"widget\" data-widget_type=\"text-editor.default\">\n\t\t\t\t<div class=\"elementor-widget-container\">\n\t\t\t\t\t\t\t\t\t<p>Do you want to use the logo for your profile picture?! Then you can directly use our profile picture editor.<\/p>\n<p><\/p>\t\t\t\t\t\t\t\t<\/div>\n\t\t\t\t<\/div>\n\t\t\t\t<div class=\"elementor-element elementor-element-588db88 elementor-widget elementor-widget-button\" data-id=\"588db88\" data-element_type=\"widget\" data-widget_type=\"button.default\">\n\t\t\t\t<div class=\"elementor-widget-container\">\n\t\t\t\t\t\t\t\t\t<div class=\"elementor-button-wrapper\">\n\t\t\t\t\t<a class=\"elementor-button elementor-button-link elementor-size-sm elementor-animation-grow\" href=\"\/en\/profil-editor\/\">\n\t\t\t\t\t\t<span class=\"elementor-button-content-wrapper\">\n\t\t\t\t\t\t\t\t\t<span class=\"elementor-button-text\">Go to Profile Picture Editor<\/span>\n\t\t\t\t\t<\/span>\n\t\t\t\t\t<\/a>\n\t\t\t\t<\/div>\n\t\t\t\t\t\t\t\t<\/div>\n\t\t\t\t<\/div>\n\t\t\t\t<div class=\"elementor-element elementor-element-c3d4271 elementor-widget elementor-widget-heading\" data-id=\"c3d4271\" data-element_type=\"widget\" data-widget_type=\"heading.default\">\n\t\t\t\t<div class=\"elementor-widget-container\">\n\t\t\t\t\t<h1 class=\"elementor-heading-title elementor-size-default\">Logos for Download<\/h1>\t\t\t\t<\/div>\n\t\t\t\t<\/div>\n\t\t\t\t<section class=\"elementor-section elementor-inner-section elementor-element elementor-element-63f8c14 elementor-section-boxed elementor-section-height-default elementor-section-height-default\" data-id=\"63f8c14\" data-element_type=\"section\">\n\t\t\t\t\t\t<div class=\"elementor-container elementor-column-gap-default\">\n\t\t\t\t\t<div class=\"elementor-column elementor-col-50 elementor-inner-column elementor-element elementor-element-1299404\" data-id=\"1299404\" data-element_type=\"column\">\n\t\t\t<div class=\"elementor-widget-wrap elementor-element-populated\">\n\t\t\t\t\t\t<div class=\"elementor-element elementor-element-a3622b1 elementor-widget elementor-widget-image\" data-id=\"a3622b1\" data-element_type=\"widget\" data-widget_type=\"image.default\">\n\t\t\t\t<div class=\"elementor-widget-container\">\n\t\t\t\t\t\t\t\t\t\t\t\t\t\t\t<img fetchpriority=\"high\" decoding=\"async\" width=\"300\" height=\"300\" src=\"https:\/\/k9-and-sports.com\/wp-content\/uploads\/2023\/01\/K9-and-Sports-Logo-Profilbild-300x300.png\" class=\"attachment-medium size-medium wp-image-1475\" alt=\"Profilbild-Logo\" srcset=\"https:\/\/k9-and-sports.com\/wp-content\/uploads\/2023\/01\/K9-and-Sports-Logo-Profilbild-300x300.png 300w, https:\/\/k9-and-sports.com\/wp-content\/uploads\/2023\/01\/K9-and-Sports-Logo-Profilbild-1024x1024.png 1024w, https:\/\/k9-and-sports.com\/wp-content\/uploads\/2023\/01\/K9-and-Sports-Logo-Profilbild-150x150.png 150w, https:\/\/k9-and-sports.com\/wp-content\/uploads\/2023\/01\/K9-and-Sports-Logo-Profilbild-768x768.png 768w, https:\/\/k9-and-sports.com\/wp-content\/uploads\/2023\/01\/K9-and-Sports-Logo-Profilbild-12x12.png 12w, https:\/\/k9-and-sports.com\/wp-content\/uploads\/2023\/01\/K9-and-Sports-Logo-Profilbild.png 1295w\" sizes=\"(max-width: 300px) 100vw, 300px\" \/>\t\t\t\t\t\t\t\t\t\t\t\t\t\t\t<\/div>\n\t\t\t\t<\/div>\n\t\t\t\t\t<\/div>\n\t\t<\/div>\n\t\t\t\t<div class=\"elementor-column elementor-col-50 elementor-inner-column elementor-element elementor-element-1a93395\" data-id=\"1a93395\" data-element_type=\"column\">\n\t\t\t<div class=\"elementor-widget-wrap elementor-element-populated\">\n\t\t\t\t\t\t<div class=\"elementor-element elementor-element-21476c3 elementor-widget elementor-widget-text-editor\" data-id=\"21476c3\" data-element_type=\"widget\" data-widget_type=\"text-editor.default\">\n\t\t\t\t<div class=\"elementor-widget-container\">\n\t\t\t\t\t\t\t\t\t<p>Logo with transparent background in the format 1:1. Use it as overlay for your profile picture in social media (Facebook). Unfortunately, Facebook doesn't offer their links for frames any longer. Such, you will have to use a photo editor.\u00a0<\/p><p><a href=\"http:\/\/k9-and-sports.com\/wp-content\/uploads\/2023\/01\/K9-and-Sports-Logo-Profilbild.png\" target=\"_blank\" rel=\"noopener\">Click here to download the logo.<\/a>\u00a0A pop-up window will open. Click on the arrow on the right top of the window.<\/p>\t\t\t\t\t\t\t\t<\/div>\n\t\t\t\t<\/div>\n\t\t\t\t<div class=\"elementor-element elementor-element-155e254 elementor-widget elementor-widget-image\" data-id=\"155e254\" data-element_type=\"widget\" data-widget_type=\"image.default\">\n\t\t\t\t<div class=\"elementor-widget-container\">\n\t\t\t\t\t\t\t\t\t\t\t\t\t\t\t<img decoding=\"async\" width=\"300\" height=\"300\" src=\"https:\/\/k9-and-sports.com\/wp-content\/uploads\/2023\/01\/Profilbild-Bsp-300x300.jpg\" class=\"attachment-medium size-medium wp-image-1476\" alt=\"\" srcset=\"https:\/\/k9-and-sports.com\/wp-content\/uploads\/2023\/01\/Profilbild-Bsp-300x300.jpg 300w, https:\/\/k9-and-sports.com\/wp-content\/uploads\/2023\/01\/Profilbild-Bsp-1024x1024.jpg 1024w, https:\/\/k9-and-sports.com\/wp-content\/uploads\/2023\/01\/Profilbild-Bsp-150x150.jpg 150w, https:\/\/k9-and-sports.com\/wp-content\/uploads\/2023\/01\/Profilbild-Bsp-768x768.jpg 768w, https:\/\/k9-and-sports.com\/wp-content\/uploads\/2023\/01\/Profilbild-Bsp-12x12.jpg 12w, https:\/\/k9-and-sports.com\/wp-content\/uploads\/2023\/01\/Profilbild-Bsp.jpg 1295w\" sizes=\"(max-width: 300px) 100vw, 300px\" \/>\t\t\t\t\t\t\t\t\t\t\t\t\t\t\t<\/div>\n\t\t\t\t<\/div>\n\t\t\t\t\t<\/div>\n\t\t<\/div>\n\t\t\t\t\t<\/div>\n\t\t<\/section>\n\t\t\t\t<section class=\"elementor-section elementor-inner-section elementor-element elementor-element-94d907a elementor-section-boxed elementor-section-height-default elementor-section-height-default\" data-id=\"94d907a\" data-element_type=\"section\">\n\t\t\t\t\t\t<div class=\"elementor-container elementor-column-gap-default\">\n\t\t\t\t\t<div class=\"elementor-column elementor-col-50 elementor-inner-column elementor-element elementor-element-5b0ddb6\" data-id=\"5b0ddb6\" data-element_type=\"column\">\n\t\t\t<div class=\"elementor-widget-wrap elementor-element-populated\">\n\t\t\t\t\t\t<div class=\"elementor-element elementor-element-56b5c1b elementor-widget elementor-widget-image\" data-id=\"56b5c1b\" data-element_type=\"widget\" data-widget_type=\"image.default\">\n\t\t\t\t<div class=\"elementor-widget-container\">\n\t\t\t\t\t\t\t\t\t\t\t\t\t\t\t<img decoding=\"async\" width=\"300\" height=\"193\" src=\"https:\/\/k9-and-sports.com\/wp-content\/uploads\/2023\/01\/K9-and-Sports-Logo-1-300x193.png\" class=\"attachment-medium size-medium wp-image-1469\" alt=\"Logo K9-and-Sports transparent\" srcset=\"https:\/\/k9-and-sports.com\/wp-content\/uploads\/2023\/01\/K9-and-Sports-Logo-1-300x193.png 300w, https:\/\/k9-and-sports.com\/wp-content\/uploads\/2023\/01\/K9-and-Sports-Logo-1-768x493.png 768w, https:\/\/k9-and-sports.com\/wp-content\/uploads\/2023\/01\/K9-and-Sports-Logo-1-18x12.png 18w, https:\/\/k9-and-sports.com\/wp-content\/uploads\/2023\/01\/K9-and-Sports-Logo-1.png 1000w\" sizes=\"(max-width: 300px) 100vw, 300px\" \/>\t\t\t\t\t\t\t\t\t\t\t\t\t\t\t<\/div>\n\t\t\t\t<\/div>\n\t\t\t\t\t<\/div>\n\t\t<\/div>\n\t\t\t\t<div class=\"elementor-column elementor-col-50 elementor-inner-column elementor-element elementor-element-5556b80\" data-id=\"5556b80\" data-element_type=\"column\">\n\t\t\t<div class=\"elementor-widget-wrap elementor-element-populated\">\n\t\t\t\t\t\t<div class=\"elementor-element elementor-element-da58fc3 elementor-widget elementor-widget-text-editor\" data-id=\"da58fc3\" data-element_type=\"widget\" data-widget_type=\"text-editor.default\">\n\t\t\t\t<div class=\"elementor-widget-container\">\n\t\t\t\t\t\t\t\t\t<p>Logo with transparent background. <a href=\"http:\/\/k9-and-sports.com\/wp-content\/uploads\/2023\/01\/K9-and-Sports-Logo-1.png\" target=\"_blank\" rel=\"noopener\">Click here to download logo.<\/a>A pop-up window will open. Click on the arrow on the right top.<\/p>\t\t\t\t\t\t\t\t<\/div>\n\t\t\t\t<\/div>\n\t\t\t\t\t<\/div>\n\t\t<\/div>\n\t\t\t\t\t<\/div>\n\t\t<\/section>\n\t\t\t\t<section class=\"elementor-section elementor-inner-section elementor-element elementor-element-e24835e elementor-section-boxed elementor-section-height-default elementor-section-height-default\" data-id=\"e24835e\" data-element_type=\"section\">\n\t\t\t\t\t\t<div class=\"elementor-container elementor-column-gap-default\">\n\t\t\t\t\t<div class=\"elementor-column elementor-col-50 elementor-inner-column elementor-element elementor-element-8bfd672\" data-id=\"8bfd672\" data-element_type=\"column\">\n\t\t\t<div class=\"elementor-widget-wrap elementor-element-populated\">\n\t\t\t\t\t\t<div class=\"elementor-element elementor-element-b35e1f1 elementor-widget elementor-widget-image\" data-id=\"b35e1f1\" data-element_type=\"widget\" data-widget_type=\"image.default\">\n\t\t\t\t<div class=\"elementor-widget-container\">\n\t\t\t\t\t\t\t\t\t\t\t\t\t\t\t<img loading=\"lazy\" decoding=\"async\" width=\"300\" height=\"300\" src=\"https:\/\/k9-and-sports.com\/wp-content\/uploads\/2023\/01\/K9-and-Sports-Logo-1-1-300x300.jpg\" class=\"attachment-medium size-medium wp-image-1470\" alt=\"\" srcset=\"https:\/\/k9-and-sports.com\/wp-content\/uploads\/2023\/01\/K9-and-Sports-Logo-1-1-300x300.jpg 300w, https:\/\/k9-and-sports.com\/wp-content\/uploads\/2023\/01\/K9-and-Sports-Logo-1-1-150x150.jpg 150w, https:\/\/k9-and-sports.com\/wp-content\/uploads\/2023\/01\/K9-and-Sports-Logo-1-1-768x768.jpg 768w, https:\/\/k9-and-sports.com\/wp-content\/uploads\/2023\/01\/K9-and-Sports-Logo-1-1-12x12.jpg 12w, https:\/\/k9-and-sports.com\/wp-content\/uploads\/2023\/01\/K9-and-Sports-Logo-1-1.jpg 1000w\" sizes=\"(max-width: 300px) 100vw, 300px\" \/>\t\t\t\t\t\t\t\t\t\t\t\t\t\t\t<\/div>\n\t\t\t\t<\/div>\n\t\t\t\t\t<\/div>\n\t\t<\/div>\n\t\t\t\t<div class=\"elementor-column elementor-col-50 elementor-inner-column elementor-element elementor-element-53d9504\" data-id=\"53d9504\" data-element_type=\"column\">\n\t\t\t<div class=\"elementor-widget-wrap elementor-element-populated\">\n\t\t\t\t\t\t<div class=\"elementor-element elementor-element-c4561b2 elementor-widget elementor-widget-text-editor\" data-id=\"c4561b2\" data-element_type=\"widget\" data-widget_type=\"text-editor.default\">\n\t\t\t\t<div class=\"elementor-widget-container\">\n\t\t\t\t\t\t\t\t\t<p>Logo on white background in the format 1:1. Use it as a profile picture in Facebook and alike. <a href=\"http:\/\/k9-and-sports.com\/wp-content\/uploads\/2023\/01\/K9-and-Sports-Logo-1-1.jpg\" target=\"_blank\" rel=\"noopener\">Click here to download logo.<\/a>.\u00a0<span style=\"caret-color: #000000; color: #000000; font-family: -webkit-standard; font-size: medium;\">A pop-up window will open. Click on the arrow on the right top of the window.<\/span><\/p>\t\t\t\t\t\t\t\t<\/div>\n\t\t\t\t<\/div>\n\t\t\t\t\t<\/div>\n\t\t<\/div>\n\t\t\t\t\t<\/div>\n\t\t<\/section>\n\t\t\t\t\t<\/div>\n\t\t<\/div>\n\t\t\t\t\t<\/div>\n\t\t<\/section>\n\t\t\t\t<\/div>","protected":false},"excerpt":{"rendered":"<p>Logo Download Logos f\u00fcr Profilbild M\u00f6chtest Du das Logo f\u00fcr Dein Profilbild verwenden?! Dann kannst Du direkt unseren Profilbild Editor verwenden. Zum Profilbild-Editor Logos zum Download Logo mit transparenten Hintergrund im Format 1:1 um es \u00fcber ein Profilbild zu legen. Anbei ein Beispiel. Leider bietet Facebook die Frame-Funktion nicht mehr an, so dass Ihr leider [&hellip;]<\/p>","protected":false},"author":1,"featured_media":0,"parent":0,"menu_order":0,"comment_status":"closed","ping_status":"closed","template":"","meta":{"footnotes":""},"class_list":["post-1457","page","type-page","status-publish","hentry"],"aioseo_notices":[],"_links":{"self":[{"href":"https:\/\/k9-and-sports.com\/en\/wp-json\/wp\/v2\/pages\/1457","targetHints":{"allow":["GET"]}}],"collection":[{"href":"https:\/\/k9-and-sports.com\/en\/wp-json\/wp\/v2\/pages"}],"about":[{"href":"https:\/\/k9-and-sports.com\/en\/wp-json\/wp\/v2\/types\/page"}],"author":[{"embeddable":true,"href":"https:\/\/k9-and-sports.com\/en\/wp-json\/wp\/v2\/users\/1"}],"replies":[{"embeddable":true,"href":"https:\/\/k9-and-sports.com\/en\/wp-json\/wp\/v2\/comments?post=1457"}],"version-history":[{"count":10,"href":"https:\/\/k9-and-sports.com\/en\/wp-json\/wp\/v2\/pages\/1457\/revisions"}],"predecessor-version":[{"id":2066,"href":"https:\/\/k9-and-sports.com\/en\/wp-json\/wp\/v2\/pages\/1457\/revisions\/2066"}],"wp:attachment":[{"href":"https:\/\/k9-and-sports.com\/en\/wp-json\/wp\/v2\/media?parent=1457"}],"curies":[{"name":"wp","href":"https:\/\/api.w.org\/{rel}","templated":true}]}}