{"id":1728,"date":"2023-01-15T15:34:37","date_gmt":"2023-01-15T14:34:37","guid":{"rendered":"https:\/\/k9-and-sports.com\/?page_id=1728"},"modified":"2023-01-17T23:36:01","modified_gmt":"2023-01-17T22:36:01","slug":"profil-editor","status":"publish","type":"page","link":"https:\/\/k9-and-sports.com\/en\/profil-editor\/","title":{"rendered":"Profil Editor"},"content":{"rendered":"<div data-elementor-type=\"wp-page\" data-elementor-id=\"1728\" class=\"elementor elementor-1728\" data-elementor-post-type=\"page\">\n\t\t\t\t\t\t<section class=\"elementor-section elementor-top-section elementor-element elementor-element-c606098 elementor-section-height-min-height elementor-section-boxed elementor-section-height-default elementor-section-items-middle\" data-id=\"c606098\" data-element_type=\"section\" data-settings=\"{&quot;background_background&quot;:&quot;classic&quot;}\">\n\t\t\t\t\t\t<div class=\"elementor-container elementor-column-gap-default\">\n\t\t\t\t\t<div class=\"elementor-column elementor-col-100 elementor-top-column elementor-element elementor-element-bca9fb8\" data-id=\"bca9fb8\" data-element_type=\"column\">\n\t\t\t<div class=\"elementor-widget-wrap\">\n\t\t\t\t\t\t\t<\/div>\n\t\t<\/div>\n\t\t\t\t\t<\/div>\n\t\t<\/section>\n\t\t\t\t<section class=\"elementor-section elementor-top-section elementor-element elementor-element-20daa2e8 elementor-section-boxed elementor-section-height-default elementor-section-height-default\" data-id=\"20daa2e8\" data-element_type=\"section\">\n\t\t\t\t\t\t<div class=\"elementor-container elementor-column-gap-default\">\n\t\t\t\t\t<div class=\"elementor-column elementor-col-100 elementor-top-column elementor-element elementor-element-67941ca9\" data-id=\"67941ca9\" data-element_type=\"column\">\n\t\t\t<div class=\"elementor-widget-wrap elementor-element-populated\">\n\t\t\t\t\t\t<div class=\"elementor-element elementor-element-064c6f8 elementor-widget elementor-widget-heading\" data-id=\"064c6f8\" data-element_type=\"widget\" data-widget_type=\"heading.default\">\n\t\t\t\t<div class=\"elementor-widget-container\">\n\t\t\t\t\t<h2 class=\"elementor-heading-title elementor-size-default\">Profile Picture Generator<\/h2>\t\t\t\t<\/div>\n\t\t\t\t<\/div>\n\t\t\t\t<section class=\"elementor-section elementor-inner-section elementor-element elementor-element-726d8d0 elementor-section-boxed elementor-section-height-default elementor-section-height-default\" data-id=\"726d8d0\" data-element_type=\"section\">\n\t\t\t\t\t\t<div class=\"elementor-container elementor-column-gap-default\">\n\t\t\t\t\t<div class=\"elementor-column elementor-col-50 elementor-inner-column elementor-element elementor-element-7f71f71\" data-id=\"7f71f71\" data-element_type=\"column\">\n\t\t\t<div class=\"elementor-widget-wrap elementor-element-populated\">\n\t\t\t\t\t\t<div class=\"elementor-element elementor-element-baca0d9 elementor-widget elementor-widget-text-editor\" data-id=\"baca0d9\" data-element_type=\"widget\" data-widget_type=\"text-editor.default\">\n\t\t\t\t<div class=\"elementor-widget-container\">\n\t\t\t\t\t\t\t\t\t<p><strong>Instruction:<\/strong><\/p><ul><li><span style=\"color: #ff0000; font-size: 28px; font-weight: bold;\">1.<\/span>\u00a0Lade eine Datei \u00fcber den Button &#8222;<strong>Datei ausw\u00e4hlen<\/strong>&#8220; hoch (siehe unten).<\/li><li>The image editor will open:<ul><li><span style=\"color: #ff0000; font-size: 28px; font-weight: bold;\">2.<\/span> W\u00e4hle &#8222;<strong>Stickers<\/strong>&#8220; und Du findest das Logo und Slogans, die Du auf Dein Bild legen kannst<\/li><li><span style=\"color: #ff0000; font-size: 28px; font-weight: bold;\">2a.<\/span>\u00a0Wenn Dein Bild nicht das richtige Format hat, dann kannst Du es \u00fcber &#8222;<strong>Crop<\/strong>&#8220; zuschneiden. F\u00fcr Social Media empfehlen wir das Format &#8222;Square&#8220;.<\/li><li><span style=\"color: #ff0000; font-size: 28px; font-weight: bold;\">3.<\/span>\u00a0<strong>Double-click<\/strong> on the logo and\/or the slogan and it will be placed on the image<\/li><li><span style=\"color: #ff0000; font-size: 28px; font-weight: bold;\">4.<\/span>\u00a0\u00a0Klicke &#8222;<strong>Save<\/strong>&#8220; und das Bild wird automatisch heruntergeladen<\/li><li><span style=\"color: #ff0000; font-size: 28px; font-weight: bold;\">5.<\/span>\u00a0\u00a0Das Bild wird in Deinem Download-Ordner automatisch gespeichert. Bei iPhone (iOS) findest Du das Bild Inder App &#8222;Dateien&#8220;.<br \/>The edited image is also displayed here on the page and you can save it on PC by clicking the right mouse button, or on mobile by long pressing on the image.<\/li><\/ul><\/li><\/ul>\t\t\t\t\t\t\t\t<\/div>\n\t\t\t\t<\/div>\n\t\t\t\t\t<\/div>\n\t\t<\/div>\n\t\t\t\t<div class=\"elementor-column elementor-col-50 elementor-inner-column elementor-element elementor-element-9bc0604\" data-id=\"9bc0604\" data-element_type=\"column\">\n\t\t\t<div class=\"elementor-widget-wrap elementor-element-populated\">\n\t\t\t\t\t\t<div class=\"elementor-element elementor-element-9a3cb14 elementor-widget elementor-widget-image\" data-id=\"9a3cb14\" data-element_type=\"widget\" data-widget_type=\"image.default\">\n\t\t\t\t<div class=\"elementor-widget-container\">\n\t\t\t\t\t\t\t\t\t\t\t\t\t\t\t<img decoding=\"async\" src=\"https:\/\/k9-and-sports.com\/wp-content\/uploads\/elementor\/thumbs\/SS-Profil-Editor-1-q0si781bjs2q7hqxvcphcck3mxst41zoydia3zn1cq.jpg\" title=\"SS-Profil-Editor\" alt=\"Profilbild Editor Online\" loading=\"lazy\" \/>\t\t\t\t\t\t\t\t\t\t\t\t\t\t\t<\/div>\n\t\t\t\t<\/div>\n\t\t\t\t<div class=\"elementor-element elementor-element-cfd0c22 elementor-widget elementor-widget-image\" data-id=\"cfd0c22\" data-element_type=\"widget\" data-widget_type=\"image.default\">\n\t\t\t\t<div class=\"elementor-widget-container\">\n\t\t\t\t\t\t\t\t\t\t\t\t\t\t\t<img decoding=\"async\" src=\"https:\/\/k9-and-sports.com\/wp-content\/uploads\/elementor\/thumbs\/SS-Profil-Editor-S2-1-q0si781bjs2q7hqxvcphcck3mxst41zoydia3zn13a.jpg\" title=\"SS-Profil-Editor-S2\" alt=\"Profilbild Generator Online\" loading=\"lazy\" \/>\t\t\t\t\t\t\t\t\t\t\t\t\t\t\t<\/div>\n\t\t\t\t<\/div>\n\t\t\t\t\t<\/div>\n\t\t<\/div>\n\t\t\t\t\t<\/div>\n\t\t<\/section>\n\t\t\t\t<div class=\"elementor-element elementor-element-e1dfcd9 elementor-widget elementor-widget-heading\" data-id=\"e1dfcd9\" data-element_type=\"widget\" data-widget_type=\"heading.default\">\n\t\t\t\t<div class=\"elementor-widget-container\">\n\t\t\t\t\t<h2 class=\"elementor-heading-title elementor-size-default\">Upload your picture here and edit it<\/h2>\t\t\t\t<\/div>\n\t\t\t\t<\/div>\n\t\t\t\t<section class=\"elementor-section elementor-inner-section elementor-element elementor-element-8207ea3 elementor-section-boxed elementor-section-height-default elementor-section-height-default\" data-id=\"8207ea3\" data-element_type=\"section\">\n\t\t\t\t\t\t<div class=\"elementor-container elementor-column-gap-default\">\n\t\t\t\t\t<div class=\"elementor-column elementor-col-50 elementor-inner-column elementor-element elementor-element-cf52007\" data-id=\"cf52007\" data-element_type=\"column\">\n\t\t\t<div class=\"elementor-widget-wrap elementor-element-populated\">\n\t\t\t\t\t\t<div class=\"elementor-element elementor-element-10e2e54 elementor-view-default elementor-widget elementor-widget-icon\" data-id=\"10e2e54\" data-element_type=\"widget\" data-widget_type=\"icon.default\">\n\t\t\t\t<div class=\"elementor-widget-container\">\n\t\t\t\t\t\t\t<div class=\"elementor-icon-wrapper\">\n\t\t\t<div class=\"elementor-icon\">\n\t\t\t<svg xmlns=\"http:\/\/www.w3.org\/2000\/svg\" viewbox=\"0 0 64 64\"><path d=\"M32,2C15.432,2,2,15.432,2,32c0,16.568,13.432,30,30,30s30-13.432,30-30C62,15.432,48.568,2,32,2z M38,48h-6.107V24.979  c-2.232,2.086-4.863,3.629-7.893,4.629v-5.543c1.594-0.521,3.326-1.512,5.195-2.967c1.871-1.455,3.152-3.156,3.848-5.098H38V48z\" fill=\"#a70000\"><\/path><\/svg>\t\t\t<\/div>\n\t\t<\/div>\n\t\t\t\t\t\t<\/div>\n\t\t\t\t<\/div>\n\t\t\t\t\t<\/div>\n\t\t<\/div>\n\t\t\t\t<div class=\"elementor-column elementor-col-50 elementor-inner-column elementor-element elementor-element-c7cd1a4\" data-id=\"c7cd1a4\" data-element_type=\"column\">\n\t\t\t<div class=\"elementor-widget-wrap elementor-element-populated\">\n\t\t\t\t\t\t<div class=\"elementor-element elementor-element-f8010aa elementor-button-align-stretch elementor-widget elementor-widget-form\" data-id=\"f8010aa\" data-element_type=\"widget\" data-settings=\"{&quot;step_next_label&quot;:&quot;N\\u00e4chster&quot;,&quot;step_previous_label&quot;:&quot;Voriger&quot;,&quot;step_type&quot;:&quot;none&quot;,&quot;step_icon_shape&quot;:&quot;circle&quot;}\" data-widget_type=\"form.default\">\n\t\t\t\t<div class=\"elementor-widget-container\">\n\t\t\t\t\t\t\t<form class=\"elementor-form\" method=\"post\" name=\"Neues Formular\" aria-label=\"Neues Formular\" action=\"\">\n\t\t\t<input type=\"hidden\" name=\"post_id\" value=\"1728\"\/>\n\t\t\t<input type=\"hidden\" name=\"form_id\" value=\"f8010aa\"\/>\n\t\t\t<input type=\"hidden\" name=\"referer_title\" value=\"Profil Editor - K9-and-Sports\" \/>\n\n\t\t\t\t\t\t\t<input type=\"hidden\" name=\"queried_id\" value=\"1728\"\/>\n\t\t\t\n\t\t\t<div class=\"elementor-form-fields-wrapper elementor-labels-\">\n\t\t\t\t\t\t\t\t<div class=\"elementor-field-type-upload elementor-field-group elementor-column elementor-field-group-name elementor-col-100\">\n\t\t\t\t\t\t\t\t\t\t\t\t<label for=\"form-field-name\" class=\"elementor-field-label elementor-screen-only\">\n\t\t\t\t\t\t\t\tName\t\t\t\t\t\t\t<\/label>\n\t\t\t\t\t\t\t\t<input type=\"file\" name=\"form_fields[name]\" id=\"form-field-name\" class=\"elementor-field elementor-size-lg  elementor-upload-field\" data-maxsize=\"5\" data-maxsize-message=\"Diese Datei \u00fcbersteigt die maximale Dateigr\u00f6\u00dfe\">\n\n\t\t\t\t\t\t<\/div>\n\t\t\t\t\t\t\t\t<div class=\"elementor-field-group elementor-column elementor-field-type-submit elementor-col-100 e-form__buttons\">\n\t\t\t\t\t<button class=\"elementor-button elementor-size-md\" type=\"submit\" id=\"FK_hide_button\">\n\t\t\t\t\t\t<span class=\"elementor-button-content-wrapper\">\n\t\t\t\t\t\t\t\t\t\t\t\t\t\t\t\t\t\t\t\t\t\t<span class=\"elementor-button-text\">Send<\/span>\n\t\t\t\t\t\t\t\t\t\t\t\t\t<\/span>\n\t\t\t\t\t<\/button>\n\t\t\t\t<\/div>\n\t\t\t<\/div>\n\t\t<input type=\"hidden\" name=\"trp-form-language\" value=\"en\"\/><\/form>\n\t\t\t\t\t\t<\/div>\n\t\t\t\t<\/div>\n\t\t\t\t\t<\/div>\n\t\t<\/div>\n\t\t\t\t\t<\/div>\n\t\t<\/section>\n\t\t\t\t<div class=\"elementor-element elementor-element-d2d73b8 elementor-widget elementor-widget-shortcode\" data-id=\"d2d73b8\" data-element_type=\"widget\" data-widget_type=\"shortcode.default\">\n\t\t\t\t<div class=\"elementor-widget-container\">\n\t\t\t\t\t\t\t<div class=\"elementor-shortcode\"><\/div>\n\t\t\t\t\t\t<\/div>\n\t\t\t\t<\/div>\n\t\t\t\t\t<\/div>\n\t\t<\/div>\n\t\t\t\t\t<\/div>\n\t\t<\/section>\n\t\t\t\t<\/div>","protected":false},"excerpt":{"rendered":"<p>Profilbild Generator Anleitung: 1.\u00a0Lade eine Datei \u00fcber den Button &#8222;Datei ausw\u00e4hlen&#8220; hoch (siehe unten). Der Bild-Editor \u00f6ffnet sich: 2. W\u00e4hle &#8222;Stickers&#8220; und Du findest das Logo und Slogans, die Du auf Dein Bild legen kannst 2a.\u00a0Wenn Dein Bild nicht das richtige Format hat, dann kannst Du es \u00fcber &#8222;Crop&#8220; zuschneiden. F\u00fcr Social Media empfehlen wir [&hellip;]<\/p>","protected":false},"author":1,"featured_media":0,"parent":0,"menu_order":0,"comment_status":"closed","ping_status":"closed","template":"","meta":{"footnotes":""},"class_list":["post-1728","page","type-page","status-publish","hentry"],"aioseo_notices":[],"_links":{"self":[{"href":"https:\/\/k9-and-sports.com\/en\/wp-json\/wp\/v2\/pages\/1728","targetHints":{"allow":["GET"]}}],"collection":[{"href":"https:\/\/k9-and-sports.com\/en\/wp-json\/wp\/v2\/pages"}],"about":[{"href":"https:\/\/k9-and-sports.com\/en\/wp-json\/wp\/v2\/types\/page"}],"author":[{"embeddable":true,"href":"https:\/\/k9-and-sports.com\/en\/wp-json\/wp\/v2\/users\/1"}],"replies":[{"embeddable":true,"href":"https:\/\/k9-and-sports.com\/en\/wp-json\/wp\/v2\/comments?post=1728"}],"version-history":[{"count":10,"href":"https:\/\/k9-and-sports.com\/en\/wp-json\/wp\/v2\/pages\/1728\/revisions"}],"predecessor-version":[{"id":2055,"href":"https:\/\/k9-and-sports.com\/en\/wp-json\/wp\/v2\/pages\/1728\/revisions\/2055"}],"wp:attachment":[{"href":"https:\/\/k9-and-sports.com\/en\/wp-json\/wp\/v2\/media?parent=1728"}],"curies":[{"name":"wp","href":"https:\/\/api.w.org\/{rel}","templated":true}]}}