{"id":215,"date":"2023-01-09T11:53:33","date_gmt":"2023-01-09T10:53:33","guid":{"rendered":"http:\/\/k9-and-sports.com\/?page_id=215"},"modified":"2026-01-07T10:59:22","modified_gmt":"2026-01-07T09:59:22","slug":"impressum","status":"publish","type":"page","link":"https:\/\/k9-and-sports.com\/en\/impressum\/","title":{"rendered":"Imprint"},"content":{"rendered":"<div data-elementor-type=\"wp-page\" data-elementor-id=\"215\" class=\"elementor elementor-215\" data-elementor-post-type=\"page\">\n\t\t\t\t\t\t<section class=\"elementor-section elementor-top-section elementor-element elementor-element-e633d90 elementor-section-height-min-height elementor-section-content-middle elementor-section-boxed elementor-section-height-default elementor-section-items-middle\" data-id=\"e633d90\" data-element_type=\"section\" data-settings=\"{&quot;background_background&quot;:&quot;classic&quot;}\">\n\t\t\t\t\t\t<div class=\"elementor-container elementor-column-gap-default\">\n\t\t\t\t\t<div class=\"elementor-column elementor-col-100 elementor-top-column elementor-element elementor-element-0047957\" data-id=\"0047957\" data-element_type=\"column\">\n\t\t\t<div class=\"elementor-widget-wrap elementor-element-populated\">\n\t\t\t\t\t\t<div class=\"elementor-element elementor-element-1c431d3 elementor-invisible elementor-widget elementor-widget-heading\" data-id=\"1c431d3\" data-element_type=\"widget\" data-settings=\"{&quot;_animation&quot;:&quot;fadeInDown&quot;}\" data-widget_type=\"heading.default\">\n\t\t\t\t<div class=\"elementor-widget-container\">\n\t\t\t\t\t<h1 class=\"elementor-heading-title elementor-size-default\">Imprint<\/h1>\t\t\t\t<\/div>\n\t\t\t\t<\/div>\n\t\t\t\t\t<\/div>\n\t\t<\/div>\n\t\t\t\t\t<\/div>\n\t\t<\/section>\n\t\t\t\t<section class=\"elementor-section elementor-top-section elementor-element elementor-element-75e55f8 elementor-section-boxed elementor-section-height-default elementor-section-height-default\" data-id=\"75e55f8\" data-element_type=\"section\">\n\t\t\t\t\t\t<div class=\"elementor-container elementor-column-gap-default\">\n\t\t\t\t\t<div class=\"elementor-column elementor-col-100 elementor-top-column elementor-element elementor-element-7b76451\" data-id=\"7b76451\" data-element_type=\"column\">\n\t\t\t<div class=\"elementor-widget-wrap elementor-element-populated\">\n\t\t\t\t\t\t<div class=\"elementor-element elementor-element-a06fde6 elementor-widget elementor-widget-text-editor\" data-id=\"a06fde6\" data-element_type=\"widget\" data-widget_type=\"text-editor.default\">\n\t\t\t\t<div class=\"elementor-widget-container\">\n\t\t\t\t\t\t\t\t\t<h1>Imprint<\/h1><h2>Angaben gem\u00e4\u00df \u00a7 5 des Telemediengesetzes (TMG):<\/h2><p>Anbieter der Website <a href=\"http:\/\/k9-and-sports.com\/en\/\">http:\/\/k9-and-sports.com\/<\/a>:<\/p><p>K9andSports e. V.<br \/>\u2013 als gemeinn\u00fctzig anerkannt \u2013<\/p><p>Ludwig-Martini-Stra\u00dfe 9<br \/>86343 K\u00f6nigsbrunn<\/p><p>Vertretungsberechtigter Vorstand:<br \/>Patricia Knabl<br \/>Horst-Dieter Tr\u00e4ger<br \/>Ralf Meins<br \/>Peter Scherk<\/p><p>Registergericht: Amtsgericht Augsburg<br \/>Vereinsregister: VR 202710<\/p><p>Telefon: 08443 9191191<\/p><p>E-Mail: <a>mail@k9-and-sports.com<\/a><\/p><h2>Weitere Angaben<\/h2><h3>Verantwortliche Person f\u00fcr redaktionelle Inhalte<\/h3><p>Verantwortlich f\u00fcr die redaktionellen Inhalte der Website http:\/\/<a>k9-and-sports.com<\/a>\u00a0und der \u00fcber diese Website aufrufbaren redaktionellen Inhalte in den sozialen Netzwerken \u201eFacebook\u201c(<a href=\"https:\/\/www.facebook.com\/\" rel=\"nofollow noopener\">https:\/\/www.facebook.com<\/a>) und \u201eInstagram\u201c (<a href=\"https:\/\/www.instagram.com\/\" rel=\"nofollow noopener\">https:\/\/www.instagram.com\/<\/a>) ist<\/p><p>K9andSports e. V.<br \/>\u2013 als gemeinn\u00fctzig anerkannt \u2013<\/p><p>Ludwig-Martini-Stra\u00dfe 9<br \/>86343 K\u00f6nigsbrunn<\/p><p>Vertretungsberechtigter Vorstand:<br \/>Patricia Knabl<br \/>Horst-Dieter Tr\u00e4ger<br \/>Ralf Meins<br \/>Peter Scherk<\/p><p>Registergericht: Amtsgericht Augsburg<br \/>Vereinsregister: VR 202710<\/p><p>Telefon: 08443 9191191<\/p><p>E-Mail: <a>mail@k9-and-sports.com<\/a><\/p><p>\u00a0<\/p><h3>Haftung f\u00fcr Inhalte<\/h3><p>Wir sind f\u00fcr die Inhalte unserer Internetseiten nach den Ma\u00dfgaben der allgemeinen Gesetzen, insbesondere nach \u00a7\u00a0<a href=\"https:\/\/beck-online.beck.de\/?typ=reference&amp;y=100&amp;g=TMG&amp;p=7\" rel=\"nofollow noopener\">7<\/a>Abs.\u00a0<a href=\"https:\/\/beck-online.beck.de\/?typ=reference&amp;y=100&amp;g=TMG&amp;p=7&amp;x=1\" rel=\"nofollow noopener\">1<\/a> des Telemediengesetzes (TMG), verantwortlich. Alle Inhalte werden mit der gebotenen Sorgfalt und nach bestem Wissen erstellt. Soweit wir auf unseren Internetseiten mittels Hyperlink auf Internetseiten\u00a0Dritter verweisen, k\u00f6nnen wir keine Gew\u00e4hr f\u00fcr die fortw\u00e4hrende Aktualit\u00e4t, Richtigkeit und Vollst\u00e4ndigkeit der verlinkten Inhalte \u00fcbernehmen, da diese Inhalte au\u00dferhalb unseres Verantwortungsbereichs liegen und wir auf die zuk\u00fcnftige Gestaltung keinen Einfluss haben.\u00a0Sollten aus Ihrer Sicht Inhalte gegen geltendes Recht versto\u00dfen oder unangemessen sein, teilen Sie uns dies bitte mit.<\/p><p>Die rechtlichen Hinweise auf dieser Seite sowie alle Fragen und Streitigkeiten im Zusammenhang mit der Gestaltung dieser\u00a0Internetseite unterliegen dem Recht der Bundesrepublik Deutschland<\/p><h3>Data Privacy<\/h3><p>Unsere Datenschutzhinweise finden Sie unter <a href=\"https:\/\/k9-and-sports.com\/en\/privacy-policy\/\" target=\"_self\">Data Privacy<\/a><\/p><h3>Urheberrecht<\/h3><p>Die auf unserer Internetseite vorhandenen Texte, Bilder, Fotos, Videos oder Grafiken unterliegen in der Regel dem Schutz des Urheberrechts. Jede unberechtigte Verwendung (insbesondere die Vervielf\u00e4ltigung, Bearbeitung oder Verbreitung) dieser urheberrechtsgesch\u00fctzten Inhalte ist daher untersagt. Wenn Sie beabsichtigen, diese Inhalte oder Teile davon zu verwenden, kontaktieren Sie uns bitte im Voraus unter den oben stehenden Angaben. Soweit wir nicht selbst Inhaber der ben\u00f6tigten urheberrechtlichen Nutzungsrechte sein sollten, bem\u00fchen wir uns, einen Kontakt zum Berechtigten zu vermitteln.<\/p><h3>Online-Streitbeilegung<\/h3><p>Die Europ\u00e4ische Kommission stellt unter <a href=\"http:\/\/ec.europa.eu\/consumers\/odr\/\" rel=\"nofollow noopener\">http:\/\/ec.europa.eu\/consumers\/odr\/<\/a> eine Plattform zur Online-Streitbeilegung (nach Art. 14 Abs. 1 der Verordnung (EU) Nr.\u00a0524\/2013 \u00fcber die Online-Streitbeilegung in Verbraucherangelegenheiten (\u201eODR-Verordnung\u201c) bereit.<\/p><p>Zur Teilnahme an einem Streitbeilegungsverfahren vor einer Verbraucherschlichtungsstelle sind wir nicht verpflichtet und nicht bereit.<\/p><h3>Social Media-Profile<\/h3><p>Dieses Impressum gilt auch f\u00fcr die folgende Social-Media-Profile:<\/p><p>&#8211;\u00a0\u00a0\u00a0\u00a0\u00a0\u00a0\u00a0\u00a0\u00a0 Facebook\u201c(<a href=\"https:\/\/www.facebook.com\/\" rel=\"nofollow noopener\">https:\/\/www.facebook.com<\/a>): K9-and-Sports<a href=\"https:\/\/www.facebook.com\/k9andsports\" rel=\"nofollow noopener\"> | Facebook<\/a>;<\/p><p>&#8211;\u00a0\u00a0\u00a0\u00a0\u00a0\u00a0\u00a0\u00a0\u00a0 \u201eInstagram\u201c (<a href=\"https:\/\/www.instagram.com\/\" rel=\"nofollow noopener\">https:\/\/www.instagram.com\/<\/a>): <a href=\"https:\/\/www.instagram.com\/k9andsports\/\" rel=\"nofollow noopener\">Stories \u2022 Instagram<\/a><\/p><h3>Anwendbares Recht<\/h3><p>Die rechtlichen Hinweise auf dieser Seite sowie alle Fragen und Streitigkeiten im Zusammenhang mit dieser Webseite und den \u00fcber diese Website aufrufbaren Seiten in den sozialen Netzwerken ((\u201eFacebook\u201c(<a href=\"https:\/\/www.facebook.com\/\" rel=\"nofollow noopener\">https:\/\/www.facebook.com<\/a> ) und \u201eInstagram\u201c (<a href=\"https:\/\/www.instagram.com\/\" rel=\"nofollow noopener\">https:\/\/www.instagram.com\/<\/a> ) unterliegen dem Recht der Bundesrepublik Deutschland.<\/p>\t\t\t\t\t\t\t\t<\/div>\n\t\t\t\t<\/div>\n\t\t\t\t\t<\/div>\n\t\t<\/div>\n\t\t\t\t\t<\/div>\n\t\t<\/section>\n\t\t\t\t<\/div>","protected":false},"excerpt":{"rendered":"<p>Impressum Impressum Angaben gem\u00e4\u00df \u00a7 5 des Telemediengesetzes (TMG): Anbieter der Website http:\/\/k9-and-sports.com\/: K9andSports e. V.\u2013 als gemeinn\u00fctzig anerkannt \u2013 Ludwig-Martini-Stra\u00dfe 986343 K\u00f6nigsbrunn Vertretungsberechtigter Vorstand:Patricia KnablHorst-Dieter Tr\u00e4gerRalf MeinsPeter Scherk Registergericht: Amtsgericht AugsburgVereinsregister: VR 202710 Telefon: 08443 9191191 E-Mail: mail@k9-and-sports.com Weitere Angaben Verantwortliche Person f\u00fcr redaktionelle Inhalte Verantwortlich f\u00fcr die redaktionellen Inhalte der Website http:\/\/k9-and-sports.com\u00a0und der [&hellip;]<\/p>","protected":false},"author":1,"featured_media":0,"parent":0,"menu_order":0,"comment_status":"closed","ping_status":"closed","template":"","meta":{"footnotes":""},"class_list":["post-215","page","type-page","status-publish","hentry"],"aioseo_notices":[],"_links":{"self":[{"href":"https:\/\/k9-and-sports.com\/en\/wp-json\/wp\/v2\/pages\/215","targetHints":{"allow":["GET"]}}],"collection":[{"href":"https:\/\/k9-and-sports.com\/en\/wp-json\/wp\/v2\/pages"}],"about":[{"href":"https:\/\/k9-and-sports.com\/en\/wp-json\/wp\/v2\/types\/page"}],"author":[{"embeddable":true,"href":"https:\/\/k9-and-sports.com\/en\/wp-json\/wp\/v2\/users\/1"}],"replies":[{"embeddable":true,"href":"https:\/\/k9-and-sports.com\/en\/wp-json\/wp\/v2\/comments?post=215"}],"version-history":[{"count":10,"href":"https:\/\/k9-and-sports.com\/en\/wp-json\/wp\/v2\/pages\/215\/revisions"}],"predecessor-version":[{"id":5939,"href":"https:\/\/k9-and-sports.com\/en\/wp-json\/wp\/v2\/pages\/215\/revisions\/5939"}],"wp:attachment":[{"href":"https:\/\/k9-and-sports.com\/en\/wp-json\/wp\/v2\/media?parent=215"}],"curies":[{"name":"wp","href":"https:\/\/api.w.org\/{rel}","templated":true}]}}