{"id":2669,"date":"2023-03-22T10:21:58","date_gmt":"2023-03-22T09:21:58","guid":{"rendered":"https:\/\/k9-and-sports.com\/?page_id=2669"},"modified":"2026-01-08T16:55:43","modified_gmt":"2026-01-08T15:55:43","slug":"was-wir-tun","status":"publish","type":"page","link":"https:\/\/k9-and-sports.com\/en\/was-wir-tun\/","title":{"rendered":"WHAT WE DO"},"content":{"rendered":"<div data-elementor-type=\"wp-page\" data-elementor-id=\"2669\" class=\"elementor elementor-2669\" data-elementor-post-type=\"page\">\n\t\t\t\t\t\t<section class=\"elementor-section elementor-top-section elementor-element elementor-element-bf29474 elementor-section-height-min-height elementor-section-boxed elementor-section-height-default elementor-section-items-middle\" data-id=\"bf29474\" data-element_type=\"section\" data-settings=\"{&quot;background_background&quot;:&quot;classic&quot;}\">\n\t\t\t\t\t\t<div class=\"elementor-container elementor-column-gap-default\">\n\t\t\t\t\t<div class=\"elementor-column elementor-col-100 elementor-top-column elementor-element elementor-element-b3ca0be\" data-id=\"b3ca0be\" data-element_type=\"column\">\n\t\t\t<div class=\"elementor-widget-wrap elementor-element-populated\">\n\t\t\t\t\t\t<div class=\"elementor-element elementor-element-ea81614 elementor-invisible elementor-widget elementor-widget-heading\" data-id=\"ea81614\" data-element_type=\"widget\" data-settings=\"{&quot;_animation&quot;:&quot;fadeInDown&quot;}\" data-widget_type=\"heading.default\">\n\t\t\t\t<div class=\"elementor-widget-container\">\n\t\t\t\t\t<h1 class=\"elementor-heading-title elementor-size-default\">WHAT WE DO<\/h1>\t\t\t\t<\/div>\n\t\t\t\t<\/div>\n\t\t\t\t\t<\/div>\n\t\t<\/div>\n\t\t\t\t\t<\/div>\n\t\t<\/section>\n\t\t\t\t<section class=\"elementor-section elementor-top-section elementor-element elementor-element-c0c06d1 elementor-section-boxed elementor-section-height-default elementor-section-height-default\" data-id=\"c0c06d1\" data-element_type=\"section\">\n\t\t\t\t\t\t<div class=\"elementor-container elementor-column-gap-default\">\n\t\t\t\t\t<div class=\"elementor-column elementor-col-100 elementor-top-column elementor-element elementor-element-a50ea53\" data-id=\"a50ea53\" data-element_type=\"column\">\n\t\t\t<div class=\"elementor-widget-wrap elementor-element-populated\">\n\t\t\t\t\t\t<div class=\"elementor-element elementor-element-2095922 elementor-widget elementor-widget-heading\" data-id=\"2095922\" data-element_type=\"widget\" data-widget_type=\"heading.default\">\n\t\t\t\t<div class=\"elementor-widget-container\">\n\t\t\t\t\t<h1 class=\"elementor-heading-title elementor-size-default\">WHAT WE DO<\/h1>\t\t\t\t<\/div>\n\t\t\t\t<\/div>\n\t\t\t\t<div class=\"elementor-element elementor-element-fdff1ec elementor-widget elementor-widget-text-editor\" data-id=\"fdff1ec\" data-element_type=\"widget\" data-widget_type=\"text-editor.default\">\n\t\t\t\t<div class=\"elementor-widget-container\">\n\t\t\t\t\t\t\t\t\t<p class=\"p1\"><span class=\"s1\">K9andSports setzt sich f\u00fcr die Zukunft des Gebrauchshundes ein \u2013 leistungsf\u00e4hig, gesund, verantwortungsvoll ausgebildet. Unser Ziel: Menschen verbinden, die gemeinsam daf\u00fcr sorgen, dass diese Hunde auch k\u00fcnftig zuverl\u00e4ssig in Sport, Alltag und im Einsatz bei Polizei, Milit\u00e4r, Zoll, Sicherheit und Rettung arbeiten k\u00f6nnen.<\/span><\/p><p class=\"p1\"><span class=\"s1\">Das geht nur gemeinsam \u2013 mit Sportler:innen, Z\u00fcchtern, Verb\u00e4nden, Beh\u00f6rden, Wissenschaft und Politik an einem Tisch.<\/span><\/p><p class=\"p1\"><span class=\"s2\">Wir denken international:<\/span><\/p><p class=\"p1\"><span class=\"s1\">\u2022 Eine weltweite Community mit Botschafter:innen, Z\u00fcchtern, Wissenschaftler:innen, Tier\u00e4rzt:innen, Diensthundef\u00fchrer:innen, Sportler:innen und Politiker:innen<\/span><\/p><p class=\"p1\"><span class=\"s1\">\u2022 Zusammenarbeit mit Beh\u00f6rden durch Praxisformate, Vorf\u00fchrungen und Austausch \u2013 unser Motto: <\/span><span class=\"s3\">gemeinsam lernen, gemeinsam weiterkommen<\/span><\/p><p class=\"p1\"><span class=\"s1\">So schaffen wir Raum f\u00fcr Dialog, f\u00f6rdern Nachwuchs, st\u00e4rken faktenbasierte Entscheidungen \u2013 und machen die Bedeutung des Gebrauchshundes weltweit sichtbar<\/span><\/p>\t\t\t\t\t\t\t\t<\/div>\n\t\t\t\t<\/div>\n\t\t\t\t<div class=\"elementor-element elementor-element-1dcebe9 elementor-widget elementor-widget-heading\" data-id=\"1dcebe9\" data-element_type=\"widget\" data-widget_type=\"heading.default\">\n\t\t\t\t<div class=\"elementor-widget-container\">\n\t\t\t\t\t<h1 class=\"elementor-heading-title elementor-size-default\">Unsere Arbeitsgruppen<\/h1>\t\t\t\t<\/div>\n\t\t\t\t<\/div>\n\t\t\t\t<div class=\"elementor-element elementor-element-71d47e0 elementor-widget elementor-widget-text-editor\" data-id=\"71d47e0\" data-element_type=\"widget\" data-widget_type=\"text-editor.default\">\n\t\t\t\t<div class=\"elementor-widget-container\">\n\t\t\t\t\t\t\t\t\t<h4><span style=\"font-family: inherit; font-size: 1.25rem;\">Br\u00fccke zwischen Sport und Dienst<\/span><\/h4><p><span style=\"caret-color: #000000; color: #000000;\">Wir m\u00f6chten die Verbindung zwischen Diensthundef\u00fchrer:innen und Hundesportler:innen wieder st\u00e4rken. Durch gemeinsamen Austausch, gemeinsames Training und gegenseitiges Verst\u00e4ndnis. Nur so k\u00f6nnen Pr\u00fcfungen und Zuchtzulassungen Eigenschaften sichtbar machen, die im realen Einsatz z\u00e4hlen. Bereits die zweite Veranstaltung in diesem Sinne findet Anfang 2026 in Ennepetal, NRW statt. Diensthundef\u00fchrer, Z\u00fcchter, Rassezuchtvertreter und Hundesportler treffen sich erneut, um von Experten zu lernen, sich auszutauschen und zu\u00a0<\/span><span style=\"color: #000000;\"><span style=\"caret-color: #000000;\">networken. Das Projekt tr\u00e4gt auch schon\u00a0Fr\u00fcchte: sowohl in die K\u00f6rung wie auch in den Wesenstest des DMC haben Elemente Einzug erhalten, die Diendthundef\u00fchrer angeregt hatten. Auch der ADRK und RZV sind im Begriff, neue Elemente in ihre Zucht\u00fcberpr\u00fcfung zu \u00fcbernehmen.\u00a0<\/span><\/span><\/p><h5>Nachwuchsf\u00f6rderung: International f\u00fcr Youngstars und Neueinsteiger<\/h5><p style=\"caret-color: #000000; color: #000000;\">Die Zukunft des Hundesports beginnt mit der n\u00e4chsten Generation. K9andSports macht jungen Menschen weltweit Mut und Lust, sich mit Gebrauchshunden zu engagieren.<\/p><p style=\"caret-color: #000000; color: #000000;\">\u2022 Kostenfreie Teilnahme Youngstar- und Helfer-Camps f\u00fcr bis 25-J\u00e4hrige. Das gr\u00f6\u00dfte fand 2025 mit insgesamt 400 Teilnehmern in Geimersheim bei Ingolstadt statt.<\/p><p style=\"caret-color: #000000; color: #000000;\">\u2022 \u00fcber 600 kostenfreie Seminarpl\u00e4tze bis dato vergeben.<\/p><p><span style=\"color: #000000;\"><span style=\"caret-color: #000000;\">\u2022 ein bundesweites\u00a0Mentoren-Netzwerk zur individuellen Begleitung.<\/span><\/span><\/p><p style=\"caret-color: #000000; color: #000000;\">Erfahrene Hundef\u00fchrer:innen, Trainer:innen und Ausbilder:innen schaffen Raum f\u00fcr Austausch, f\u00f6rdern Talente und teilen ihr Wissen \u2013 im Sport wie im Dienst\u00a0.<\/p><h5>\u00d6ffentlichkeitsarbeit, die bewegt<\/h5><p style=\"caret-color: #000000; color: #000000;\">Wir machen Gebrauchshundearbeit sichtbar \u2013 f\u00fcr Menschen, die bisher wenig Ber\u00fchrungspunkte hatten.<\/p><p style=\"caret-color: #000000; color: #000000;\">Ob wir Schirmherren aus der Politik zu Veranstaltungen holen, Auff\u00fchrungen von Diensthundef\u00fchrern oder Bundeswehr auf Wettk\u00e4mpfen integrieren oder gemeinsame Auftritte von Diensthundef\u00fchrern mit Hundesportlern haben (so z.B. bei der Dogsworld 2025 in M\u00fcnchen): Ziel ist immer, aufzukl\u00e4ren, Verst\u00e4ndnis zu schaffen, Interesse zu wecken.\u00a0<\/p><p style=\"caret-color: #000000; color: #000000;\">Interesse, Verst\u00e4ndnis und Begeisterung schaffen wir auch \u00fcber die sozialen Medien. Bis heute:\u00a0<\/p><p style=\"caret-color: #000000; color: #000000;\">\u2022 50+ Blogbeitr\u00e4ge und Interviews<\/p><p style=\"caret-color: #000000; color: #000000;\">\u2022 Social-Media-Formate mit Einblicken in Sport, Ausbildung und Alltag<\/p><p style=\"caret-color: #000000; color: #000000;\">\u2022 46.000 Follower auf Facebook<\/p><p style=\"caret-color: #000000; color: #000000;\">\u2022 188.000 auf TikTok<\/p><p style=\"caret-color: #000000; color: #000000;\">\u2022 33.000 auf Instagram<\/p><p data-start=\"1028\" data-end=\"1198\">Mit hoher organischer Reichweite in kurzer Zeit, \u00f6ffnen wir hoffentlich einigen die T\u00fcr zu einer Welt, die sie sonst vielleicht nie kennenlernen w\u00fcrden.<\/p><h5>We call it \"Lobbying\"<\/h5><p data-start=\"552\" data-end=\"854\" class=\"translation-block\">Our goal: The interests of working dogs should be heard and taken into account \u2014 <strong>in new legal regulations as well as in the creation of examination regulations.<\/strong> Therefore, we actively participate in stakeholder discussions, including at the association level and with the EU Commission.<\/p><p data-start=\"552\" data-end=\"854\">Viele unserer Botschafter sind auch in anderen Gremien: f\u00fcr uns die M\u00f6glichkeit, verschiedene Sichtweisen mit Entscheidungstr\u00e4gern zu diskutieren.<\/p><p data-start=\"856\" data-end=\"1127\" class=\"translation-block\">Furthermore, we are continuously working on <strong>building sustainable contacts in politics.<\/strong> One example of this is the collaboration with <strong>Dr. Reiner Brandl<\/strong>, Parliamentary Managing Director of the CSU, who supports us as an <strong>official K9andSports ambassador.<\/strong><\/p><h4>Tierschutz &amp; Wissenschaft<\/h4><p>Verantwortungsvolle Ausbildung braucht Fakten. K9andSports setzt auf wissenschaftliche Erkenntnisse, um Hundesport und Diensthundearbeit tierschutzkonform und effektiv zu gestalten.<\/p><p>\u2022 F\u00f6rderung von Promotionsprojekten<\/p><p>\u2022 Zusammenarbeit mit Universit\u00e4ten<\/p><p>\u2022 Umfragen z.\u202fB. bei Tier\u00e4rzt:innen<\/p><p>So schaffen wir belastbare Grundlagen \u2013 und vertreten den Gebrauchshund fundiert in \u00f6ffentlichen und politischen Diskussionen<\/p>\t\t\t\t\t\t\t\t<\/div>\n\t\t\t\t<\/div>\n\t\t\t\t<div class=\"elementor-element elementor-element-ceb6e8e elementor-widget elementor-widget-heading\" data-id=\"ceb6e8e\" data-element_type=\"widget\" data-widget_type=\"heading.default\">\n\t\t\t\t<div class=\"elementor-widget-container\">\n\t\t\t\t\t<h1 class=\"elementor-heading-title elementor-size-default\">Current milestones &amp; projects<\/h1>\t\t\t\t<\/div>\n\t\t\t\t<\/div>\n\t\t\t\t<div class=\"elementor-element elementor-element-a5decdc elementor-widget elementor-widget-text-editor\" data-id=\"a5decdc\" data-element_type=\"widget\" data-widget_type=\"text-editor.default\">\n\t\t\t\t<div class=\"elementor-widget-container\">\n\t\t\t\t\t\t\t\t\t<p class=\"p1\" style=\"caret-color: #000000; color: #000000;\"><strong><span class=\"s1\">Januar 2026<\/span><\/strong><\/p><p class=\"p1\" style=\"caret-color: #000000; color: #000000;\"><span class=\"s2\">Ennepetal 2.0 \u2013 Der Gebrauchshund Heute. mit Vortr\u00e4gen von Prof. Julia Metzger, Hans Ebbers, Jens Frank und Esther Schalke. Zusammenkunft und Austausch von Diensthundef\u00fchrern, Z\u00fcchtern, Vertretern von Rassezuchtvereinen und Hundesportlern.\u00a0<\/span><\/p><p><strong>Dezember 2006<\/strong><\/p><p>Projektbeginn: Bundesweites Mentoring-Netzwerk f\u00fcr Youngstars<\/p><p class=\"p1\" style=\"caret-color: #000000; color: #000000;\"><strong><span class=\"s1\">November 2025<\/span><\/strong><\/p><p class=\"p1\" style=\"caret-color: #000000; color: #000000;\"><span class=\"s2\">K9andSports-Umfrage: Der \u201eSchutzhund\u201c im Umgang aus tier\u00e4rztlicher Sicht.<\/span><\/p><p><strong>Oktober 2025<\/strong><\/p><p>Gemeinsame Auff\u00fchrung von K9andSports Botschaftern und der Diensthundestaffel M\u00fcnchen auf der Dogworld M\u00fcnchen vor rund 400 Zuschauern.<\/p><p class=\"p1\" style=\"caret-color: #000000; color: #000000;\"><strong><span class=\"s1\">Juli 2025<\/span><\/strong><\/p><p class=\"p1\" style=\"caret-color: #000000; color: #000000;\"><span class=\"s2\">IGP Youngstars &amp; Helper-Camps mit \u00fcber 30 Ausbildern und mehr als 400 Teilnehmern. Vorf\u00fchrungen der Polizei und Bundeswehr. Begleitung durch unseren Schirmherr Dr. Reinhard Brandl.<\/span><\/p><p class=\"p1\" style=\"caret-color: #000000; color: #000000;\"><strong><span class=\"s1\">November 2024<\/span><\/strong><\/p><p class=\"p1\" style=\"caret-color: #000000; color: #000000;\"><span class=\"s2\">Projektstart: Der Gebrauchshund als Schulhund.<\/span><\/p><p class=\"p1\" style=\"caret-color: #000000; color: #000000;\"><strong><span class=\"s1\">September 2024<\/span><\/strong><\/p><p class=\"p1\" style=\"caret-color: #000000; color: #000000;\"><span class=\"s2\">Gr\u00fcndung der Arbeitsgruppe \u201eRichterwesen\u201c.<\/span><\/p><p class=\"p1\" style=\"caret-color: #000000; color: #000000;\"><strong><span class=\"s1\">Mai 2024<\/span><\/strong><\/p><p class=\"p1\" style=\"caret-color: #000000; color: #000000;\"><span class=\"s2\">DMC-Championat \u2014 organisiert mit Auff\u00fchrungen der Bundeswehr, unter der Schirmherrschaft der CSU und unter Einbindung der \u00d6ffentlichkeit.<\/span><\/p><p><strong>Oktober 2023<\/strong><\/p><p>Ennepetal 1.0: die erste Veranstaltung f\u00fcr Vertreter von Rassezuchtvereinen, Diensthundef\u00fchrer, Z\u00fcchter und Hundesportler wurde super angenommen.\u00a0<\/p><p><strong>Juli 2023<\/strong><\/p><p>Start der Vergabe von freien Seminarpl\u00e4tzen an Youngstars\u00a0<\/p>\t\t\t\t\t\t\t\t<\/div>\n\t\t\t\t<\/div>\n\t\t\t\t\t<\/div>\n\t\t<\/div>\n\t\t\t\t\t<\/div>\n\t\t<\/section>\n\t\t\t\t<section class=\"elementor-section elementor-top-section elementor-element elementor-element-c3eea65 elementor-section-boxed elementor-section-height-default elementor-section-height-default\" data-id=\"c3eea65\" data-element_type=\"section\">\n\t\t\t\t\t\t<div class=\"elementor-container elementor-column-gap-default\">\n\t\t\t\t\t<div class=\"elementor-column elementor-col-100 elementor-top-column elementor-element elementor-element-2260666\" data-id=\"2260666\" data-element_type=\"column\">\n\t\t\t<div class=\"elementor-widget-wrap elementor-element-populated\">\n\t\t\t\t\t\t<div class=\"elementor-element elementor-element-1f3ed3d elementor-widget elementor-widget-heading\" data-id=\"1f3ed3d\" data-element_type=\"widget\" data-widget_type=\"heading.default\">\n\t\t\t\t<div class=\"elementor-widget-container\">\n\t\t\t\t\t<h1 class=\"elementor-heading-title elementor-size-default\">What can YOU do?<\/h1>\t\t\t\t<\/div>\n\t\t\t\t<\/div>\n\t\t\t\t<div class=\"elementor-element elementor-element-3f70f22 elementor-widget elementor-widget-text-editor\" data-id=\"3f70f22\" data-element_type=\"widget\" data-widget_type=\"text-editor.default\">\n\t\t\t\t<div class=\"elementor-widget-container\">\n\t\t\t\t\t\t\t\t\t<p data-start=\"259\" data-end=\"540\">Am einfachsten k\u00f6nnt ihr uns unterst\u00fctzen, indem ihr die <strong>Initiative unterschreibt<\/strong> \u2014 und weitere Stimmen sammelt. Fragt im Freundeskreis, im Verein, bei Kolleginnen und Kollegen: \u00fcberall dort, wo ihr Menschen trefft, die sich f\u00fcr Gebrauchshunde begeistern und unsere Ziele teilen. Ihr wollt euch noch aktiver einbringen? Dann meldet euch mit euren Ideen \u2014 wir freuen uns \u00fcber jede Unterst\u00fctzung!<\/p>\t\t\t\t\t\t\t\t<\/div>\n\t\t\t\t<\/div>\n\t\t\t\t\t<\/div>\n\t\t<\/div>\n\t\t\t\t\t<\/div>\n\t\t<\/section>\n\t\t\t\t<\/div>","protected":false},"excerpt":{"rendered":"<p>Was wir tun Was wir tun K9andSports setzt sich f\u00fcr die Zukunft des Gebrauchshundes ein \u2013 leistungsf\u00e4hig, gesund, verantwortungsvoll ausgebildet. Unser Ziel: Menschen verbinden, die gemeinsam daf\u00fcr sorgen, dass diese Hunde auch k\u00fcnftig zuverl\u00e4ssig in Sport, Alltag und im Einsatz bei Polizei, Milit\u00e4r, Zoll, Sicherheit und Rettung arbeiten k\u00f6nnen. Das geht nur gemeinsam \u2013 mit [&hellip;]<\/p>","protected":false},"author":2,"featured_media":0,"parent":0,"menu_order":0,"comment_status":"closed","ping_status":"closed","template":"","meta":{"footnotes":""},"class_list":["post-2669","page","type-page","status-publish","hentry"],"aioseo_notices":[],"_links":{"self":[{"href":"https:\/\/k9-and-sports.com\/en\/wp-json\/wp\/v2\/pages\/2669","targetHints":{"allow":["GET"]}}],"collection":[{"href":"https:\/\/k9-and-sports.com\/en\/wp-json\/wp\/v2\/pages"}],"about":[{"href":"https:\/\/k9-and-sports.com\/en\/wp-json\/wp\/v2\/types\/page"}],"author":[{"embeddable":true,"href":"https:\/\/k9-and-sports.com\/en\/wp-json\/wp\/v2\/users\/2"}],"replies":[{"embeddable":true,"href":"https:\/\/k9-and-sports.com\/en\/wp-json\/wp\/v2\/comments?post=2669"}],"version-history":[{"count":10,"href":"https:\/\/k9-and-sports.com\/en\/wp-json\/wp\/v2\/pages\/2669\/revisions"}],"predecessor-version":[{"id":5997,"href":"https:\/\/k9-and-sports.com\/en\/wp-json\/wp\/v2\/pages\/2669\/revisions\/5997"}],"wp:attachment":[{"href":"https:\/\/k9-and-sports.com\/en\/wp-json\/wp\/v2\/media?parent=2669"}],"curies":[{"name":"wp","href":"https:\/\/api.w.org\/{rel}","templated":true}]}}