{"id":3,"date":"2023-01-08T19:29:24","date_gmt":"2023-01-08T18:29:24","guid":{"rendered":"http:\/\/k9-and-sports.com\/?page_id=3"},"modified":"2026-01-07T11:03:10","modified_gmt":"2026-01-07T10:03:10","slug":"privacy-policy","status":"publish","type":"page","link":"https:\/\/k9-and-sports.com\/en\/privacy-policy\/","title":{"rendered":"Data Privacy"},"content":{"rendered":"<div data-elementor-type=\"wp-page\" data-elementor-id=\"3\" class=\"elementor elementor-3\" data-elementor-post-type=\"page\">\n\t\t\t\t\t\t<section class=\"elementor-section elementor-top-section elementor-element elementor-element-b8c052c elementor-section-height-min-height elementor-section-boxed elementor-section-height-default elementor-section-items-middle\" data-id=\"b8c052c\" data-element_type=\"section\" data-settings=\"{&quot;background_background&quot;:&quot;classic&quot;}\">\n\t\t\t\t\t\t<div class=\"elementor-container elementor-column-gap-default\">\n\t\t\t\t\t<div class=\"elementor-column elementor-col-100 elementor-top-column elementor-element elementor-element-5beeeb5\" data-id=\"5beeeb5\" data-element_type=\"column\">\n\t\t\t<div class=\"elementor-widget-wrap elementor-element-populated\">\n\t\t\t\t\t\t<div class=\"elementor-element elementor-element-467c750 elementor-invisible elementor-widget elementor-widget-heading\" data-id=\"467c750\" data-element_type=\"widget\" data-settings=\"{&quot;_animation&quot;:&quot;fadeInDown&quot;}\" data-widget_type=\"heading.default\">\n\t\t\t\t<div class=\"elementor-widget-container\">\n\t\t\t\t\t<h1 class=\"elementor-heading-title elementor-size-default\">Data Privacy<\/h1>\t\t\t\t<\/div>\n\t\t\t\t<\/div>\n\t\t\t\t\t<\/div>\n\t\t<\/div>\n\t\t\t\t\t<\/div>\n\t\t<\/section>\n\t\t\t\t<section class=\"elementor-section elementor-top-section elementor-element elementor-element-252432d1 elementor-section-boxed elementor-section-height-default elementor-section-height-default\" data-id=\"252432d1\" data-element_type=\"section\">\n\t\t\t\t\t\t<div class=\"elementor-container elementor-column-gap-default\">\n\t\t\t\t\t<div class=\"elementor-column elementor-col-100 elementor-top-column elementor-element elementor-element-7a5122b1\" data-id=\"7a5122b1\" data-element_type=\"column\">\n\t\t\t<div class=\"elementor-widget-wrap elementor-element-populated\">\n\t\t\t\t\t\t<div class=\"elementor-element elementor-element-61d84947 elementor-widget elementor-widget-text-editor\" data-id=\"61d84947\" data-element_type=\"widget\" data-widget_type=\"text-editor.default\">\n\t\t\t\t<div class=\"elementor-widget-container\">\n\t\t\t\t\t\t\t\t\t<h1>Data Privacy<\/h1><h2>Datenschutzhinweise nach Art. 13 und 21 DSGVO<\/h2><h3>1. Allgemeines<\/h3><p>Wir, K9-and-Sports e.V., nehmen den Schutz Ihrer personenbezogenen Daten und die diesem Schutz dienenden gesetzlichen Verpflichtungen sehr ernst. Die gesetzlichen Vorgaben verlangen umfassende Transparenz \u00fcber die Verarbeitung pers\u00f6nlicher Daten. Nur wenn die Verarbeitung f\u00fcr Sie als betroffene Person nachvollziehbar ist, sind Sie ausreichend \u00fcber den Sinn, Zweck und Umfang der Verarbeitung informiert. Unsere Datenschutzerkl\u00e4rung erkl\u00e4rt Ihnen deshalb ausf\u00fchrlich, welche sog. personenbezogenen Daten von uns bei der Nutzung der Website\u00a0k9-and-sports.com\u00a0und allen hierauf verweisenden anderen Internetseiten verarbeitet werden (Definitionen s. unter 2.).\u00a0<\/p><p>Verantwortlicher im Sinne der Datenschutz-Grundverordnung (DSGVO), des Bundesdatenschutzgesetzes (BDSG) sowie sonstiger datenschutzrechtlicher Vorgaben ist die:<\/p><p>K9andSports e. V.<br \/>\u2013 als gemeinn\u00fctzig anerkannt \u2013<\/p><p>Ludwig-Martini-Stra\u00dfe 9<br \/>86343 K\u00f6nigsbrunn<\/p><p>Vertretungsberechtigter Vorstand:<br \/>Patricia Knabl<br \/>Horst-Dieter Tr\u00e4ger<br \/>Ralf Meins<br \/>Peter Scherk<\/p><p>Registergericht: Amtsgericht Augsburg<br \/>Vereinsregister: VR 202710<\/p><p>Telefon: 08443 9191191<\/p><p>E-Mail: <a>mail@k9-and-sports.com<\/a><\/p><p>\u00a0<\/p><p>Im Folgenden\u00a0\u201eVerantwortlicher\u201c\u00a0oder\u00a0\u201ewir\u201c\u00a0genannt.\u00a0<\/p><p>Bitte beachten Sie, dass Sie \u00fcber Links auf unserer Website zu anderen Internetseiten gelangen k\u00f6nnen, die nicht von uns, sondern von Dritten betrieben werden. Solche Links werden von uns entweder eindeutig gekennzeichnet oder sind durch einen Wechsel in der Adresszeile Ihres Browsers erkennbar. F\u00fcr die Einhaltung der datenschutzrechtlichen Bestimmungen und einen sicheren Umgang mit Ihren personenbezogenen Daten auf diesen von Dritten betriebenen Internetseiten sind wir nicht verantwortlich.<\/p><h3>2. Definitionen<\/h3><h4>2.1. Aus der DSGVO<\/h4><p>Diese Datenschutzerkl\u00e4rung verwendet die Begriffe des Gesetzestextes der DSGVO. Die Begriffsbestimmungen (Art. 4 DSGVO) k\u00f6nnen Sie z.B. unter\u00a0<a href=\"https:\/\/dejure.org\/gesetze\/DSGVO\/4.html\" target=\"_blank\" rel=\"nofollow noopener\">https:\/\/dejure.org\/gesetze\/DSGVO\/4.html<\/a>\u00a0einsehen.<\/p><h4>2.2. Cookie<\/h4><p>Cookies sind Textdateien, die von einer Website auf Ihrem Endger\u00e4t abgelegt bzw. dort ausgelesen werden. Sie enthalten Buchstaben- und Zahlenkombinationen, um z.B. bei einer erneuten Verbindung zur Cookie-setzenden Website den Nutzer und seine Einstellungen wiederzuerkennen, das Eingeloggt-Bleiben in einem Kundenkonto zu erm\u00f6glichen oder ein bestimmtes Nutzungsverhalten statistisch zu analysieren.<\/p><h3>3. Allgemeine Informationen zur Datenverarbeitung<\/h3><p>Wir verarbeiten personenbezogene Daten nur, soweit dies gesetzlich zul\u00e4ssig ist. Eine Weitergabe personenbezogener Daten findet ausschlie\u00dflich in den unten beschriebenen F\u00e4llen (s. unten 4.) statt.<\/p><p>Die personenbezogenen Daten werden gel\u00f6scht oder durch technische und organisatorische Ma\u00dfnahmen (z.B. Pseudonymisierung, Verschl\u00fcsselung) gesch\u00fctzt, sobald der Zweck der Verarbeitung entf\u00e4llt. Dies erfolgt auch dann, wenn eine vorgeschriebene Speicherfrist abl\u00e4uft, es sei denn, dass eine Erforderlichkeit zur weiteren Speicherung der personenbezogenen Daten f\u00fcr einen Vertragsabschluss oder eine Vertragserf\u00fcllung besteht.<\/p><p>Sofern wir nicht gesetzlich zu einer l\u00e4ngeren Speicherung oder einer Weitergabe an Dritte (insbesondere Strafverfolgungsbeh\u00f6rden) verpflichtet sind, h\u00e4ngt die Entscheidung, welche personenbezogenen Daten von uns erhoben werden, wie lange sie gespeichert werden und in welchem Umfang Sie sie ggf. offenlegen m\u00fcssen, davon ab, welche Funktionen der Website Sie im Einzelfall nutzen.<\/p><h3>4. Datenverarbeitung im Zusammenhang mit der Nutzung der Website<\/h3><p>Die Nutzung der Website und ihrer Funktionen erfordert regelm\u00e4\u00dfig die Verarbeitung bestimmter personenbezogenen Daten.<\/p><h4>4.1. Informatorische Nutzung der Website<\/h4><p>Wenn Sie unsere Website aufrufen und rein informatorisch, das hei\u00dft ohne Verwendung von Zusatzfunktionen wie Kontaktformular oder Social Media Plugins, nutzen, werden automatisch personenbezogene Daten von uns erhoben. Hierbei handelt es sich um Verbindungsdaten (z.B. Ger\u00e4te-Informationen, IP-Adressen, URL-Referrer). Diese Informationen werden von Ihrem Browser \u00fcbermittelt, sofern Sie ihn nicht so konfiguriert haben, dass die \u00dcbermittlung der Informationen unterdr\u00fcckt wird.<\/p><h4>4.2. Google CDN (Content Delivery Network)<\/h4><p>Wir verwenden auf unserer Website die JavaScript Bibliotheken Ajax und jQuery, um eine moderne Gestaltung unserer Website zu erm\u00f6glichen. Um die Ladegeschwindigkeit unserer Website zu erh\u00f6hen, verwenden wir das Google CDN, einen Dienst der Google Ireland Limited, Gordon House, Barrow Street, Dublin 4, Irland, wodurch diese JavaScript Bibliotheken geladen werden. Sofern Sie bereits auf anderen Webseiten diese JavaScript Bibliotheken \u00fcber Google CDN heruntergeladen haben, wird lediglich auf eine im Cache befindliche Kopie durch Ihren Browser zur\u00fcckgegriffen. Sollte Ihr Browser keine solche Kopie im Cache gespeichert haben, so werden die JavaScript Bibliotheken \u00fcber unser Google CDN geladen. Dabei wird eine Verbindung zum Google Server aufgebaut, wodurch Ihre IP-Adresse an Google \u00fcbermittelt wird.\u00a0<br \/>Die Nutzung von Google CDN erfolgt zu Zwecken der modernen Gestaltung und der Optimierung der Ladegeschwindigkeiten unserer Website. Dies stellt ein berechtigtes Interesse im Sinne von Art. 6 Abs. 1 Buchst. f DSGVO dar. Ihre IP-Adresse wird von uns erhoben, um die \u00dcbermittlung an Google zu erm\u00f6glichen. Die Datenschutzerkl\u00e4rung von Google finden Sie unter\u00a0<a href=\"https:\/\/policies.google.com\/privacy\" target=\"_blank\" rel=\"nofollow noopener\">https:\/\/policies.google.com\/privacy<\/a>.<\/p><h4>4.3. YouTube<\/h4><p>Teile unserer Website nutzen zur Darstellung von Video-Inhalten die Dienste der Google Ireland Limited, Gordon House, Barrow Street, Dublin 4, Irland, (\u201eYouTube\u201c). Beim Aufruf der entsprechenden Seiten l\u00e4dt Ihr Browser den zur Anzeige des Videos notwendigen Code von YouTube. Zu diesem Zweck muss der von Ihnen verwendete Browser Verbindung zu den Servern von YouTube aufnehmen. Hierdurch erlangt YouTube Kenntnis dar\u00fcber, dass \u00fcber Ihre IP-Adresse unsere Website aufgerufen wurde. Zugleich kann YouTube Cookies auf Ihrem Endger\u00e4t ablegen, sofern Sie nicht die Verwendung von Cookies in Ihrem Browser untersagt haben, oder Cookies auslesen.\u00a0<br \/>Die Nutzung YouTube-Plugins erfolgt zum Zweck einer ansprechenden Gestaltung unserer Website und um die Darstellung von Videoinhalten zu erm\u00f6glichen. Dies stellt ein berechtigtes Interesse im Sinne von Art. 6 Abs. 1 Buchst. f DS-GVO dar.\u00a0<br \/>Ihre IP-Adresse wird von uns erhoben, um die \u00dcbermittlung an YouTube zu erm\u00f6glichen. Sie sind zur Bereitstellung dieser personenbezogenen Daten nicht verpflichtet, eine Nutzung der betroffenen Teile unserer Website ohne die Bereitstellung jedoch nicht m\u00f6glich.\u00a0<br \/>Wenn Sie nicht m\u00f6chten, dass YouTube die \u00fcber unsere Website gesammelten personenbezogenen Daten Ihrem YouTube-Konto zuordnet, m\u00fcssen Sie sich vor Ihrem Besuch unserer Website bei YouTube ausloggen. Weitere Informationen zu YouTube finden Sie unter\u00a0<a href=\"https:\/\/www.youtube.com\/intl\/de\/yt\/about\/\" target=\"_blank\" rel=\"nofollow noopener\">https:\/\/www.youtube.com\/intl\/de\/yt\/about\/<\/a>.\u00a0<br \/>Die Datenschutzerkl\u00e4rung von YouTube finden Sie als Teil der Datenschutzerkl\u00e4rung von Google unter\u00a0<a href=\"https:\/\/policies.google.com\/privacy\" target=\"_blank\" rel=\"nofollow noopener\">https:\/\/policies.google.com\/privacy<\/a>.<\/p><h4>4.4. Google Analytics<\/h4><p>Wenn Sie unsere Website aufrufen, wird zur statistischen Auswertung der Nutzung der Website der Webanalysedienst Google Analytics geladen. Dieser Dienst wird von Google Ireland Limited, Gordon House, Barrow Street, Dublin 4, Irland (\u201eGoogle\u201c) bereitgestellt. Google Analytics verwendet Cookies, die eine Analyse der Benutzung dieser Website erm\u00f6glichen. Durch die Nutzung der Website werden durch die Cookies Informationen erzeugt, die an Google \u00fcbertragen und dort gespeichert werden. Dabei stellen wir durch die Verwendung der Erweiterung \u201eanonymizeIp()&#8220; sicher, dass Google Analytics nur eine gek\u00fcrzte Fassung Ihrer IP-Adresse an Google \u00fcbertr\u00e4gt . Sie k\u00f6nnen die Verwendung von Cookies, die auf Ihrem Endger\u00e4t gespeichert werden und eine Analyse der Benutzung der Website durch Sie erm\u00f6glichen, untersagen.\u00a0<br \/>Die Nutzung von Google Analytics erfolgt zu Zwecken der wirtschaftlichen Optimierung und bedarfsgerechten Gestaltung unserer Website. Dies stellt ein berechtigtes Interesse im Sinne von Art. 6 Abs. 1 Buchst. f DS-GVO dar. Dar\u00fcber hinaus haben wir mit Google einen Vertrag zur Auftragsverarbeitung abgeschlossen und setzen die strengen Vorgaben der deutschen Datenschutzbeh\u00f6rden bei der Nutzung von Google Analytics vollst\u00e4ndig um. Ihre IP-Adresse wird von uns erhoben, um die K\u00fcrzung und danach die \u00dcbermittlung an Google zu erm\u00f6glichen. Sie sind zur Bereitstellung dieser personenbezogenen Daten nicht verpflichtet, eine Nutzung unserer Website ist ohne die Bereitstellung m\u00f6glich. Sie k\u00f6nnen die Bereitstellung dieser personenbezogenen Daten verhindern, indem Sie das AddOn unter\u00a0<a href=\"https:\/\/tools.google.com\/dlpage\/gaoptout?hl=de\" target=\"_blank\" rel=\"nofollow noopener\">https:\/\/tools.google.com\/dlpage\/gaoptout?hl=de<\/a>\u00a0installieren. Weitere Informationen zu Google Analytics finden Sie unter\u00a0<a href=\"http:\/\/www.google.com\/intl\/de_ALL\/analytics\" target=\"_blank\" rel=\"nofollow noopener\">http:\/\/www.google.com\/intl\/de_ALL\/analytics<\/a>. Die Datenschutzerkl\u00e4rung von Google finden Sie unter\u00a0<a href=\"https:\/\/policies.google.com\/privacy\" target=\"_blank\" rel=\"nofollow noopener\">https:\/\/policies.google.com\/privacy<\/a>.<\/p><h4>4.5. Google Adwords Conversion Tracking<\/h4><p>Wir verwenden zur statistischen Erfassung von Marketingkampagnen \u201eGoogle Adwords Conversion Tracking\u201c. Dieser Dienst wird von Google Ireland Limited, Gordon House, Barrow Street, Dublin 4, Irland (\u201eGoogle\u201c) bereitgestellt.<br \/>Dabei wird von Google Adwords ein Cookie auf Ihrem Rechner gesetzt, sofern Sie \u00fcber eine Google-Anzeige auf unsere Website gelangt sind. Diese Cookies verlieren nach 30 Tagen ihre G\u00fcltigkeit und dienen nicht der pers\u00f6nlichen Identifizierung. Besucht der Nutzer bestimmte Seiten der Website des Adwords-Kunden und das Cookie ist noch nicht abgelaufen, k\u00f6nnen Google und wir als Betreiber der Website erkennen, dass der Nutzer auf die Anzeige geklickt hat und zu dieser Seite weitergeleitet wurde. Jeder Adwords-Kunde erh\u00e4lt ein anderes Cookie. Cookies k\u00f6nnen somit nicht \u00fcber die Websites von Adwords-Kunden nachverfolgt werden. Die mithilfe des Conversion-Cookies eingeholten Informationen dienen dazu, Conversion-Statistiken f\u00fcr Adwords-Kunden zu erstellen, die sich f\u00fcr Conversion-Tracking entschieden haben. Die Adwords-Kunden erfahren die Gesamtanzahl der Nutzer, die auf ihre Anzeige geklickt haben und zu einer mit einem Conversion-TrackingTag versehenen Seite weitergeleitet wurden. Sie erhalten jedoch keine Informationen, mit denen sich Nutzer pers\u00f6nlich identifizieren lassen.\u00a0<br \/>Die Nutzung von Google Adwords Conversion Tracking erfolgt zu Zwecken der wirtschaftlichen Optimierung, der bedarfsgerechten Gestaltung unserer Website und der korrekten Abrechnung von durch uns geschaltete Werbekampagnen. Dies stellt ein berechtigtes Interesse im Sinne von Art. 6 Abs. 1 Buchst. f DS-GVO dar.\u00a0<br \/>Wenn Sie nicht an dem Tracking-Verfahren teilnehmen m\u00f6chten, k\u00f6nnen Sie auch das hierf\u00fcr erforderliche Setzen eines Cookies ablehnen \u2013 etwa per Browser-Einstellung, die das automatische Setzen von Cookies generell deaktiviert. Sie k\u00f6nnen Cookies f\u00fcr Conversion-Tracking auch deaktivieren, indem Sie Ihren Browser so einstellen, dass Cookies von der Domain \u201ewww.googleadservices.com\u201c blockiert werden.\u00a0<br \/>Die Datenschutzerkl\u00e4rung von Google finden Sie unter\u00a0<a href=\"https:\/\/policies.google.com\/privacy\" target=\"_blank\" rel=\"nofollow noopener\">https:\/\/policies.google.com\/privacy<\/a>.<\/p><h4>4.6. Google Analytics Remarketing<\/h4><p>Auf unserer Website sind Dienste von Google Remarketing integriert. Bereitgestellt wird der Dienst durch die Google Ireland Limited, Gordon House, Barrow Street, Dublin 4, Irland. Durch diese Technologie werden Nutzer, die diese Website bereits besucht haben, durch zielgerichtete Werbung auf den Seiten des Google Partner Netzwerks erneut angesprochen. Die Integration von Google Remarketing gestattet es uns somit, nutzerbezogene Werbung zu erstellen und dem Internetnutzer interessenrelevante Werbung anzeigen zu lassen.\u00a0<br \/>Google Remarketing setzt ein Cookie auf dem Endger\u00e4t des Besuchers. Mit der Setzung des Cookies wird Google eine Wiedererkennung des Besuchers dieser Website erm\u00f6glicht, wenn dieser in der Folge Internetseiten aufruft, die ebenfalls Mitglied des Google-Werbenetzwerks sind. Mit jedem Aufruf einer Internetseite, auf der Dienst von Google Remarketing integriert wurde, identifiziert sich der Internetbrowser der betroffenen Person automatisch bei Google. Im Rahmen dieses technischen Verfahrens erh\u00e4lt Google Kenntnis \u00fcber personenbezogene Daten, z.B. IP-Adresse, Surfverhalten o.\u00e4., welche Google unter anderem zur Einblendung interessenrelevanter Werbung verwendet.\u00a0<br \/>Mittels des Cookies werden personenbezogene Informationen, beispielsweise die durch die betroffene Person besuchten Internetseiten, gespeichert. Bei jedem Besuch der Internetseiten werden demnach personenbezogene Daten, einschlie\u00dflich der IP-Adresse des von der betroffenen Person genutzten Internetanschlusses, an Google \u00fcbertragen und dort gespeichert.\u00a0<br \/>Die Verarbeitung dieser personenbezogenen Daten erfolgt zu Zwecken der Optimierung unserer Angebote und der individualisierten Werbung. Hierin liegen zugleich unsere berechtigten Interessen, weswegen die Verarbeitung nach Art. 6 Abs. 1 Buchst. f DS-GVO zul\u00e4ssig ist.\u00a0<br \/>Wenn Sie nicht an dem Tracking-Verfahren teilnehmen m\u00f6chten, k\u00f6nnen Sie auch das hierf\u00fcr erforderliche Setzen eines Cookies ablehnen \u2013 etwa per Browser-Einstellung, die das automatische Setzen von Cookies generell deaktiviert.\u00a0<br \/>Weitere Informationen und die geltenden Datenschutzbestimmungen von Google k\u00f6nnen unter\u00a0<a href=\"https:\/\/policies.google.com\/privacy\" target=\"_blank\" rel=\"nofollow noopener\">https:\/\/policies.google.com\/privacy<\/a>abgerufen werden.<\/p><h4>4.7. Kontaktformulare \/ Kontaktaufnahme per E-Mail<\/h4><p>Wenn Sie die Kontaktformulare auf unserer Website nutzen oder uns eine E-Mail schreiben, werden die von Ihnen dort angegebenen personenbezogenen Daten von uns verarbeitet. Diese Informationen werden von Ihrem Browser oder E-Mailclient \u00fcbermittelt und in unseren informationstechnischen Systemen gespeichert. Die Verarbeitung dieser personenbezogenen Daten ist notwendig f\u00fcr die Beantwortung Ihrer Anfrage. Zus\u00e4tzlich werden Ihre IP-Adresse und Datum und Uhrzeit der Kontaktanfrage gespeichert.<\/p><p>Die Datenverarbeitung dient der Beantwortung Ihrer Anfrage und dem Zweck, einen Missbrauch des Kontaktformulars zu verhindern und die Sicherheit unserer informationstechnischen Systeme zu gew\u00e4hrleisten. Diese Verarbeitungen sind rechtm\u00e4\u00dfig, weil die Beantwortung Ihrer Anfrage sowie der Schutz unserer informationstechnischen Systeme berechtigte Interessen im Sinne des Art. 6 Abs. 1 Buchst. f DSGVO darstellen.<\/p><p>Die personenbezogenen Daten werden solange gespeichert, wie dies zur Beantwortung Ihrer Anfrage erforderlich ist. Sollte Ihre Anfrage zu einem sp\u00e4teren Vertragsschluss f\u00fchren, findet eine Speicherung statt solange dies zur Durchf\u00fchrung vorvertraglicher Ma\u00dfnahmen oder zur Erf\u00fcllung des Vertrags erforderlich ist. Danach werden die personenbezogenen Daten gel\u00f6scht. Wir f\u00fchren diese personenbezogenen Daten nicht mit anderen Datenquellen zusammen. Eine Datenweitergabe an Dritte findet nicht statt. Eine \u00dcbermittlung in ein Drittland oder an eine internationale Organisation ist nicht beabsichtigt. Sie sind zur Bereitstellung dieser personenbezogenen Daten nicht verpflichtet, eine Nutzung der Kontaktformulare bzw. der Versand einer E-Mail ist ohne die Bereitstellung jedoch nicht m\u00f6glich.<\/p><h3>5. Betroffenenrechte<\/h3><p>Sie haben als betroffene Person das Recht auf Auskunft nach Art. 15 DSGVO, das Recht auf Berichtigung nach Art. 16 DSGVO, das Recht auf L\u00f6schung nach Art. 17 DSGVO, das Recht auf Einschr\u00e4nkung der Verarbeitung nach Art. 18 DSGVO sowie das Recht auf Daten\u00fcbertragbarkeit nach Art. 20 DSGVO. Beim Auskunftsrecht und beim L\u00f6schungsrecht gelten die Beschr\u00e4nkungen aus \u00a7\u00a7 34, 35 BDSG. Dar\u00fcber hinaus besteht ein Beschwerderecht bei einer Datenschutzaufsichtsbeh\u00f6rde (Art. 77 DSGVO in Verbindung mit \u00a7 19 BDSG).<\/p><h3>6. Automatisierte Entscheidungen im Einzelfall einschlie\u00dflich Profiling<\/h3><p>Automatisierte Entscheidungen im Einzelfall einschlie\u00dflich Profiling erfolgen nicht.<\/p><h3>7. Mitteilungspflichten des Verantwortlichen<\/h3><p>Wir teilen allen Empf\u00e4ngern, denen Ihre personenbezogenen Daten offengelegt wurden, jede Berichtigung oder L\u00f6schung ihrer personenbezogenen Daten oder eine Einschr\u00e4nkung der Verarbeitung nach Art. 16, Art. 17 Abs. 1 und Art. 18 DSGVO mit, es sei denn, die Mitteilung ist unm\u00f6glich oder ist mit einem unverh\u00e4ltnism\u00e4\u00dfigen Aufwand verbunden.<\/p><p>Wir unterrichten Sie \u00fcber die Empf\u00e4nger, wenn Sie dies verlangen.<\/p><h3>8. Widerspruchsrecht<\/h3><p>Sie haben das Recht, aus Gr\u00fcnden, die sich aus Ihrer besonderen Situation ergeben, jederzeit gegen die Verarbeitung der Sie betreffenden personenbezogenen Daten, die aufgrund von Art. 6 Abs. 1 Buchst. e oder f DSGVO erfolgt, Widerspruch einzulegen. Werden personenbezogene Daten verarbeitet, um Direktwerbung zu betreiben, so haben Sie das Recht, jederzeit Wider-spruch gegen die Verarbeitung sie betreffender personenbezogener Daten zum Zwecke derartiger Werbung einzulegen. Der Widerruf kann formfrei erfolgen und ist zu richten an:<\/p><p>K9andSports e. V.<br \/>\u2013 als gemeinn\u00fctzig anerkannt \u2013<\/p><p>Ludwig-Martini-Stra\u00dfe 9<br \/>86343 K\u00f6nigsbrunn<\/p><p>Vertretungsberechtigter Vorstand:<br \/>Patricia Knabl<br \/>Horst-Dieter Tr\u00e4ger<br \/>Ralf Meins<br \/>Peter Scherk<\/p><p>Registergericht: Amtsgericht Augsburg<br \/>Vereinsregister: VR 202710<\/p><p>Telefon: 08443 9191191<\/p><p>E-Mail: <a>mail@k9-and-sports.com<\/a><\/p><p>\u00a0<\/p><h3>9. Recht auf Widerruf der Einwilligung in die Verarbeitung der personenbezogenen Daten<\/h3><p>Sie haben gem\u00e4\u00df Art. 7 Abs. 3 S. 4 DSGVO das Recht, Ihre Einwilligung jederzeit zu widerrufen. Die Rechtm\u00e4\u00dfigkeit der aufgrund der Einwilligung bis zum Widerruf erfolgten Verarbeitung wird hiervon nicht ber\u00fchrt. Damit gilt der Widerruf immer nur f\u00fcr die nach dem Widerruf geplante Verarbeitung. Der Widerruf ist formlos per Post oder E-Mail m\u00f6glich. Legen Sie Widerspruch ein, werden wir Ihre personenbezogenen Daten nicht mehr verarbeiten, es sei denn, eine andere (gesetzliche) Grundlage gestattet dies. Erfolgt jedoch ein Widerruf und es liegt kein anderer Erlaubnistatbestand vor, so m\u00fcssen gem\u00e4\u00df Art. 17 Abs. 2 Buchst. b DSGVO die personenbezogenen Daten auf Ihren Wunsch hin unverz\u00fcglich gel\u00f6scht werden.<br \/>Der Widerruf kann formfrei erfolgen und ist zu richten an:<\/p><p>K9andSports e. V.<br \/>\u2013 als gemeinn\u00fctzig anerkannt \u2013<\/p><p>Ludwig-Martini-Stra\u00dfe 9<br \/>86343 K\u00f6nigsbrunn<\/p><p>Vertretungsberechtigter Vorstand:<br \/>Patricia Knabl<br \/>Horst-Dieter Tr\u00e4ger<br \/>Ralf Meins<br \/>Peter Scherk<\/p><p>Registergericht: Amtsgericht Augsburg<br \/>Vereinsregister: VR 202710<\/p><p>Telefon: 08443 9191191<\/p><p>E-Mail: <a>mail@k9-and-sports.com<\/a><\/p><p>\u00a0<\/p>\t\t\t\t\t\t\t\t<\/div>\n\t\t\t\t<\/div>\n\t\t\t\t\t<\/div>\n\t\t<\/div>\n\t\t\t\t\t<\/div>\n\t\t<\/section>\n\t\t\t\t<\/div>","protected":false},"excerpt":{"rendered":"<p>Datenschutz Datenschutz Datenschutzhinweise nach Art. 13 und 21 DSGVO 1. Allgemeines Wir, K9-and-Sports e.V., nehmen den Schutz Ihrer personenbezogenen Daten und die diesem Schutz dienenden gesetzlichen Verpflichtungen sehr ernst. Die gesetzlichen Vorgaben verlangen umfassende Transparenz \u00fcber die Verarbeitung pers\u00f6nlicher Daten. Nur wenn die Verarbeitung f\u00fcr Sie als betroffene Person nachvollziehbar ist, sind Sie ausreichend \u00fcber [&hellip;]<\/p>","protected":false},"author":1,"featured_media":0,"parent":0,"menu_order":0,"comment_status":"closed","ping_status":"closed","template":"","meta":{"footnotes":""},"class_list":["post-3","page","type-page","status-publish","hentry"],"aioseo_notices":[],"_links":{"self":[{"href":"https:\/\/k9-and-sports.com\/en\/wp-json\/wp\/v2\/pages\/3","targetHints":{"allow":["GET"]}}],"collection":[{"href":"https:\/\/k9-and-sports.com\/en\/wp-json\/wp\/v2\/pages"}],"about":[{"href":"https:\/\/k9-and-sports.com\/en\/wp-json\/wp\/v2\/types\/page"}],"author":[{"embeddable":true,"href":"https:\/\/k9-and-sports.com\/en\/wp-json\/wp\/v2\/users\/1"}],"replies":[{"embeddable":true,"href":"https:\/\/k9-and-sports.com\/en\/wp-json\/wp\/v2\/comments?post=3"}],"version-history":[{"count":10,"href":"https:\/\/k9-and-sports.com\/en\/wp-json\/wp\/v2\/pages\/3\/revisions"}],"predecessor-version":[{"id":5943,"href":"https:\/\/k9-and-sports.com\/en\/wp-json\/wp\/v2\/pages\/3\/revisions\/5943"}],"wp:attachment":[{"href":"https:\/\/k9-and-sports.com\/en\/wp-json\/wp\/v2\/media?parent=3"}],"curies":[{"name":"wp","href":"https:\/\/api.w.org\/{rel}","templated":true}]}}