{"id":4741,"date":"2024-08-19T14:16:06","date_gmt":"2024-08-19T12:16:06","guid":{"rendered":"https:\/\/k9-and-sports.com\/?page_id=4741"},"modified":"2024-08-19T14:18:28","modified_gmt":"2024-08-19T12:18:28","slug":"k9-and-sports-sponsoren","status":"publish","type":"page","link":"https:\/\/k9-and-sports.com\/en\/k9-and-sports-sponsoren\/","title":{"rendered":"Sponsors"},"content":{"rendered":"<div data-elementor-type=\"wp-page\" data-elementor-id=\"4741\" class=\"elementor elementor-4741\" data-elementor-post-type=\"page\">\n\t\t\t\t\t\t<section class=\"elementor-section elementor-top-section elementor-element elementor-element-fab44cb elementor-section-full_width elementor-section-height-min-height elementor-section-height-default elementor-section-items-middle\" data-id=\"fab44cb\" data-element_type=\"section\" data-settings=\"{&quot;background_background&quot;:&quot;classic&quot;}\">\n\t\t\t\t\t\t<div class=\"elementor-container elementor-column-gap-default\">\n\t\t\t\t\t<div class=\"elementor-column elementor-col-100 elementor-top-column elementor-element elementor-element-a865709 elementor-invisible\" data-id=\"a865709\" data-element_type=\"column\" data-settings=\"{&quot;background_background&quot;:&quot;classic&quot;,&quot;animation&quot;:&quot;fadeInUp&quot;}\">\n\t\t\t<div class=\"elementor-widget-wrap elementor-element-populated\">\n\t\t\t\t\t\t<div class=\"elementor-element elementor-element-9231a18 elementor-widget elementor-widget-heading\" data-id=\"9231a18\" data-element_type=\"widget\" data-settings=\"{&quot;_animation&quot;:&quot;none&quot;}\" data-widget_type=\"heading.default\">\n\t\t\t\t<div class=\"elementor-widget-container\">\n\t\t\t\t\t<h1 class=\"elementor-heading-title elementor-size-default\">sponsoren<\/h1>\t\t\t\t<\/div>\n\t\t\t\t<\/div>\n\t\t\t\t\t<\/div>\n\t\t<\/div>\n\t\t\t\t\t<\/div>\n\t\t<\/section>\n\t\t\t\t<section class=\"elementor-section elementor-top-section elementor-element elementor-element-eb2aadc elementor-section-boxed elementor-section-height-default elementor-section-height-default elementor-invisible\" data-id=\"eb2aadc\" data-element_type=\"section\" data-settings=\"{&quot;animation&quot;:&quot;bounceInUp&quot;}\">\n\t\t\t\t\t\t<div class=\"elementor-container elementor-column-gap-default\">\n\t\t\t\t\t<div class=\"elementor-column elementor-col-100 elementor-top-column elementor-element elementor-element-e3f709b\" data-id=\"e3f709b\" data-element_type=\"column\">\n\t\t\t<div class=\"elementor-widget-wrap elementor-element-populated\">\n\t\t\t\t\t\t<div class=\"elementor-element elementor-element-3879455 elementor-widget__width-initial elementor-position-top elementor-widget elementor-widget-image-box\" data-id=\"3879455\" data-element_type=\"widget\" data-widget_type=\"image-box.default\">\n\t\t\t\t<div class=\"elementor-widget-container\">\n\t\t\t\t\t<div class=\"elementor-image-box-wrapper\"><figure class=\"elementor-image-box-img\"><img decoding=\"async\" width=\"300\" height=\"76\" src=\"https:\/\/k9-and-sports.com\/wp-content\/uploads\/2023\/09\/2022_Sprenger_Logo_Horizontal_Black-300x76.png\" class=\"attachment-medium size-medium wp-image-3464\" alt=\"\" srcset=\"https:\/\/k9-and-sports.com\/wp-content\/uploads\/2023\/09\/2022_Sprenger_Logo_Horizontal_Black-300x76.png 300w, https:\/\/k9-and-sports.com\/wp-content\/uploads\/2023\/09\/2022_Sprenger_Logo_Horizontal_Black-768x194.png 768w, https:\/\/k9-and-sports.com\/wp-content\/uploads\/2023\/09\/2022_Sprenger_Logo_Horizontal_Black-18x5.png 18w, https:\/\/k9-and-sports.com\/wp-content\/uploads\/2023\/09\/2022_Sprenger_Logo_Horizontal_Black.png 928w\" sizes=\"(max-width: 300px) 100vw, 300px\" \/><\/figure><div class=\"elementor-image-box-content\"><h3 class=\"elementor-image-box-title\"><span><h2 class=\"qrShPb pXs6bb PZPZlf q8U8x aTI8gc hNKfZe\" data-dtype=\"d3ifr\" data-local-attribute=\"d3bn\" data-attrid=\"title\" data-ved=\"2ahUKEwjrg4uThIGIAxXISvEDHbn_CuEQ3B0oAHoECEYQAQ\"><span>Herm. Sprenger Metallwarenfabrik GmbH &amp; Co. KG<\/span><\/h2><\/span><\/h3><\/div><\/div>\t\t\t\t<\/div>\n\t\t\t\t<\/div>\n\t\t\t\t\t<\/div>\n\t\t<\/div>\n\t\t\t\t\t<\/div>\n\t\t<\/section>\n\t\t\t\t<section class=\"elementor-section elementor-top-section elementor-element elementor-element-e1d61cd elementor-section-boxed elementor-section-height-default elementor-section-height-default elementor-invisible\" data-id=\"e1d61cd\" data-element_type=\"section\" data-settings=\"{&quot;animation&quot;:&quot;fadeIn&quot;}\">\n\t\t\t\t\t\t<div class=\"elementor-container elementor-column-gap-default\">\n\t\t\t\t\t<div class=\"elementor-column elementor-col-100 elementor-top-column elementor-element elementor-element-38ca88b\" data-id=\"38ca88b\" data-element_type=\"column\">\n\t\t\t<div class=\"elementor-widget-wrap elementor-element-populated\">\n\t\t\t\t\t\t<div class=\"elementor-element elementor-element-0806aef elementor-widget elementor-widget-text-editor\" data-id=\"0806aef\" data-element_type=\"widget\" data-widget_type=\"text-editor.default\">\n\t\t\t\t<div class=\"elementor-widget-container\">\n\t\t\t\t\t\t\t\t\t<p>Sprenger, ein renommierter Hersteller von Hundehalsketten, Equestrian-Sport- und Segelprodukten, unterst\u00fctzt K9andSports als stolzer Sponsor. Das Engagement von Sprenger im Hundesportbereich ist tief verwurzelt, und die Entscheidung, K9andSports zu unterst\u00fctzen, kommt nicht von ungef\u00e4hr.<br \/><br \/>Der \u00fcberraschende Beschluss des Bundesrats zur Ver\u00e4nderung der TierSchHuV im Jahr 2021 l\u00f6ste viele Diskussionen aus und stellte die Arbeitsweise des Gebrauchshundesports in Frage.<br \/><br \/>Dies war f\u00fcr Sprenger, dessen Produkte im Hundetraining und bei Pr\u00fcfungen weit verbreitet sind, ein bedeutendes Thema.<br \/><br \/>Gregor von Schweikert brachte Sprenger die Ziele und die Fachkompetenz der von K9andSports n\u00e4her. Die Reichweite und Akzeptanz von K9andSports in der Branche und bei Beh\u00f6rden sowie das schnelle Wachstum der Supporter-Zahl beeindruckten Sprenger zutiefst.<br \/><br \/>Neben einem wirtschaftlichen Interesse am Fortbestand des Gebrauchshundesports sieht Sprenger in ihrem Sponsoring eine M\u00f6glichkeit, hervorragende gemeinn\u00fctzige Arbeit zu unterst\u00fctzen und die Akzeptanz des Hundesports in der Gesellschaft zu erh\u00f6hen.<br \/><br \/>Sprenger ist seit vielen Jahren eng mit dem Hundesport verbunden. Ihre Hundehalsketten, die in Deutschland produziert werden, genie\u00dfen h\u00f6chste Produktsicherheit und Qualit\u00e4tsstandards. Diese Ketten tragen wesentlich zur Verbesserung der Leistungen und Sicherheit im Hundesport bei. Der kontinuierliche Austausch mit Kunden und die intensivere Arbeit an der Basis, unterst\u00fctzt durch K9andSports, zeigen Sprengers tiefes Engagement im Hundesport.<br \/><br \/>In der Produktentwicklung legt Sprenger gro\u00dfen Wert auf Innovation und Technologie. Durch eigens abgestimmte Fertigungsverfahren und Maschinen sowie kontinuierliche Schulung der Mitarbeiter gew\u00e4hrleistet Sprenger die hohen Anforderungen und Standards im Hundesport. Sprenger befindet sich in einem permanenten Prozess der Produktneuentwicklung und -verbesserung, um den Sportlern verl\u00e4ssliche und sichere Produkte zur Verf\u00fcgung zu stellen.<br \/><br \/>Zuk\u00fcnftig wird Sprenger dem Hundesport treu bleiben und weiterhin an der Produktentwicklung arbeiten, um die hohen Qualit\u00e4ts- und Sicherheitsanspr\u00fcche zu erf\u00fcllen. W\u00e4hrend aktuell keine weiteren Partnerschaften geplant sind, bleibt die Zusammenarbeit mit K9andSports ein hervorragendes Beispiel f\u00fcr das Engagement von Sprenger im Hundesport. <br \/><br \/><\/p>\t\t\t\t\t\t\t\t<\/div>\n\t\t\t\t<\/div>\n\t\t\t\t\t<\/div>\n\t\t<\/div>\n\t\t\t\t\t<\/div>\n\t\t<\/section>\n\t\t\t\t<section class=\"elementor-section elementor-top-section elementor-element elementor-element-67bd3e7 elementor-section-boxed elementor-section-height-default elementor-section-height-default\" data-id=\"67bd3e7\" data-element_type=\"section\">\n\t\t\t\t\t\t<div class=\"elementor-container elementor-column-gap-default\">\n\t\t\t\t\t<div class=\"elementor-column elementor-col-100 elementor-top-column elementor-element elementor-element-8556b24\" data-id=\"8556b24\" data-element_type=\"column\">\n\t\t\t<div class=\"elementor-widget-wrap elementor-element-populated\">\n\t\t\t\t\t\t<div class=\"elementor-element elementor-element-abc7403 elementor-position-top elementor-widget elementor-widget-image-box\" data-id=\"abc7403\" data-element_type=\"widget\" data-widget_type=\"image-box.default\">\n\t\t\t\t<div class=\"elementor-widget-container\">\n\t\t\t\t\t<div class=\"elementor-image-box-wrapper\"><figure class=\"elementor-image-box-img\"><img fetchpriority=\"high\" decoding=\"async\" width=\"300\" height=\"240\" src=\"https:\/\/k9-and-sports.com\/wp-content\/uploads\/2024\/05\/Logo-Ledin_ohne_PM_page-0001-300x240.jpg\" class=\"attachment-medium size-medium wp-image-4744\" alt=\"\" \/><\/figure><div class=\"elementor-image-box-content\"><h3 class=\"elementor-image-box-title\">Ledin Print &amp; Mediacenter GmbH<\/h3><\/div><\/div>\t\t\t\t<\/div>\n\t\t\t\t<\/div>\n\t\t\t\t<div class=\"elementor-element elementor-element-6ce102f elementor-widget elementor-widget-text-editor\" data-id=\"6ce102f\" data-element_type=\"widget\" data-widget_type=\"text-editor.default\">\n\t\t\t\t<div class=\"elementor-widget-container\">\n\t\t\t\t\t\t\t\t\t<p style=\"text-align: left;\">Tayfun Ledin, Inhaber der Ledin Print &amp; Mediacenter GmbH in Gaimersheim, f\u00fchrt das Unternehmen in der zweiten Generation mit \u00fcber 75 Angestellten.<\/p><p style=\"text-align: left;\">Seit seiner Kindheit tr\u00e4umte er von einem Dobermann und erf\u00fcllte sich diesen Wunsch letztes Jahr. Durch seine Trainerin Diana St\u00f6tter aus Ingolstadt entdeckte er seine Leidenschaft f\u00fcr den Hundesport.&nbsp;<\/p><p style=\"text-align: left;\">Nach der ersten Trainingseinheit im Schutzdienst war er sofort begeistert. Intensive Trainingsstunden f\u00fchrten zu einer tiefen Bindung zwischen ihm und seinem Hund. Sein Dobermann ist nun ein zuverl\u00e4ssiger Begleiter in allen Lebenslagen.&nbsp;<\/p><p style=\"text-align: left;\">Bei IQ Dogsport fand er als Neuling Unterst\u00fctzung und entdeckte den Zusammenhalt und Austausch unter Hundesportlern. Eine Instagram-Kampagne gegen das Verbot von Hundesport in \u00d6sterreich machte ihn auf K9 and Sports aufmerksam.&nbsp;<\/p><p style=\"text-align: left;\">Nun m\u00f6chte er als Sponsor K9 and Sports unterst\u00fctzen, da er Hundesport als essenziell f\u00fcr das Wohlbefinden und die artgerechte Haltung von Gebrauchshunden sieht.<\/p>\t\t\t\t\t\t\t\t<\/div>\n\t\t\t\t<\/div>\n\t\t\t\t\t<\/div>\n\t\t<\/div>\n\t\t\t\t\t<\/div>\n\t\t<\/section>\n\t\t\t\t<\/div>","protected":false},"excerpt":{"rendered":"<p>sponsoren Herm. Sprenger Metallwarenfabrik GmbH &amp; Co. KG Sprenger, ein renommierter Hersteller von Hundehalsketten, Equestrian-Sport- und Segelprodukten, unterst\u00fctzt K9andSports als stolzer Sponsor. Das Engagement von Sprenger im Hundesportbereich ist tief verwurzelt, und die Entscheidung, K9andSports zu unterst\u00fctzen, kommt nicht von ungef\u00e4hr. Der \u00fcberraschende Beschluss des Bundesrats zur Ver\u00e4nderung der TierSchHuV im Jahr 2021 l\u00f6ste viele [&hellip;]<\/p>","protected":false},"author":8,"featured_media":0,"parent":0,"menu_order":0,"comment_status":"closed","ping_status":"closed","template":"","meta":{"footnotes":""},"class_list":["post-4741","page","type-page","status-publish","hentry"],"aioseo_notices":[],"_links":{"self":[{"href":"https:\/\/k9-and-sports.com\/en\/wp-json\/wp\/v2\/pages\/4741","targetHints":{"allow":["GET"]}}],"collection":[{"href":"https:\/\/k9-and-sports.com\/en\/wp-json\/wp\/v2\/pages"}],"about":[{"href":"https:\/\/k9-and-sports.com\/en\/wp-json\/wp\/v2\/types\/page"}],"author":[{"embeddable":true,"href":"https:\/\/k9-and-sports.com\/en\/wp-json\/wp\/v2\/users\/8"}],"replies":[{"embeddable":true,"href":"https:\/\/k9-and-sports.com\/en\/wp-json\/wp\/v2\/comments?post=4741"}],"version-history":[{"count":10,"href":"https:\/\/k9-and-sports.com\/en\/wp-json\/wp\/v2\/pages\/4741\/revisions"}],"predecessor-version":[{"id":4954,"href":"https:\/\/k9-and-sports.com\/en\/wp-json\/wp\/v2\/pages\/4741\/revisions\/4954"}],"wp:attachment":[{"href":"https:\/\/k9-and-sports.com\/en\/wp-json\/wp\/v2\/media?parent=4741"}],"curies":[{"name":"wp","href":"https:\/\/api.w.org\/{rel}","templated":true}]}}