{"id":6162,"date":"2026-03-10T13:20:50","date_gmt":"2026-03-10T12:20:50","guid":{"rendered":"https:\/\/k9-and-sports.com\/?page_id=6162"},"modified":"2026-04-02T10:47:23","modified_gmt":"2026-04-02T08:47:23","slug":"foerdermitglied-werden","status":"publish","type":"page","link":"https:\/\/k9-and-sports.com\/en\/foerdermitglied-werden\/","title":{"rendered":"F\u00f6rdermitglied werden"},"content":{"rendered":"<div data-elementor-type=\"wp-page\" data-elementor-id=\"6162\" class=\"elementor elementor-6162\" data-elementor-post-type=\"page\">\n\t\t\t\t\t\t<section class=\"elementor-section elementor-top-section elementor-element elementor-element-55e7e87c elementor-section-full_width elementor-section-height-min-height elementor-section-height-default elementor-section-items-middle\" data-id=\"55e7e87c\" data-element_type=\"section\" data-settings=\"{&quot;background_background&quot;:&quot;classic&quot;,&quot;background_motion_fx_motion_fx_scrolling&quot;:&quot;yes&quot;,&quot;background_motion_fx_scale_effect&quot;:&quot;yes&quot;,&quot;background_motion_fx_scale_speed&quot;:{&quot;unit&quot;:&quot;px&quot;,&quot;size&quot;:&quot;2&quot;,&quot;sizes&quot;:[]},&quot;background_motion_fx_translateY_effect&quot;:&quot;yes&quot;,&quot;motion_fx_motion_fx_scrolling&quot;:&quot;yes&quot;,&quot;background_motion_fx_translateY_speed&quot;:{&quot;unit&quot;:&quot;px&quot;,&quot;size&quot;:4,&quot;sizes&quot;:[]},&quot;background_motion_fx_translateY_affectedRange&quot;:{&quot;unit&quot;:&quot;%&quot;,&quot;size&quot;:&quot;&quot;,&quot;sizes&quot;:{&quot;start&quot;:0,&quot;end&quot;:100}},&quot;background_motion_fx_scale_direction&quot;:&quot;out-in&quot;,&quot;background_motion_fx_scale_range&quot;:{&quot;unit&quot;:&quot;%&quot;,&quot;size&quot;:&quot;&quot;,&quot;sizes&quot;:{&quot;start&quot;:20,&quot;end&quot;:80}},&quot;background_motion_fx_devices&quot;:[&quot;desktop&quot;,&quot;tablet&quot;,&quot;mobile&quot;],&quot;motion_fx_devices&quot;:[&quot;desktop&quot;,&quot;tablet&quot;,&quot;mobile&quot;]}\">\n\t\t\t\t\t\t\t<div class=\"elementor-background-overlay\"><\/div>\n\t\t\t\t\t\t\t<div class=\"elementor-container elementor-column-gap-default\">\n\t\t\t\t\t<div class=\"elementor-column elementor-col-100 elementor-top-column elementor-element elementor-element-eae3906 elementor-invisible\" data-id=\"eae3906\" data-element_type=\"column\" data-settings=\"{&quot;background_background&quot;:&quot;classic&quot;,&quot;animation&quot;:&quot;fadeInUp&quot;}\">\n\t\t\t<div class=\"elementor-widget-wrap elementor-element-populated\">\n\t\t\t\t\t\t<div class=\"elementor-element elementor-element-db916c4 elementor-widget__width-inherit elementor-invisible elementor-widget elementor-widget-heading\" data-id=\"db916c4\" data-element_type=\"widget\" data-settings=\"{&quot;_animation&quot;:&quot;fadeInDown&quot;}\" data-widget_type=\"heading.default\">\n\t\t\t\t<div class=\"elementor-widget-container\">\n\t\t\t\t\t<h1 class=\"elementor-heading-title elementor-size-default\">F\u00f6rdermitgliedschaft<\/h1>\t\t\t\t<\/div>\n\t\t\t\t<\/div>\n\t\t\t\t\t<\/div>\n\t\t<\/div>\n\t\t\t\t\t<\/div>\n\t\t<\/section>\n\t\t\t\t<section class=\"elementor-section elementor-top-section elementor-element elementor-element-d21f82d elementor-section-boxed elementor-section-height-default elementor-section-height-default\" data-id=\"d21f82d\" data-element_type=\"section\">\n\t\t\t\t\t\t<div class=\"elementor-container elementor-column-gap-default\">\n\t\t\t\t\t<div class=\"elementor-column elementor-col-100 elementor-top-column elementor-element elementor-element-a8e19b2\" data-id=\"a8e19b2\" data-element_type=\"column\">\n\t\t\t<div class=\"elementor-widget-wrap elementor-element-populated\">\n\t\t\t\t\t\t<div class=\"elementor-element elementor-element-c6c2410 elementor-align-center elementor-widget elementor-widget-button\" data-id=\"c6c2410\" data-element_type=\"widget\" data-widget_type=\"button.default\">\n\t\t\t\t<div class=\"elementor-widget-container\">\n\t\t\t\t\t\t\t\t\t<div class=\"elementor-button-wrapper\">\n\t\t\t\t\t<a class=\"elementor-button elementor-button-link elementor-size-sm\" href=\"#foerdermitglied-antrag\">\n\t\t\t\t\t\t<span class=\"elementor-button-content-wrapper\">\n\t\t\t\t\t\t\t\t\t<span class=\"elementor-button-text\">Direkt zum Antrag<\/span>\n\t\t\t\t\t<\/span>\n\t\t\t\t\t<\/a>\n\t\t\t\t<\/div>\n\t\t\t\t\t\t\t\t<\/div>\n\t\t\t\t<\/div>\n\t\t\t\t<div class=\"elementor-element elementor-element-846607d elementor-widget elementor-widget-text-editor\" data-id=\"846607d\" data-element_type=\"widget\" data-widget_type=\"text-editor.default\">\n\t\t\t\t<div class=\"elementor-widget-container\">\n\t\t\t\t\t\t\t\t\t<h2 style=\"text-align: left;\" data-section-id=\"1ygkrik\" data-start=\"251\" data-end=\"274\">F\u00f6rdermitgliedschaft:<\/h2><p style=\"text-align: left;\" data-start=\"276\" data-end=\"562\">Die Arbeit von K9andSports lebt von Menschen, die sich f\u00fcr die Zukunft des Gebrauchshundes einsetzen. Mit einer F\u00f6rdermitgliedschaft unterst\u00fctzt du unsere Projekte und Aktivit\u00e4ten \u2013 und hilfst dabei, Austausch, Forschung, Nachwuchsf\u00f6rderung und \u00f6ffentliche Aufkl\u00e4rung weiter auszubauen.<\/p><p style=\"text-align: left;\" data-start=\"564\" data-end=\"699\">Als F\u00f6rdermitglied tr\u00e4gst du dazu bei, dass wir unsere Arbeit unabh\u00e4ngig und langfristig fortsetzen k\u00f6nnen. Dazu geh\u00f6ren unter anderem:<\/p><ul style=\"text-align: left;\" data-start=\"701\" data-end=\"927\"><li data-section-id=\"t8w9k8\" data-start=\"701\" data-end=\"754\"><p data-start=\"703\" data-end=\"754\">internationale Nachwuchs- und Ausbildungsprojekte<\/p><\/li><li data-section-id=\"10e08q2\" data-start=\"755\" data-end=\"821\"><p data-start=\"757\" data-end=\"821\">Veranstaltungen und Austauschformate zwischen Sport und Dienst<\/p><\/li><li data-section-id=\"2ygjrz\" data-start=\"822\" data-end=\"870\"><p data-start=\"824\" data-end=\"870\">\u00d6ffentlichkeitsarbeit rund um Gebrauchshunde<\/p><\/li><li data-section-id=\"2o9mo\" data-start=\"871\" data-end=\"927\"><p data-start=\"873\" data-end=\"927\">Zusammenarbeit mit Wissenschaft, Verb\u00e4nden und Politik<\/p><\/li><\/ul><p style=\"text-align: left;\" data-start=\"929\" data-end=\"1105\">Jede Unterst\u00fctzung hilft, den Gebrauchshund als leistungsf\u00e4higen, gesunden und verantwortungsvoll ausgebildeten Partner in Sport, Alltag und Einsatz auch in Zukunft zu sichern.<\/p>\t\t\t\t\t\t\t\t<\/div>\n\t\t\t\t<\/div>\n\t\t\t\t\t<\/div>\n\t\t<\/div>\n\t\t\t\t\t<\/div>\n\t\t<\/section>\n\t\t\t\t<section class=\"elementor-section elementor-top-section elementor-element elementor-element-9cd651c elementor-section-boxed elementor-section-height-default elementor-section-height-default\" data-id=\"9cd651c\" data-element_type=\"section\" id=\"foerdermitglied-antrag\" data-settings=\"{&quot;background_background&quot;:&quot;classic&quot;}\">\n\t\t\t\t\t\t<div class=\"elementor-container elementor-column-gap-default\">\n\t\t\t\t\t<div class=\"elementor-column elementor-col-100 elementor-top-column elementor-element elementor-element-111df757\" data-id=\"111df757\" data-element_type=\"column\">\n\t\t\t<div class=\"elementor-widget-wrap elementor-element-populated\">\n\t\t\t\t\t\t<div class=\"elementor-element elementor-element-635d242 elementor-widget elementor-widget-text-editor\" data-id=\"635d242\" data-element_type=\"widget\" data-widget_type=\"text-editor.default\">\n\t\t\t\t<div class=\"elementor-widget-container\">\n\t\t\t\t\t\t\t\t\t<h2 style=\"text-align: center;\"><span style=\"color: #000000;\">So wirst du F\u00f6rdermitglied:<\/span><\/h2><ol><li>Lade den <strong data-start=\"1155\" data-end=\"1190\">Antrag auf F\u00f6rdermitgliedschaft<\/strong> herunter.<\/li><li>F\u00fclle das Formular vollst\u00e4ndig aus und unterschreibe es.<\/li><li>Sende den unterschriebenen Antrag per E-Mail an: <a href=\"mailto:mail@k9-and-sports.com\">mail@k9-and-sports.com<\/a><\/li><li style=\"font-size: 16px; line-height: 1.6;\">Nach Eingang melden wir uns mit einer Best\u00e4tigung bei dir.<\/li><\/ol><p style=\"text-align: center;\"><span style=\"text-decoration: underline;\"><strong><span style=\"color: #000000; text-decoration: underline;\">Hinweis: Die Abbuchung des Betrags erfolgt 1x j\u00e4hrlich<\/span><\/strong><\/span><\/p>\t\t\t\t\t\t\t\t<\/div>\n\t\t\t\t<\/div>\n\t\t\t\t\t<\/div>\n\t\t<\/div>\n\t\t\t\t\t<\/div>\n\t\t<\/section>\n\t\t\t\t<section class=\"elementor-section elementor-top-section elementor-element elementor-element-7a33118 elementor-section-boxed elementor-section-height-default elementor-section-height-default\" data-id=\"7a33118\" data-element_type=\"section\">\n\t\t\t\t\t\t<div class=\"elementor-container elementor-column-gap-default\">\n\t\t\t\t\t<div class=\"elementor-column elementor-col-50 elementor-top-column elementor-element elementor-element-f0131c1\" data-id=\"f0131c1\" data-element_type=\"column\">\n\t\t\t<div class=\"elementor-widget-wrap elementor-element-populated\">\n\t\t\t\t\t\t<div class=\"elementor-element elementor-element-2ba75cd elementor-view-default elementor-widget elementor-widget-icon\" data-id=\"2ba75cd\" data-element_type=\"widget\" data-widget_type=\"icon.default\">\n\t\t\t\t<div class=\"elementor-widget-container\">\n\t\t\t\t\t\t\t<div class=\"elementor-icon-wrapper\">\n\t\t\t<div class=\"elementor-icon\">\n\t\t\t<i aria-hidden=\"true\" class=\"fas fa-file-pdf\"><\/i>\t\t\t<\/div>\n\t\t<\/div>\n\t\t\t\t\t\t<\/div>\n\t\t\t\t<\/div>\n\t\t\t\t\t<\/div>\n\t\t<\/div>\n\t\t\t\t<div class=\"elementor-column elementor-col-50 elementor-top-column elementor-element elementor-element-b60ca40\" data-id=\"b60ca40\" data-element_type=\"column\">\n\t\t\t<div class=\"elementor-widget-wrap elementor-element-populated\">\n\t\t\t\t\t\t<div class=\"elementor-element elementor-element-a26ac6b elementor-widget elementor-widget-text-editor\" data-id=\"a26ac6b\" data-element_type=\"widget\" data-widget_type=\"text-editor.default\">\n\t\t\t\t<div class=\"elementor-widget-container\">\n\t\t\t\t\t\t\t\t\t<h5><a href=\"https:\/\/k9-and-sports.com\/wp-content\/uploads\/2026\/04\/Foerdermitgliedschaft-Formular-K9.pdf\">K9andSports F\u00f6rdermitgliedschaft.pdf (Stand 10.03.2026) &#8211; Anklicken &amp; Herunterladen<\/a><\/h5>\t\t\t\t\t\t\t\t<\/div>\n\t\t\t\t<\/div>\n\t\t\t\t\t<\/div>\n\t\t<\/div>\n\t\t\t\t\t<\/div>\n\t\t<\/section>\n\t\t\t\t<\/div>","protected":false},"excerpt":{"rendered":"<p>F\u00f6rdermitgliedschaft Direkt zum Antrag F\u00f6rdermitgliedschaft: Die Arbeit von K9andSports lebt von Menschen, die sich f\u00fcr die Zukunft des Gebrauchshundes einsetzen. Mit einer F\u00f6rdermitgliedschaft unterst\u00fctzt du unsere Projekte und Aktivit\u00e4ten \u2013 und hilfst dabei, Austausch, Forschung, Nachwuchsf\u00f6rderung und \u00f6ffentliche Aufkl\u00e4rung weiter auszubauen. Als F\u00f6rdermitglied tr\u00e4gst du dazu bei, dass wir unsere Arbeit unabh\u00e4ngig und langfristig fortsetzen [&hellip;]<\/p>","protected":false},"author":8,"featured_media":0,"parent":0,"menu_order":0,"comment_status":"closed","ping_status":"closed","template":"","meta":{"footnotes":""},"class_list":["post-6162","page","type-page","status-publish","hentry"],"aioseo_notices":[],"_links":{"self":[{"href":"https:\/\/k9-and-sports.com\/en\/wp-json\/wp\/v2\/pages\/6162","targetHints":{"allow":["GET"]}}],"collection":[{"href":"https:\/\/k9-and-sports.com\/en\/wp-json\/wp\/v2\/pages"}],"about":[{"href":"https:\/\/k9-and-sports.com\/en\/wp-json\/wp\/v2\/types\/page"}],"author":[{"embeddable":true,"href":"https:\/\/k9-and-sports.com\/en\/wp-json\/wp\/v2\/users\/8"}],"replies":[{"embeddable":true,"href":"https:\/\/k9-and-sports.com\/en\/wp-json\/wp\/v2\/comments?post=6162"}],"version-history":[{"count":10,"href":"https:\/\/k9-and-sports.com\/en\/wp-json\/wp\/v2\/pages\/6162\/revisions"}],"predecessor-version":[{"id":6547,"href":"https:\/\/k9-and-sports.com\/en\/wp-json\/wp\/v2\/pages\/6162\/revisions\/6547"}],"wp:attachment":[{"href":"https:\/\/k9-and-sports.com\/en\/wp-json\/wp\/v2\/media?parent=6162"}],"curies":[{"name":"wp","href":"https:\/\/api.w.org\/{rel}","templated":true}]}}