{"id":6202,"date":"2026-03-13T19:08:29","date_gmt":"2026-03-13T18:08:29","guid":{"rendered":"https:\/\/k9-and-sports.com\/?page_id=6202"},"modified":"2026-04-12T11:51:38","modified_gmt":"2026-04-12T09:51:38","slug":"academy","status":"publish","type":"page","link":"https:\/\/k9-and-sports.com\/en\/academy\/","title":{"rendered":"IGP Youngstars Academy &#8211; Startseite"},"content":{"rendered":"<div data-elementor-type=\"wp-page\" data-elementor-id=\"6202\" class=\"elementor elementor-6202\" data-elementor-post-type=\"page\">\n\t\t\t\t<div class=\"elementor-element elementor-element-3ac0819b e-flex e-con-boxed e-con e-parent\" data-id=\"3ac0819b\" data-element_type=\"container\" data-settings=\"{&quot;background_background&quot;:&quot;classic&quot;}\">\n\t\t\t\t\t<div class=\"e-con-inner\">\n\t\t\t\t<div class=\"elementor-element elementor-element-43d4d15 elementor-widget elementor-widget-heading\" data-id=\"43d4d15\" data-element_type=\"widget\" data-widget_type=\"heading.default\">\n\t\t\t\t<div class=\"elementor-widget-container\">\n\t\t\t\t\t<h2 class=\"elementor-heading-title elementor-size-default\"><div style=\"text-align: center;color: #444;font-family: 'Roboto', sans-serif\">\n  <h1 style=\"font-family: 'Roboto', sans-serif;color: #444;font-size: 35px;font-weight: bold;margin-bottom: 10px\">\n    IGP Youngstars Academy\n  <\/h1>\n  <h2 style=\"font-family: 'Roboto', sans-serif;color: #444;font-size: 24px;font-weight: bold;margin-bottom: 15px\">\n    Deutschlands Trainingsplattform f\u00fcr jugendliche Hundef\u00fchrer\n  <\/h2>\n  <h5 style=\"font-family: 'Roboto', sans-serif;color: #444;font-size: 18px;line-height: 1.5;font-weight: medium\">\n    Trainiere gemeinsam mit anderen motivierten Jugendlichen, entwickle dich weiter und werde Teil einer starken Nachwuchs-Community im Gebrauchshundesport.\n  <\/h5>\n<\/div><\/h2>\t\t\t\t<\/div>\n\t\t\t\t<\/div>\n\t\t\t\t\t<\/div>\n\t\t\t\t<\/div>\n\t\t<div class=\"elementor-element elementor-element-2d287766 e-flex e-con-boxed e-con e-parent\" data-id=\"2d287766\" data-element_type=\"container\" data-settings=\"{&quot;background_background&quot;:&quot;classic&quot;}\">\n\t\t\t\t\t<div class=\"e-con-inner\">\n\t\t\t\t<div class=\"elementor-element elementor-element-32a7e54d elementor-widget elementor-widget-html\" data-id=\"32a7e54d\" data-element_type=\"widget\" data-widget_type=\"html.default\">\n\t\t\t\t<div class=\"elementor-widget-container\">\n\t\t\t\t\t<div class=\"tv-wrapper\">\n  <div class=\"tv-container\">\n    <img decoding=\"async\" src=\"https:\/\/igp-youngstars.de\/wp-content\/uploads\/2026\/02\/59944_trans-scaled-e1771593919801.png\" alt=\"TV\" class=\"tv-image\">\n\n    <div class=\"tv-screen\">\n      <iframe\n        src=\"https:\/\/www.youtube.com\/embed\/vNJrIWaYoy8\"\n        allowfullscreen>\n      <\/iframe>\n    <\/div>\n\n  <\/div>\n<\/div>\t\t\t\t<\/div>\n\t\t\t\t<\/div>\n\t\t\t\t\t<\/div>\n\t\t\t\t<\/div>\n\t\t<div class=\"elementor-element elementor-element-37333e56 e-flex e-con-boxed e-con e-parent\" data-id=\"37333e56\" data-element_type=\"container\" data-settings=\"{&quot;background_background&quot;:&quot;classic&quot;}\">\n\t\t\t\t\t<div class=\"e-con-inner\">\n\t\t\t\t<div class=\"elementor-element elementor-element-3da10ba2 elementor-widget elementor-widget-heading\" data-id=\"3da10ba2\" data-element_type=\"widget\" data-widget_type=\"heading.default\">\n\t\t\t\t<div class=\"elementor-widget-container\">\n\t\t\t\t\t<h2 class=\"elementor-heading-title elementor-size-default\"><h4 style=\"font-family: 'Roboto', sans-serif;text-align: center;color: #444;font-weight: bold;line-height: 1.3\">\n  Bundesweite IGP-Trainingstage f\u00fcr jugendliche Hundef\u00fchrer \u2013 unabh\u00e4ngig von Verband oder Rasse\n<\/h4>\n\n<h5 style=\"font-family: 'Roboto', sans-serif;text-align: center;color: #444;line-height: 1.4\">\n  Fokus auf F\u00e4hrte, Unterordnung und Schutzdienst.\n<\/h5>\n\n<h5 style=\"font-family: 'Roboto', sans-serif;text-align: center;color: #000000;font-weight: bold;line-height: 1.4\">\n  Die Teilnahme ist kostenlos. Altersgrenze bis 25 Jahre\n<\/h5><\/h2>\t\t\t\t<\/div>\n\t\t\t\t<\/div>\n\t\t\t\t\t<\/div>\n\t\t\t\t<\/div>\n\t\t<div class=\"elementor-element elementor-element-43779623 e-flex e-con-boxed e-con e-parent\" data-id=\"43779623\" data-element_type=\"container\" data-settings=\"{&quot;background_background&quot;:&quot;classic&quot;}\">\n\t\t\t\t\t<div class=\"e-con-inner\">\n\t\t\t\t<div class=\"elementor-element elementor-element-4ea9abc5 elementor-widget-divider--view-line elementor-widget elementor-widget-divider\" data-id=\"4ea9abc5\" data-element_type=\"widget\" data-widget_type=\"divider.default\">\n\t\t\t\t<div class=\"elementor-widget-container\">\n\t\t\t\t\t\t\t<div class=\"elementor-divider\">\n\t\t\t<span class=\"elementor-divider-separator\">\n\t\t\t\t\t\t<\/span>\n\t\t<\/div>\n\t\t\t\t\t\t<\/div>\n\t\t\t\t<\/div>\n\t\t\t\t\t<\/div>\n\t\t\t\t<\/div>\n\t\t<div class=\"elementor-element elementor-element-6992a893 e-flex e-con-boxed e-con e-parent\" data-id=\"6992a893\" data-element_type=\"container\" data-settings=\"{&quot;background_background&quot;:&quot;classic&quot;}\">\n\t\t\t\t\t<div class=\"e-con-inner\">\n\t\t\t\t<div class=\"elementor-element elementor-element-159561e3 elementor-widget elementor-widget-text-editor\" data-id=\"159561e3\" data-element_type=\"widget\" data-widget_type=\"text-editor.default\">\n\t\t\t\t<div class=\"elementor-widget-container\">\n\t\t\t\t\t\t\t\t\t<h4 style=\"font-family: 'Roboto', sans-serif; text-align: center; color: #444; font-weight: medium; line-height: 1.5; margin-bottom: 20px;\">\nAlle Ausbilder auf einen Blick: Bundesland ausw\u00e4hlen und Name des jeweiligen Ausbilders anklicken, um weitere Infos und Anmeldem\u00f6glichkeiten zu erhalten.<\/h4>\t\t\t\t\t\t\t\t<\/div>\n\t\t\t\t<\/div>\n\t\t\t\t\t<\/div>\n\t\t\t\t<\/div>\n\t\t<div class=\"elementor-element elementor-element-3eff15c e-flex e-con-boxed e-con e-parent\" data-id=\"3eff15c\" data-element_type=\"container\">\n\t\t\t\t\t<div class=\"e-con-inner\">\n\t\t\t\t<div class=\"elementor-element elementor-element-5af3119 elementor-widget elementor-widget-n-accordion\" data-id=\"5af3119\" data-element_type=\"widget\" data-settings=\"{&quot;default_state&quot;:&quot;all_collapsed&quot;,&quot;max_items_expended&quot;:&quot;one&quot;,&quot;n_accordion_animation_duration&quot;:{&quot;unit&quot;:&quot;ms&quot;,&quot;size&quot;:400,&quot;sizes&quot;:[]}}\" data-widget_type=\"nested-accordion.default\">\n\t\t\t\t<div class=\"elementor-widget-container\">\n\t\t\t\t\t\t\t<div class=\"e-n-accordion\" aria-label=\"Accordion. Open links with Enter or Space, close with Escape, and navigate with Arrow Keys\">\n\t\t\t\t\t\t<details id=\"e-n-accordion-item-9530\" class=\"e-n-accordion-item\" >\n\t\t\t\t<summary class=\"e-n-accordion-item-title\" data-accordion-index=\"1\" tabindex=\"0\" aria-expanded=\"false\" aria-controls=\"e-n-accordion-item-9530\" >\n\t\t\t\t\t<span class='e-n-accordion-item-title-header'><div class=\"e-n-accordion-item-title-text\"> Bayern <\/div><\/span>\n\t\t\t\t\t\t\t<span class='e-n-accordion-item-title-icon'>\n\t\t\t<span class='e-opened' ><i aria-hidden=\"true\" class=\"fas fa-minus\"><\/i><\/span>\n\t\t\t<span class='e-closed'><i aria-hidden=\"true\" class=\"fas fa-plus\"><\/i><\/span>\n\t\t<\/span>\n\n\t\t\t\t\t\t<\/summary>\n\t\t\t\t<div role=\"region\" aria-labelledby=\"e-n-accordion-item-9530\" class=\"elementor-element elementor-element-29e178c e-con-full e-flex e-con e-child\" data-id=\"29e178c\" data-element_type=\"container\">\n\t\t<div role=\"region\" aria-labelledby=\"e-n-accordion-item-9530\" class=\"elementor-element elementor-element-9262ae8 e-flex e-con-boxed e-con e-child\" data-id=\"9262ae8\" data-element_type=\"container\">\n\t\t\t\t\t<div class=\"e-con-inner\">\n\t\t\t\t<div class=\"elementor-element elementor-element-c44b23d elementor-widget elementor-widget-text-editor\" data-id=\"c44b23d\" data-element_type=\"widget\" data-widget_type=\"text-editor.default\">\n\t\t\t\t<div class=\"elementor-widget-container\">\n\t\t\t\t\t\t\t\t\t<h6>Ausbilderin: <a title=\"Ausbilderin Kristina Pilz\" href=\"https:\/\/k9-and-sports.com\/en\/academy\/ausbilderin-kristina-pilz\/\">Kristina Pilz<\/a><br \/>Ort \/ Region: N\u00fcrnberg &#8211; Mittelfranken<\/h6><h6>Ausbilderteam: <a title=\"Ausbilderteam Connie &amp; Peter Scherk\" href=\"https:\/\/k9-and-sports.com\/en\/academy\/ausbilderteam-connie-peter-scherk\/\">Connie &amp; Peter Scherk<\/a><br \/>Ort \/ Region: K\u00f6nigsbrunn<\/h6><h6>Ausbilderteam: <a title=\"Ausbilderteam Florian &amp; Patricia Knabl\" href=\"https:\/\/k9-and-sports.com\/en\/academy\/ausbilderteam-florian-patricia-knabl\/\">Florian &amp; Patricia Knabl<\/a><br \/>Ort \/ Region: Ingolstadt<\/h6><h6>Ausbilderteam: <a title=\"Ausbilderteam Daniel &amp; Katja St\u00fcwe\" href=\"https:\/\/k9-and-sports.com\/en\/academy\/ausbilderteam-daniel-katja-stuewe\/\">Daniel &amp; Katja St\u00fcwe<\/a><br \/>Ort \/ Region: Petersaurach\/Mittelfranken<\/h6>\t\t\t\t\t\t\t\t<\/div>\n\t\t\t\t<\/div>\n\t\t\t\t\t<\/div>\n\t\t\t\t<\/div>\n\t\t\t\t<\/div>\n\t\t\t\t\t<\/details>\n\t\t\t\t\t\t<details id=\"e-n-accordion-item-9531\" class=\"e-n-accordion-item\" >\n\t\t\t\t<summary class=\"e-n-accordion-item-title\" data-accordion-index=\"2\" tabindex=\"-1\" aria-expanded=\"false\" aria-controls=\"e-n-accordion-item-9531\" >\n\t\t\t\t\t<span class='e-n-accordion-item-title-header'><div class=\"e-n-accordion-item-title-text\"> Baden-W\u00fcrttemberg <\/div><\/span>\n\t\t\t\t\t\t\t<span class='e-n-accordion-item-title-icon'>\n\t\t\t<span class='e-opened' ><i aria-hidden=\"true\" class=\"fas fa-minus\"><\/i><\/span>\n\t\t\t<span class='e-closed'><i aria-hidden=\"true\" class=\"fas fa-plus\"><\/i><\/span>\n\t\t<\/span>\n\n\t\t\t\t\t\t<\/summary>\n\t\t\t\t<div role=\"region\" aria-labelledby=\"e-n-accordion-item-9531\" class=\"elementor-element elementor-element-7ea7c73 e-flex e-con-boxed e-con e-child\" data-id=\"7ea7c73\" data-element_type=\"container\">\n\t\t\t\t\t<div class=\"e-con-inner\">\n\t\t<div role=\"region\" aria-labelledby=\"e-n-accordion-item-9531\" class=\"elementor-element elementor-element-3e61690 e-con-full e-flex e-con e-child\" data-id=\"3e61690\" data-element_type=\"container\">\n\t\t\t\t<div class=\"elementor-element elementor-element-1ae6ba2 elementor-widget elementor-widget-text-editor\" data-id=\"1ae6ba2\" data-element_type=\"widget\" data-widget_type=\"text-editor.default\">\n\t\t\t\t<div class=\"elementor-widget-container\">\n\t\t\t\t\t\t\t\t\t<h6>Ausbilder: <a title=\"Ausbilder Marcel Wissing\" href=\"https:\/\/k9-and-sports.com\/en\/academy\/ausbilder-marcel-wissing\/\">Marcel Wissing<\/a><br \/>Ort \/ Region: Rottweil<\/h6>\t\t\t\t\t\t\t\t<\/div>\n\t\t\t\t<\/div>\n\t\t\t\t<\/div>\n\t\t\t\t\t<\/div>\n\t\t\t\t<\/div>\n\t\t\t\t\t<\/details>\n\t\t\t\t\t\t<details id=\"e-n-accordion-item-9532\" class=\"e-n-accordion-item\" >\n\t\t\t\t<summary class=\"e-n-accordion-item-title\" data-accordion-index=\"3\" tabindex=\"-1\" aria-expanded=\"false\" aria-controls=\"e-n-accordion-item-9532\" >\n\t\t\t\t\t<span class='e-n-accordion-item-title-header'><div class=\"e-n-accordion-item-title-text\"> Hamburg <\/div><\/span>\n\t\t\t\t\t\t\t<span class='e-n-accordion-item-title-icon'>\n\t\t\t<span class='e-opened' ><i aria-hidden=\"true\" class=\"fas fa-minus\"><\/i><\/span>\n\t\t\t<span class='e-closed'><i aria-hidden=\"true\" class=\"fas fa-plus\"><\/i><\/span>\n\t\t<\/span>\n\n\t\t\t\t\t\t<\/summary>\n\t\t\t\t<div role=\"region\" aria-labelledby=\"e-n-accordion-item-9532\" class=\"elementor-element elementor-element-15ac83c e-con-full e-flex e-con e-child\" data-id=\"15ac83c\" data-element_type=\"container\">\n\t\t<div role=\"region\" aria-labelledby=\"e-n-accordion-item-9532\" class=\"elementor-element elementor-element-61147c0 e-flex e-con-boxed e-con e-child\" data-id=\"61147c0\" data-element_type=\"container\">\n\t\t\t\t\t<div class=\"e-con-inner\">\n\t\t\t\t<div class=\"elementor-element elementor-element-9e973c7 elementor-widget elementor-widget-text-editor\" data-id=\"9e973c7\" data-element_type=\"widget\" data-widget_type=\"text-editor.default\">\n\t\t\t\t<div class=\"elementor-widget-container\">\n\t\t\t\t\t\t\t\t\t<h6>Ausbilder: <a title=\"Ausbilder Ralf Meins\" href=\"https:\/\/k9-and-sports.com\/en\/academy\/ausbilder-ralf-meins\/\">Ralf Meins<\/a><br \/>Ort \/ Region: Hamburg<\/h6>\t\t\t\t\t\t\t\t<\/div>\n\t\t\t\t<\/div>\n\t\t\t\t\t<\/div>\n\t\t\t\t<\/div>\n\t\t\t\t<\/div>\n\t\t\t\t\t<\/details>\n\t\t\t\t\t\t<details id=\"e-n-accordion-item-9533\" class=\"e-n-accordion-item\" >\n\t\t\t\t<summary class=\"e-n-accordion-item-title\" data-accordion-index=\"4\" tabindex=\"-1\" aria-expanded=\"false\" aria-controls=\"e-n-accordion-item-9533\" >\n\t\t\t\t\t<span class='e-n-accordion-item-title-header'><div class=\"e-n-accordion-item-title-text\"> Nordrhein-Westfalen <\/div><\/span>\n\t\t\t\t\t\t\t<span class='e-n-accordion-item-title-icon'>\n\t\t\t<span class='e-opened' ><i aria-hidden=\"true\" class=\"fas fa-minus\"><\/i><\/span>\n\t\t\t<span class='e-closed'><i aria-hidden=\"true\" class=\"fas fa-plus\"><\/i><\/span>\n\t\t<\/span>\n\n\t\t\t\t\t\t<\/summary>\n\t\t\t\t<div role=\"region\" aria-labelledby=\"e-n-accordion-item-9533\" class=\"elementor-element elementor-element-89a186e e-con-full e-flex e-con e-child\" data-id=\"89a186e\" data-element_type=\"container\">\n\t\t<div role=\"region\" aria-labelledby=\"e-n-accordion-item-9533\" class=\"elementor-element elementor-element-707d8d5 e-flex e-con-boxed e-con e-child\" data-id=\"707d8d5\" data-element_type=\"container\">\n\t\t\t\t\t<div class=\"e-con-inner\">\n\t\t\t\t<div class=\"elementor-element elementor-element-043791c elementor-widget elementor-widget-text-editor\" data-id=\"043791c\" data-element_type=\"widget\" data-widget_type=\"text-editor.default\">\n\t\t\t\t<div class=\"elementor-widget-container\">\n\t\t\t\t\t\t\t\t\t<h6>Ausbilder: <a title=\"Ausbilder Bj\u00f6rn Giesen\" href=\"https:\/\/k9-and-sports.com\/en\/academy\/ausbilder-bjoern-giesen\/\">Bj\u00f6rn Giesen<\/a><br \/>Ort \/ Region: Herne\/Moers<br \/><br \/>Ausbilderteam: <a title=\"Ausbilderteam Kathrin Heldt &amp; Thomas Wesselmann\" href=\"https:\/\/k9-and-sports.com\/en\/academy\/ausbilderteam-kathrin-heldt-thomas-wesselmann\/\">Kathrin Heldt &amp; Thomas Wesselmann<\/a><br \/>Ort \/ Region: Ostwestfalen \/ L\u00f6hne<\/h6><h6>Ausbilder: <a title=\"Ausbilder Tobias Oleynik\" href=\"https:\/\/k9-and-sports.com\/en\/academy\/ausbilder-tobias-oleynik\/\">Tobias Oleynik<\/a><br \/>Ort \/ Region: SV OG Asperden<\/h6><h6>Ausbilder: <a title=\"Ausbilderin Mareike Loges\" href=\"https:\/\/k9-and-sports.com\/en\/academy\/ausbilderin-mareike-loges\/\">Mareike Loges<\/a><br \/>Ort \/ Region: Bielefeld<\/h6><h6>Ausbilder: <a title=\"Ausbilder Stefan M\u00fcller\" href=\"https:\/\/k9-and-sports.com\/en\/academy\/ausbilder-stefan-mueller\/\">Stefan M\u00fcller<\/a><br \/>Ort \/ Region: Hagen<\/h6>\t\t\t\t\t\t\t\t<\/div>\n\t\t\t\t<\/div>\n\t\t\t\t\t<\/div>\n\t\t\t\t<\/div>\n\t\t\t\t<\/div>\n\t\t\t\t\t<\/details>\n\t\t\t\t\t\t<details id=\"e-n-accordion-item-9534\" class=\"e-n-accordion-item\" >\n\t\t\t\t<summary class=\"e-n-accordion-item-title\" data-accordion-index=\"5\" tabindex=\"-1\" aria-expanded=\"false\" aria-controls=\"e-n-accordion-item-9534\" >\n\t\t\t\t\t<span class='e-n-accordion-item-title-header'><div class=\"e-n-accordion-item-title-text\"> Saarland \/ RLP <\/div><\/span>\n\t\t\t\t\t\t\t<span class='e-n-accordion-item-title-icon'>\n\t\t\t<span class='e-opened' ><i aria-hidden=\"true\" class=\"fas fa-minus\"><\/i><\/span>\n\t\t\t<span class='e-closed'><i aria-hidden=\"true\" class=\"fas fa-plus\"><\/i><\/span>\n\t\t<\/span>\n\n\t\t\t\t\t\t<\/summary>\n\t\t\t\t<div role=\"region\" aria-labelledby=\"e-n-accordion-item-9534\" class=\"elementor-element elementor-element-0734fbd e-flex e-con-boxed e-con e-child\" data-id=\"0734fbd\" data-element_type=\"container\">\n\t\t\t\t\t<div class=\"e-con-inner\">\n\t\t<div role=\"region\" aria-labelledby=\"e-n-accordion-item-9534\" class=\"elementor-element elementor-element-43b680c e-con-full e-flex e-con e-child\" data-id=\"43b680c\" data-element_type=\"container\">\n\t\t\t\t<div class=\"elementor-element elementor-element-fae6323 elementor-widget elementor-widget-text-editor\" data-id=\"fae6323\" data-element_type=\"widget\" data-widget_type=\"text-editor.default\">\n\t\t\t\t<div class=\"elementor-widget-container\">\n\t\t\t\t\t\t\t\t\t<h6>Ausbilderteam: <a title=\"Ausbilderteam Kevin Kr\u00f6ber, Luca Str\u00e4\u00dfer &amp; Jogi Zank\" href=\"https:\/\/k9-and-sports.com\/en\/academy\/ausbilderteam-kevin-kroeber-luca-straesser-jogi-zank\/\">Kevin Kr\u00f6ber, Luca Str\u00e4\u00dfer &amp; Jogi Zank<\/a><br \/>Ort \/ Region: Saarland\/Steinbach<\/h6>\t\t\t\t\t\t\t\t<\/div>\n\t\t\t\t<\/div>\n\t\t\t\t<\/div>\n\t\t\t\t\t<\/div>\n\t\t\t\t<\/div>\n\t\t\t\t\t<\/details>\n\t\t\t\t\t\t<details id=\"e-n-accordion-item-9535\" class=\"e-n-accordion-item\" >\n\t\t\t\t<summary class=\"e-n-accordion-item-title\" data-accordion-index=\"6\" tabindex=\"-1\" aria-expanded=\"false\" aria-controls=\"e-n-accordion-item-9535\" >\n\t\t\t\t\t<span class='e-n-accordion-item-title-header'><div class=\"e-n-accordion-item-title-text\"> Schleswig-Holstein <\/div><\/span>\n\t\t\t\t\t\t\t<span class='e-n-accordion-item-title-icon'>\n\t\t\t<span class='e-opened' ><i aria-hidden=\"true\" class=\"fas fa-minus\"><\/i><\/span>\n\t\t\t<span class='e-closed'><i aria-hidden=\"true\" class=\"fas fa-plus\"><\/i><\/span>\n\t\t<\/span>\n\n\t\t\t\t\t\t<\/summary>\n\t\t\t\t<div role=\"region\" aria-labelledby=\"e-n-accordion-item-9535\" class=\"elementor-element elementor-element-9feb57a e-flex e-con-boxed e-con e-child\" data-id=\"9feb57a\" data-element_type=\"container\">\n\t\t\t\t\t<div class=\"e-con-inner\">\n\t\t<div role=\"region\" aria-labelledby=\"e-n-accordion-item-9535\" class=\"elementor-element elementor-element-cf6ae25 e-con-full e-flex e-con e-child\" data-id=\"cf6ae25\" data-element_type=\"container\">\n\t\t\t\t<div class=\"elementor-element elementor-element-157dab4 elementor-widget elementor-widget-text-editor\" data-id=\"157dab4\" data-element_type=\"widget\" data-widget_type=\"text-editor.default\">\n\t\t\t\t<div class=\"elementor-widget-container\">\n\t\t\t\t\t\t\t\t\t<h6>Ausbilderin: <a title=\"Ausbilderin Kathrin Lange\" href=\"https:\/\/k9-and-sports.com\/en\/academy\/ausbilderin-kathrin-lange\/\">Katrin Lange<\/a><br \/>Ort \/ Region: Jevenstedt<\/h6>\t\t\t\t\t\t\t\t<\/div>\n\t\t\t\t<\/div>\n\t\t\t\t<\/div>\n\t\t\t\t\t<\/div>\n\t\t\t\t<\/div>\n\t\t\t\t\t<\/details>\n\t\t\t\t\t<\/div>\n\t\t\t\t\t\t<\/div>\n\t\t\t\t<\/div>\n\t\t\t\t\t<\/div>\n\t\t\t\t<\/div>\n\t\t\t\t<\/div>","protected":false},"excerpt":{"rendered":"<p>IGP Youngstars Academy Deutschlands Trainingsplattform f\u00fcr jugendliche Hundef\u00fchrer Trainiere gemeinsam mit anderen motivierten Jugendlichen, entwickle dich weiter und werde Teil einer starken Nachwuchs-Community im Gebrauchshundesport. Bundesweite IGP-Trainingstage f\u00fcr jugendliche Hundef\u00fchrer \u2013 unabh\u00e4ngig von Verband oder Rasse Fokus auf F\u00e4hrte, Unterordnung und Schutzdienst. Die Teilnahme ist kostenlos. Altersgrenze bis 25 Jahre Alle Ausbilder auf einen Blick: [&hellip;]<\/p>","protected":false},"author":8,"featured_media":0,"parent":0,"menu_order":0,"comment_status":"closed","ping_status":"closed","template":"elementor_header_footer","meta":{"footnotes":""},"class_list":["post-6202","page","type-page","status-publish","hentry"],"aioseo_notices":[],"_links":{"self":[{"href":"https:\/\/k9-and-sports.com\/en\/wp-json\/wp\/v2\/pages\/6202","targetHints":{"allow":["GET"]}}],"collection":[{"href":"https:\/\/k9-and-sports.com\/en\/wp-json\/wp\/v2\/pages"}],"about":[{"href":"https:\/\/k9-and-sports.com\/en\/wp-json\/wp\/v2\/types\/page"}],"author":[{"embeddable":true,"href":"https:\/\/k9-and-sports.com\/en\/wp-json\/wp\/v2\/users\/8"}],"replies":[{"embeddable":true,"href":"https:\/\/k9-and-sports.com\/en\/wp-json\/wp\/v2\/comments?post=6202"}],"version-history":[{"count":10,"href":"https:\/\/k9-and-sports.com\/en\/wp-json\/wp\/v2\/pages\/6202\/revisions"}],"predecessor-version":[{"id":6609,"href":"https:\/\/k9-and-sports.com\/en\/wp-json\/wp\/v2\/pages\/6202\/revisions\/6609"}],"wp:attachment":[{"href":"https:\/\/k9-and-sports.com\/en\/wp-json\/wp\/v2\/media?parent=6202"}],"curies":[{"name":"wp","href":"https:\/\/api.w.org\/{rel}","templated":true}]}}