{"id":6285,"date":"2026-03-13T20:36:49","date_gmt":"2026-03-13T19:36:49","guid":{"rendered":"https:\/\/k9-and-sports.com\/?page_id=6285"},"modified":"2026-03-27T10:32:19","modified_gmt":"2026-03-27T09:32:19","slug":"ausbilder-ralf-meins","status":"publish","type":"page","link":"https:\/\/k9-and-sports.com\/en\/academy\/ausbilder-ralf-meins\/","title":{"rendered":"Ausbilder Ralf Meins"},"content":{"rendered":"<div data-elementor-type=\"wp-page\" data-elementor-id=\"6285\" class=\"elementor elementor-6285\" data-elementor-post-type=\"page\">\n\t\t\t\t<div class=\"elementor-element elementor-element-1de15958 e-flex e-con-boxed e-con e-parent\" data-id=\"1de15958\" data-element_type=\"container\" data-settings=\"{&quot;background_background&quot;:&quot;classic&quot;}\">\n\t\t\t\t\t<div class=\"e-con-inner\">\n\t\t\t\t\t<\/div>\n\t\t\t\t<\/div>\n\t\t<div class=\"elementor-element elementor-element-4cbd8b95 e-flex e-con-boxed e-con e-parent\" data-id=\"4cbd8b95\" data-element_type=\"container\" data-settings=\"{&quot;background_background&quot;:&quot;classic&quot;}\">\n\t\t\t\t\t<div class=\"e-con-inner\">\n\t\t\t\t<div class=\"elementor-element elementor-element-7e6b168e elementor-widget elementor-widget-heading\" data-id=\"7e6b168e\" data-element_type=\"widget\" data-widget_type=\"heading.default\">\n\t\t\t\t<div class=\"elementor-widget-container\">\n\t\t\t\t\t<h2 class=\"elementor-heading-title elementor-size-default\"><h4 class=\"\" data-end=\"214\" data-start=\"65\" style=\"text-align: center\" data-css=\"tve-u-19c749199ee\">\u00dcbersicht - Ausbilder Ralf Meins<\/h4><\/h2>\t\t\t\t<\/div>\n\t\t\t\t<\/div>\n\t\t\t\t\t<\/div>\n\t\t\t\t<\/div>\n\t\t<div class=\"elementor-element elementor-element-51287084 e-flex e-con-boxed e-con e-parent\" data-id=\"51287084\" data-element_type=\"container\" data-settings=\"{&quot;background_background&quot;:&quot;classic&quot;}\">\n\t\t\t\t\t<div class=\"e-con-inner\">\n\t\t\t\t<div class=\"elementor-element elementor-element-72cc858d elementor-widget-divider--view-line elementor-widget elementor-widget-divider\" data-id=\"72cc858d\" data-element_type=\"widget\" data-widget_type=\"divider.default\">\n\t\t\t\t<div class=\"elementor-widget-container\">\n\t\t\t\t\t\t\t<div class=\"elementor-divider\">\n\t\t\t<span class=\"elementor-divider-separator\">\n\t\t\t\t\t\t<\/span>\n\t\t<\/div>\n\t\t\t\t\t\t<\/div>\n\t\t\t\t<\/div>\n\t\t\t\t\t<\/div>\n\t\t\t\t<\/div>\n\t\t<div class=\"elementor-element elementor-element-aef1d00 e-flex e-con-boxed e-con e-parent\" data-id=\"aef1d00\" data-element_type=\"container\" data-settings=\"{&quot;background_background&quot;:&quot;classic&quot;}\">\n\t\t\t\t\t<div class=\"e-con-inner\">\n\t\t\t\t<div class=\"elementor-element elementor-element-134d19f2 elementor-widget elementor-widget-text-editor\" data-id=\"134d19f2\" data-element_type=\"widget\" data-widget_type=\"text-editor.default\">\n\t\t\t\t<div class=\"elementor-widget-container\">\n\t\t\t\t\t\t\t\t\t<h4 style=\"text-align: center;\" data-css=\"tve-u-19c7497060f\">W\u00e4hle einfach deinen Termin aus, nimm direkt Kontakt zum Trainer auf und sichere dir deinen Platz.\u00a0<\/h4>\t\t\t\t\t\t\t\t<\/div>\n\t\t\t\t<\/div>\n\t\t\t\t\t<\/div>\n\t\t\t\t<\/div>\n\t\t<div class=\"elementor-element elementor-element-27739fc6 e-flex e-con-boxed e-con e-parent\" data-id=\"27739fc6\" data-element_type=\"container\" data-settings=\"{&quot;background_background&quot;:&quot;classic&quot;}\">\n\t\t\t\t\t<div class=\"e-con-inner\">\n\t\t<div class=\"elementor-element elementor-element-1355de0e e-con-full e-flex e-con e-child\" data-id=\"1355de0e\" data-element_type=\"container\">\n\t\t\t\t<div class=\"elementor-element elementor-element-2f458896 elementor-widget elementor-widget-image\" data-id=\"2f458896\" data-element_type=\"widget\" data-widget_type=\"image.default\">\n\t\t\t\t<div class=\"elementor-widget-container\">\n\t\t\t\t\t\t\t\t\t\t\t\t\t\t\t<img decoding=\"async\" src=\"https:\/\/k9-and-sports.com\/wp-content\/uploads\/elementor\/thumbs\/Ralf-Meins-q0r2vxrtrhs4avf5keekivnjeinqsbusv068faaxmg-rkgg92mwja5olx5zx0alezo5thrms2e2tjm4dtmh06.jpg\" title=\"Ralf-Meins-q0r2vxrtrhs4avf5keekivnjeinqsbusv068faaxmg.jpg\" alt=\"Ralf-Meins-q0r2vxrtrhs4avf5keekivnjeinqsbusv068faaxmg.jpg\" loading=\"lazy\" \/>\t\t\t\t\t\t\t\t\t\t\t\t\t\t\t<\/div>\n\t\t\t\t<\/div>\n\t\t\t\t<\/div>\n\t\t<div class=\"elementor-element elementor-element-3faebc52 e-con-full e-flex e-con e-child\" data-id=\"3faebc52\" data-element_type=\"container\">\n\t\t<div class=\"elementor-element elementor-element-1c8e2eb3 e-con-full e-flex e-con e-child\" data-id=\"1c8e2eb3\" data-element_type=\"container\" data-settings=\"{&quot;background_background&quot;:&quot;classic&quot;}\">\n\t\t\t\t<div class=\"elementor-element elementor-element-30fff934 elementor-widget elementor-widget-text-editor\" data-id=\"30fff934\" data-element_type=\"widget\" data-widget_type=\"text-editor.default\">\n\t\t\t\t<div class=\"elementor-widget-container\">\n\t\t\t\t\t\t\t\t\t<h3 style=\"text-align: left;\">Ralf Meins<\/h3>\t\t\t\t\t\t\t\t<\/div>\n\t\t\t\t<\/div>\n\t\t\t\t<div class=\"elementor-element elementor-element-834a911 elementor-widget elementor-widget-text-editor\" data-id=\"834a911\" data-element_type=\"widget\" data-widget_type=\"text-editor.default\">\n\t\t\t\t<div class=\"elementor-widget-container\">\n\t\t\t\t\t\t\t\t\t<h3 style=\"text-align: left;\">Hamburg<\/h3>\t\t\t\t\t\t\t\t<\/div>\n\t\t\t\t<\/div>\n\t\t\t\t<\/div>\n\t\t<div class=\"elementor-element elementor-element-473759e1 e-con-full e-flex e-con e-child\" data-id=\"473759e1\" data-element_type=\"container\" data-settings=\"{&quot;background_background&quot;:&quot;classic&quot;}\">\n\t\t\t\t<div class=\"elementor-element elementor-element-1f775314 elementor-widget elementor-widget-heading\" data-id=\"1f775314\" data-element_type=\"widget\" data-widget_type=\"heading.default\">\n\t\t\t\t<div class=\"elementor-widget-container\">\n\t\t\t\t\t<h4 class=\"elementor-heading-title elementor-size-default\"><u>Angebote und Termine<\/u><\/h4>\t\t\t\t<\/div>\n\t\t\t\t<\/div>\n\t\t<div class=\"elementor-element elementor-element-7ef3e6f7 e-con-full e-flex e-con e-child\" data-id=\"7ef3e6f7\" data-element_type=\"container\" data-settings=\"{&quot;background_background&quot;:&quot;classic&quot;}\">\n\t\t\t\t<div class=\"elementor-element elementor-element-2d560c7 elementor-widget__width-initial e-transform elementor-widget-tablet__width-initial elementor-widget elementor-widget-text-editor\" data-id=\"2d560c7\" data-element_type=\"widget\" data-settings=\"{&quot;_transform_translateX_effect&quot;:{&quot;unit&quot;:&quot;px&quot;,&quot;size&quot;:&quot;&quot;,&quot;sizes&quot;:[]},&quot;_transform_translateX_effect_tablet&quot;:{&quot;unit&quot;:&quot;px&quot;,&quot;size&quot;:&quot;&quot;,&quot;sizes&quot;:[]},&quot;_transform_translateX_effect_mobile&quot;:{&quot;unit&quot;:&quot;px&quot;,&quot;size&quot;:&quot;&quot;,&quot;sizes&quot;:[]},&quot;_transform_translateY_effect&quot;:{&quot;unit&quot;:&quot;px&quot;,&quot;size&quot;:&quot;&quot;,&quot;sizes&quot;:[]},&quot;_transform_translateY_effect_tablet&quot;:{&quot;unit&quot;:&quot;px&quot;,&quot;size&quot;:&quot;&quot;,&quot;sizes&quot;:[]},&quot;_transform_translateY_effect_mobile&quot;:{&quot;unit&quot;:&quot;px&quot;,&quot;size&quot;:&quot;&quot;,&quot;sizes&quot;:[]}}\" data-widget_type=\"text-editor.default\">\n\t\t\t\t<div class=\"elementor-widget-container\">\n\t\t\t\t\t\t\t\t\t<p>Ich biete flexible Termine nach pers\u00f6nlicher Absprache an.<\/p>\t\t\t\t\t\t\t\t<\/div>\n\t\t\t\t<\/div>\n\t\t\t\t<div class=\"elementor-element elementor-element-11c04ce7 elementor-widget elementor-widget-text-editor\" data-id=\"11c04ce7\" data-element_type=\"widget\" data-widget_type=\"text-editor.default\">\n\t\t\t\t<div class=\"elementor-widget-container\">\n\t\t\t\t\t\t\t\t\t<h5 style=\"text-align: left;\"><strong>Training f\u00fcr jugendliche Hundef\u00fchrer.<\/strong><\/h5><h6>Im Fokus stehen F\u00e4hrte, Unterordnung und Schutzdienst \u2013 praxisnah, strukturiert und mit klaren Trainingszielen. Wir arbeiten an Technik, Timing und Teamarbeit zwischen Mensch und Hund.<\/h6>\t\t\t\t\t\t\t\t<\/div>\n\t\t\t\t<\/div>\n\t\t\t\t<\/div>\n\t\t\t\t<\/div>\n\t\t<div class=\"elementor-element elementor-element-63132041 e-con-full e-flex e-con e-child\" data-id=\"63132041\" data-element_type=\"container\">\n\t\t\t\t<div class=\"elementor-element elementor-element-7d93cc0a elementor-align-justify elementor-widget elementor-widget-button\" data-id=\"7d93cc0a\" data-element_type=\"widget\" data-widget_type=\"button.default\">\n\t\t\t\t<div class=\"elementor-widget-container\">\n\t\t\t\t\t\t\t\t\t<div class=\"elementor-button-wrapper\">\n\t\t\t\t\t<a class=\"elementor-button elementor-button-link elementor-size-sm\" href=\"mailto:ralf-meins@t-online.de?subject=Anmeldung%20zum%20Training%20(Youngstars%20Academy)\">\n\t\t\t\t\t\t<span class=\"elementor-button-content-wrapper\">\n\t\t\t\t\t\t\t\t\t<span class=\"elementor-button-text\">Hier anmelden<\/span>\n\t\t\t\t\t<\/span>\n\t\t\t\t\t<\/a>\n\t\t\t\t<\/div>\n\t\t\t\t\t\t\t\t<\/div>\n\t\t\t\t<\/div>\n\t\t\t\t<\/div>\n\t\t\t\t<\/div>\n\t\t\t\t\t<\/div>\n\t\t\t\t<\/div>\n\t\t\t\t<\/div>","protected":false},"excerpt":{"rendered":"<p>\u00dcbersicht &#8211; Ausbilder Ralf Meins W\u00e4hle einfach deinen Termin aus, nimm direkt Kontakt zum Trainer auf und sichere dir deinen Platz.\u00a0 Ralf Meins Hamburg Angebote und Termine Ich biete flexible Termine nach pers\u00f6nlicher Absprache an. Training f\u00fcr jugendliche Hundef\u00fchrer. Im Fokus stehen F\u00e4hrte, Unterordnung und Schutzdienst \u2013 praxisnah, strukturiert und mit klaren Trainingszielen. Wir arbeiten [&hellip;]<\/p>","protected":false},"author":8,"featured_media":0,"parent":6202,"menu_order":0,"comment_status":"closed","ping_status":"closed","template":"elementor_header_footer","meta":{"footnotes":""},"class_list":["post-6285","page","type-page","status-publish","hentry"],"aioseo_notices":[],"_links":{"self":[{"href":"https:\/\/k9-and-sports.com\/en\/wp-json\/wp\/v2\/pages\/6285","targetHints":{"allow":["GET"]}}],"collection":[{"href":"https:\/\/k9-and-sports.com\/en\/wp-json\/wp\/v2\/pages"}],"about":[{"href":"https:\/\/k9-and-sports.com\/en\/wp-json\/wp\/v2\/types\/page"}],"author":[{"embeddable":true,"href":"https:\/\/k9-and-sports.com\/en\/wp-json\/wp\/v2\/users\/8"}],"replies":[{"embeddable":true,"href":"https:\/\/k9-and-sports.com\/en\/wp-json\/wp\/v2\/comments?post=6285"}],"version-history":[{"count":7,"href":"https:\/\/k9-and-sports.com\/en\/wp-json\/wp\/v2\/pages\/6285\/revisions"}],"predecessor-version":[{"id":6292,"href":"https:\/\/k9-and-sports.com\/en\/wp-json\/wp\/v2\/pages\/6285\/revisions\/6292"}],"up":[{"embeddable":true,"href":"https:\/\/k9-and-sports.com\/en\/wp-json\/wp\/v2\/pages\/6202"}],"wp:attachment":[{"href":"https:\/\/k9-and-sports.com\/en\/wp-json\/wp\/v2\/media?parent=6285"}],"curies":[{"name":"wp","href":"https:\/\/api.w.org\/{rel}","templated":true}]}}