{"id":6293,"date":"2026-03-13T20:39:55","date_gmt":"2026-03-13T19:39:55","guid":{"rendered":"https:\/\/k9-and-sports.com\/?page_id=6293"},"modified":"2026-03-27T10:32:19","modified_gmt":"2026-03-27T09:32:19","slug":"ausbilder-tobias-oleynik","status":"publish","type":"page","link":"https:\/\/k9-and-sports.com\/en\/academy\/ausbilder-tobias-oleynik\/","title":{"rendered":"Ausbilder Tobias Oleynik"},"content":{"rendered":"<div data-elementor-type=\"wp-page\" data-elementor-id=\"6293\" class=\"elementor elementor-6293\" data-elementor-post-type=\"page\">\n\t\t\t\t<div class=\"elementor-element elementor-element-1bdbe2cc e-flex e-con-boxed e-con e-parent\" data-id=\"1bdbe2cc\" data-element_type=\"container\" data-settings=\"{&quot;background_background&quot;:&quot;classic&quot;}\">\n\t\t\t\t\t<div class=\"e-con-inner\">\n\t\t\t\t\t<\/div>\n\t\t\t\t<\/div>\n\t\t<div class=\"elementor-element elementor-element-5a1b56dc e-flex e-con-boxed e-con e-parent\" data-id=\"5a1b56dc\" data-element_type=\"container\" data-settings=\"{&quot;background_background&quot;:&quot;classic&quot;}\">\n\t\t\t\t\t<div class=\"e-con-inner\">\n\t\t\t\t<div class=\"elementor-element elementor-element-173f2afc elementor-widget elementor-widget-heading\" data-id=\"173f2afc\" data-element_type=\"widget\" data-widget_type=\"heading.default\">\n\t\t\t\t<div class=\"elementor-widget-container\">\n\t\t\t\t\t<h2 class=\"elementor-heading-title elementor-size-default\"><h4 class=\"\" data-end=\"214\" data-start=\"65\" style=\"text-align: center\" data-css=\"tve-u-19c749199ee\">\u00dcbersicht - Ausbilder Tobias Oleynik<\/h4><\/h2>\t\t\t\t<\/div>\n\t\t\t\t<\/div>\n\t\t\t\t\t<\/div>\n\t\t\t\t<\/div>\n\t\t<div class=\"elementor-element elementor-element-2ed6f484 e-flex e-con-boxed e-con e-parent\" data-id=\"2ed6f484\" data-element_type=\"container\" data-settings=\"{&quot;background_background&quot;:&quot;classic&quot;}\">\n\t\t\t\t\t<div class=\"e-con-inner\">\n\t\t\t\t<div class=\"elementor-element elementor-element-62f6eec7 elementor-widget-divider--view-line elementor-widget elementor-widget-divider\" data-id=\"62f6eec7\" data-element_type=\"widget\" data-widget_type=\"divider.default\">\n\t\t\t\t<div class=\"elementor-widget-container\">\n\t\t\t\t\t\t\t<div class=\"elementor-divider\">\n\t\t\t<span class=\"elementor-divider-separator\">\n\t\t\t\t\t\t<\/span>\n\t\t<\/div>\n\t\t\t\t\t\t<\/div>\n\t\t\t\t<\/div>\n\t\t\t\t\t<\/div>\n\t\t\t\t<\/div>\n\t\t<div class=\"elementor-element elementor-element-5880c05 e-flex e-con-boxed e-con e-parent\" data-id=\"5880c05\" data-element_type=\"container\" data-settings=\"{&quot;background_background&quot;:&quot;classic&quot;}\">\n\t\t\t\t\t<div class=\"e-con-inner\">\n\t\t\t\t<div class=\"elementor-element elementor-element-6c4b03bf elementor-widget elementor-widget-text-editor\" data-id=\"6c4b03bf\" data-element_type=\"widget\" data-widget_type=\"text-editor.default\">\n\t\t\t\t<div class=\"elementor-widget-container\">\n\t\t\t\t\t\t\t\t\t<h4 style=\"text-align: center;\" data-css=\"tve-u-19c7497060f\">W\u00e4hle einfach deinen Termin aus, nimm direkt Kontakt zum Trainer auf und sichere dir deinen Platz.\u00a0<\/h4>\t\t\t\t\t\t\t\t<\/div>\n\t\t\t\t<\/div>\n\t\t\t\t\t<\/div>\n\t\t\t\t<\/div>\n\t\t<div class=\"elementor-element elementor-element-2e2a6b53 e-flex e-con-boxed e-con e-parent\" data-id=\"2e2a6b53\" data-element_type=\"container\" data-settings=\"{&quot;background_background&quot;:&quot;classic&quot;}\">\n\t\t\t\t\t<div class=\"e-con-inner\">\n\t\t<div class=\"elementor-element elementor-element-7b08f605 e-con-full e-flex e-con e-child\" data-id=\"7b08f605\" data-element_type=\"container\">\n\t\t\t\t<div class=\"elementor-element elementor-element-5b0f5914 elementor-widget elementor-widget-image\" data-id=\"5b0f5914\" data-element_type=\"widget\" data-widget_type=\"image.default\">\n\t\t\t\t<div class=\"elementor-widget-container\">\n\t\t\t\t\t\t\t\t\t\t\t\t\t\t\t<img decoding=\"async\" src=\"https:\/\/k9-and-sports.com\/wp-content\/uploads\/elementor\/thumbs\/481079512_9100588130052472_5113656777824513796_n-rkgg8w217fwocnfjzfg7fjbxnso2a6nygn1q0vw87q.jpg\" title=\"481079512_9100588130052472_5113656777824513796_n.jpg\" alt=\"481079512_9100588130052472_5113656777824513796_n.jpg\" loading=\"lazy\" \/>\t\t\t\t\t\t\t\t\t\t\t\t\t\t\t<\/div>\n\t\t\t\t<\/div>\n\t\t\t\t<\/div>\n\t\t<div class=\"elementor-element elementor-element-5c9be434 e-con-full e-flex e-con e-child\" data-id=\"5c9be434\" data-element_type=\"container\">\n\t\t<div class=\"elementor-element elementor-element-4c9e63f8 e-con-full e-flex e-con e-child\" data-id=\"4c9e63f8\" data-element_type=\"container\" data-settings=\"{&quot;background_background&quot;:&quot;classic&quot;}\">\n\t\t\t\t<div class=\"elementor-element elementor-element-26f0446e elementor-widget elementor-widget-text-editor\" data-id=\"26f0446e\" data-element_type=\"widget\" data-widget_type=\"text-editor.default\">\n\t\t\t\t<div class=\"elementor-widget-container\">\n\t\t\t\t\t\t\t\t\t<h3 style=\"text-align: left;\">Tobias Oleynik<\/h3>\t\t\t\t\t\t\t\t<\/div>\n\t\t\t\t<\/div>\n\t\t\t\t<div class=\"elementor-element elementor-element-72246b9 elementor-widget elementor-widget-text-editor\" data-id=\"72246b9\" data-element_type=\"widget\" data-widget_type=\"text-editor.default\">\n\t\t\t\t<div class=\"elementor-widget-container\">\n\t\t\t\t\t\t\t\t\t<h3 style=\"text-align: left;\">SV OG Asperden \/ NRW<\/h3>\t\t\t\t\t\t\t\t<\/div>\n\t\t\t\t<\/div>\n\t\t\t\t<\/div>\n\t\t<div class=\"elementor-element elementor-element-6944760f e-con-full e-flex e-con e-child\" data-id=\"6944760f\" data-element_type=\"container\" data-settings=\"{&quot;background_background&quot;:&quot;classic&quot;}\">\n\t\t\t\t<div class=\"elementor-element elementor-element-5ba4a96f elementor-widget elementor-widget-heading\" data-id=\"5ba4a96f\" data-element_type=\"widget\" data-widget_type=\"heading.default\">\n\t\t\t\t<div class=\"elementor-widget-container\">\n\t\t\t\t\t<h4 class=\"elementor-heading-title elementor-size-default\"><u>Angebote und Termine<\/u><\/h4>\t\t\t\t<\/div>\n\t\t\t\t<\/div>\n\t\t<div class=\"elementor-element elementor-element-575fca84 e-con-full e-flex e-con e-child\" data-id=\"575fca84\" data-element_type=\"container\" data-settings=\"{&quot;background_background&quot;:&quot;classic&quot;}\">\n\t\t\t\t<div class=\"elementor-element elementor-element-7e5025ce elementor-widget__width-initial e-transform elementor-widget-tablet__width-initial elementor-widget elementor-widget-text-editor\" data-id=\"7e5025ce\" data-element_type=\"widget\" data-settings=\"{&quot;_transform_translateX_effect&quot;:{&quot;unit&quot;:&quot;px&quot;,&quot;size&quot;:&quot;&quot;,&quot;sizes&quot;:[]},&quot;_transform_translateX_effect_tablet&quot;:{&quot;unit&quot;:&quot;px&quot;,&quot;size&quot;:&quot;&quot;,&quot;sizes&quot;:[]},&quot;_transform_translateX_effect_mobile&quot;:{&quot;unit&quot;:&quot;px&quot;,&quot;size&quot;:&quot;&quot;,&quot;sizes&quot;:[]},&quot;_transform_translateY_effect&quot;:{&quot;unit&quot;:&quot;px&quot;,&quot;size&quot;:&quot;&quot;,&quot;sizes&quot;:[]},&quot;_transform_translateY_effect_tablet&quot;:{&quot;unit&quot;:&quot;px&quot;,&quot;size&quot;:&quot;&quot;,&quot;sizes&quot;:[]},&quot;_transform_translateY_effect_mobile&quot;:{&quot;unit&quot;:&quot;px&quot;,&quot;size&quot;:&quot;&quot;,&quot;sizes&quot;:[]}}\" data-widget_type=\"text-editor.default\">\n\t\t\t\t<div class=\"elementor-widget-container\">\n\t\t\t\t\t\t\t\t\t<p style=\"text-align: left;\">28.03.2026<\/p><p>von 10.00 Uhr &#8211; 17.00 Uhr<\/p>\t\t\t\t\t\t\t\t<\/div>\n\t\t\t\t<\/div>\n\t\t\t\t<div class=\"elementor-element elementor-element-16ea1bf1 elementor-widget elementor-widget-text-editor\" data-id=\"16ea1bf1\" data-element_type=\"widget\" data-widget_type=\"text-editor.default\">\n\t\t\t\t<div class=\"elementor-widget-container\">\n\t\t\t\t\t\t\t\t\t<h5 style=\"text-align: left;\"><strong>Trainingstag f\u00fcr jugendliche Hundef\u00fchrer.<\/strong><\/h5><h6>Im Fokus stehen F\u00e4hrte, Unterordnung und Schutzdienst \u2013 praxisnah, strukturiert und mit klaren Trainingszielen. Wir arbeiten an Technik, Timing und Teamarbeit zwischen Mensch und Hund.<\/h6>\t\t\t\t\t\t\t\t<\/div>\n\t\t\t\t<\/div>\n\t\t\t\t<\/div>\n\t\t\t\t<\/div>\n\t\t<div class=\"elementor-element elementor-element-20a8b65 e-con-full e-flex e-con e-child\" data-id=\"20a8b65\" data-element_type=\"container\">\n\t\t\t\t<div class=\"elementor-element elementor-element-79774085 elementor-align-justify elementor-widget elementor-widget-button\" data-id=\"79774085\" data-element_type=\"widget\" data-widget_type=\"button.default\">\n\t\t\t\t<div class=\"elementor-widget-container\">\n\t\t\t\t\t\t\t\t\t<div class=\"elementor-button-wrapper\">\n\t\t\t\t\t<a class=\"elementor-button elementor-button-link elementor-size-sm\" href=\"mailto:info@tobias-oleynik.com?subject=Anmeldung%20zum%20Trainingstag%20am%2028.03.2026\">\n\t\t\t\t\t\t<span class=\"elementor-button-content-wrapper\">\n\t\t\t\t\t\t\t\t\t<span class=\"elementor-button-text\">Hier anmelden<\/span>\n\t\t\t\t\t<\/span>\n\t\t\t\t\t<\/a>\n\t\t\t\t<\/div>\n\t\t\t\t\t\t\t\t<\/div>\n\t\t\t\t<\/div>\n\t\t\t\t<\/div>\n\t\t<div class=\"elementor-element elementor-element-64878a71 e-con-full e-flex e-con e-child\" data-id=\"64878a71\" data-element_type=\"container\" data-settings=\"{&quot;background_background&quot;:&quot;classic&quot;}\">\n\t\t<div class=\"elementor-element elementor-element-7582ee75 e-con-full e-flex e-con e-child\" data-id=\"7582ee75\" data-element_type=\"container\">\n\t\t\t\t<div class=\"elementor-element elementor-element-4696d5f1 elementor-widget-divider--view-line elementor-widget elementor-widget-divider\" data-id=\"4696d5f1\" data-element_type=\"widget\" data-widget_type=\"divider.default\">\n\t\t\t\t<div class=\"elementor-widget-container\">\n\t\t\t\t\t\t\t<div class=\"elementor-divider\">\n\t\t\t<span class=\"elementor-divider-separator\">\n\t\t\t\t\t\t<\/span>\n\t\t<\/div>\n\t\t\t\t\t\t<\/div>\n\t\t\t\t<\/div>\n\t\t\t\t<\/div>\n\t\t<div class=\"elementor-element elementor-element-de62a6b e-con-full e-flex e-con e-child\" data-id=\"de62a6b\" data-element_type=\"container\" data-settings=\"{&quot;background_background&quot;:&quot;classic&quot;}\">\n\t\t\t\t<div class=\"elementor-element elementor-element-397f92d6 elementor-widget__width-initial e-transform elementor-widget-tablet__width-initial elementor-widget elementor-widget-text-editor\" data-id=\"397f92d6\" data-element_type=\"widget\" data-settings=\"{&quot;_transform_translateX_effect&quot;:{&quot;unit&quot;:&quot;px&quot;,&quot;size&quot;:&quot;&quot;,&quot;sizes&quot;:[]},&quot;_transform_translateX_effect_tablet&quot;:{&quot;unit&quot;:&quot;px&quot;,&quot;size&quot;:&quot;&quot;,&quot;sizes&quot;:[]},&quot;_transform_translateX_effect_mobile&quot;:{&quot;unit&quot;:&quot;px&quot;,&quot;size&quot;:&quot;&quot;,&quot;sizes&quot;:[]},&quot;_transform_translateY_effect&quot;:{&quot;unit&quot;:&quot;px&quot;,&quot;size&quot;:&quot;&quot;,&quot;sizes&quot;:[]},&quot;_transform_translateY_effect_tablet&quot;:{&quot;unit&quot;:&quot;px&quot;,&quot;size&quot;:&quot;&quot;,&quot;sizes&quot;:[]},&quot;_transform_translateY_effect_mobile&quot;:{&quot;unit&quot;:&quot;px&quot;,&quot;size&quot;:&quot;&quot;,&quot;sizes&quot;:[]}}\" data-widget_type=\"text-editor.default\">\n\t\t\t\t<div class=\"elementor-widget-container\">\n\t\t\t\t\t\t\t\t\t<p style=\"text-align: left;\">11.07.2026<\/p><p>von 10.00 Uhr &#8211; 17.00 Uhr<\/p>\t\t\t\t\t\t\t\t<\/div>\n\t\t\t\t<\/div>\n\t\t\t\t<div class=\"elementor-element elementor-element-68b09378 elementor-widget elementor-widget-text-editor\" data-id=\"68b09378\" data-element_type=\"widget\" data-widget_type=\"text-editor.default\">\n\t\t\t\t<div class=\"elementor-widget-container\">\n\t\t\t\t\t\t\t\t\t<h5 style=\"text-align: left;\"><strong>Trainingstag f\u00fcr jugendliche Hundef\u00fchrer.<\/strong><\/h5><h6>Im Fokus stehen F\u00e4hrte, Unterordnung und Schutzdienst \u2013 praxisnah, strukturiert und mit klaren Trainingszielen. Wir arbeiten an Technik, Timing und Teamarbeit zwischen Mensch und Hund.<\/h6>\t\t\t\t\t\t\t\t<\/div>\n\t\t\t\t<\/div>\n\t\t\t\t<\/div>\n\t\t\t\t<\/div>\n\t\t<div class=\"elementor-element elementor-element-6c3970d3 e-con-full e-flex e-con e-child\" data-id=\"6c3970d3\" data-element_type=\"container\">\n\t\t\t\t<div class=\"elementor-element elementor-element-53d52b3a elementor-align-justify elementor-widget elementor-widget-button\" data-id=\"53d52b3a\" data-element_type=\"widget\" data-widget_type=\"button.default\">\n\t\t\t\t<div class=\"elementor-widget-container\">\n\t\t\t\t\t\t\t\t\t<div class=\"elementor-button-wrapper\">\n\t\t\t\t\t<a class=\"elementor-button elementor-button-link elementor-size-sm\" href=\"mailto:info@tobias-oleynik.com?subject=Anmeldung%20zum%20Trainingstag%20am%2011.07.2026\">\n\t\t\t\t\t\t<span class=\"elementor-button-content-wrapper\">\n\t\t\t\t\t\t\t\t\t<span class=\"elementor-button-text\">Hier anmelden<\/span>\n\t\t\t\t\t<\/span>\n\t\t\t\t\t<\/a>\n\t\t\t\t<\/div>\n\t\t\t\t\t\t\t\t<\/div>\n\t\t\t\t<\/div>\n\t\t\t\t<\/div>\n\t\t<div class=\"elementor-element elementor-element-16419646 e-con-full e-flex e-con e-child\" data-id=\"16419646\" data-element_type=\"container\" data-settings=\"{&quot;background_background&quot;:&quot;classic&quot;}\">\n\t\t<div class=\"elementor-element elementor-element-333e9f9f e-con-full e-flex e-con e-child\" data-id=\"333e9f9f\" data-element_type=\"container\">\n\t\t\t\t<div class=\"elementor-element elementor-element-28e1a4f7 elementor-widget-divider--view-line elementor-widget elementor-widget-divider\" data-id=\"28e1a4f7\" data-element_type=\"widget\" data-widget_type=\"divider.default\">\n\t\t\t\t<div class=\"elementor-widget-container\">\n\t\t\t\t\t\t\t<div class=\"elementor-divider\">\n\t\t\t<span class=\"elementor-divider-separator\">\n\t\t\t\t\t\t<\/span>\n\t\t<\/div>\n\t\t\t\t\t\t<\/div>\n\t\t\t\t<\/div>\n\t\t\t\t<\/div>\n\t\t<div class=\"elementor-element elementor-element-57fa4d85 e-con-full e-flex e-con e-child\" data-id=\"57fa4d85\" data-element_type=\"container\" data-settings=\"{&quot;background_background&quot;:&quot;classic&quot;}\">\n\t\t\t\t<div class=\"elementor-element elementor-element-3fcb0a6d elementor-widget__width-initial e-transform elementor-widget-tablet__width-initial elementor-widget elementor-widget-text-editor\" data-id=\"3fcb0a6d\" data-element_type=\"widget\" data-settings=\"{&quot;_transform_translateX_effect&quot;:{&quot;unit&quot;:&quot;px&quot;,&quot;size&quot;:&quot;&quot;,&quot;sizes&quot;:[]},&quot;_transform_translateX_effect_tablet&quot;:{&quot;unit&quot;:&quot;px&quot;,&quot;size&quot;:&quot;&quot;,&quot;sizes&quot;:[]},&quot;_transform_translateX_effect_mobile&quot;:{&quot;unit&quot;:&quot;px&quot;,&quot;size&quot;:&quot;&quot;,&quot;sizes&quot;:[]},&quot;_transform_translateY_effect&quot;:{&quot;unit&quot;:&quot;px&quot;,&quot;size&quot;:&quot;&quot;,&quot;sizes&quot;:[]},&quot;_transform_translateY_effect_tablet&quot;:{&quot;unit&quot;:&quot;px&quot;,&quot;size&quot;:&quot;&quot;,&quot;sizes&quot;:[]},&quot;_transform_translateY_effect_mobile&quot;:{&quot;unit&quot;:&quot;px&quot;,&quot;size&quot;:&quot;&quot;,&quot;sizes&quot;:[]}}\" data-widget_type=\"text-editor.default\">\n\t\t\t\t<div class=\"elementor-widget-container\">\n\t\t\t\t\t\t\t\t\t<p style=\"text-align: left;\">19.11.2026<\/p><p>von 10.00 Uhr &#8211; 17.00 Uhr<\/p>\t\t\t\t\t\t\t\t<\/div>\n\t\t\t\t<\/div>\n\t\t\t\t<div class=\"elementor-element elementor-element-6a0cf904 elementor-widget elementor-widget-text-editor\" data-id=\"6a0cf904\" data-element_type=\"widget\" data-widget_type=\"text-editor.default\">\n\t\t\t\t<div class=\"elementor-widget-container\">\n\t\t\t\t\t\t\t\t\t<h5 style=\"text-align: left;\"><strong>Trainingstag f\u00fcr jugendliche Hundef\u00fchrer.<\/strong><\/h5><h6>Im Fokus stehen F\u00e4hrte, Unterordnung und Schutzdienst \u2013 praxisnah, strukturiert und mit klaren Trainingszielen. Wir arbeiten an Technik, Timing und Teamarbeit zwischen Mensch und Hund.<\/h6>\t\t\t\t\t\t\t\t<\/div>\n\t\t\t\t<\/div>\n\t\t\t\t<\/div>\n\t\t\t\t<\/div>\n\t\t<div class=\"elementor-element elementor-element-7cf553d8 e-con-full e-flex e-con e-child\" data-id=\"7cf553d8\" data-element_type=\"container\">\n\t\t\t\t<div class=\"elementor-element elementor-element-42dc97ee elementor-align-justify elementor-widget elementor-widget-button\" data-id=\"42dc97ee\" data-element_type=\"widget\" data-widget_type=\"button.default\">\n\t\t\t\t<div class=\"elementor-widget-container\">\n\t\t\t\t\t\t\t\t\t<div class=\"elementor-button-wrapper\">\n\t\t\t\t\t<a class=\"elementor-button elementor-button-link elementor-size-sm\" href=\"mailto:info@tobias-oleynik.com?subject=Anmeldung%20zum%20Trainingstag%20am%2019.11.2026\">\n\t\t\t\t\t\t<span class=\"elementor-button-content-wrapper\">\n\t\t\t\t\t\t\t\t\t<span class=\"elementor-button-text\">Hier anmelden<\/span>\n\t\t\t\t\t<\/span>\n\t\t\t\t\t<\/a>\n\t\t\t\t<\/div>\n\t\t\t\t\t\t\t\t<\/div>\n\t\t\t\t<\/div>\n\t\t\t\t<\/div>\n\t\t<div class=\"elementor-element elementor-element-1d1346ce e-con-full e-flex e-con e-child\" data-id=\"1d1346ce\" data-element_type=\"container\" data-settings=\"{&quot;background_background&quot;:&quot;classic&quot;}\">\n\t\t<div class=\"elementor-element elementor-element-335d064e e-con-full e-flex e-con e-child\" data-id=\"335d064e\" data-element_type=\"container\">\n\t\t\t\t<div class=\"elementor-element elementor-element-158ca75a elementor-widget-divider--view-line elementor-widget elementor-widget-divider\" data-id=\"158ca75a\" data-element_type=\"widget\" data-widget_type=\"divider.default\">\n\t\t\t\t<div class=\"elementor-widget-container\">\n\t\t\t\t\t\t\t<div class=\"elementor-divider\">\n\t\t\t<span class=\"elementor-divider-separator\">\n\t\t\t\t\t\t<\/span>\n\t\t<\/div>\n\t\t\t\t\t\t<\/div>\n\t\t\t\t<\/div>\n\t\t\t\t<\/div>\n\t\t<div class=\"elementor-element elementor-element-2a973d94 e-con-full e-flex e-con e-child\" data-id=\"2a973d94\" data-element_type=\"container\" data-settings=\"{&quot;background_background&quot;:&quot;classic&quot;}\">\n\t\t\t\t<div class=\"elementor-element elementor-element-601c2945 elementor-widget__width-initial e-transform elementor-widget-tablet__width-initial elementor-widget elementor-widget-text-editor\" data-id=\"601c2945\" data-element_type=\"widget\" data-settings=\"{&quot;_transform_translateX_effect&quot;:{&quot;unit&quot;:&quot;px&quot;,&quot;size&quot;:&quot;&quot;,&quot;sizes&quot;:[]},&quot;_transform_translateX_effect_tablet&quot;:{&quot;unit&quot;:&quot;px&quot;,&quot;size&quot;:&quot;&quot;,&quot;sizes&quot;:[]},&quot;_transform_translateX_effect_mobile&quot;:{&quot;unit&quot;:&quot;px&quot;,&quot;size&quot;:&quot;&quot;,&quot;sizes&quot;:[]},&quot;_transform_translateY_effect&quot;:{&quot;unit&quot;:&quot;px&quot;,&quot;size&quot;:&quot;&quot;,&quot;sizes&quot;:[]},&quot;_transform_translateY_effect_tablet&quot;:{&quot;unit&quot;:&quot;px&quot;,&quot;size&quot;:&quot;&quot;,&quot;sizes&quot;:[]},&quot;_transform_translateY_effect_mobile&quot;:{&quot;unit&quot;:&quot;px&quot;,&quot;size&quot;:&quot;&quot;,&quot;sizes&quot;:[]}}\" data-widget_type=\"text-editor.default\">\n\t\t\t\t<div class=\"elementor-widget-container\">\n\t\t\t\t\t\t\t\t\t<p style=\"text-align: left;\">05.12.2026<\/p><p>von 10.00 Uhr &#8211; 17.00 Uhr<\/p>\t\t\t\t\t\t\t\t<\/div>\n\t\t\t\t<\/div>\n\t\t\t\t<div class=\"elementor-element elementor-element-3af33db2 elementor-widget elementor-widget-text-editor\" data-id=\"3af33db2\" data-element_type=\"widget\" data-widget_type=\"text-editor.default\">\n\t\t\t\t<div class=\"elementor-widget-container\">\n\t\t\t\t\t\t\t\t\t<h5 style=\"text-align: left;\"><strong>Trainingstag f\u00fcr jugendliche Hundef\u00fchrer.<\/strong><\/h5><h6>Im Fokus stehen F\u00e4hrte, Unterordnung und Schutzdienst \u2013 praxisnah, strukturiert und mit klaren Trainingszielen. Wir arbeiten an Technik, Timing und Teamarbeit zwischen Mensch und Hund.<\/h6>\t\t\t\t\t\t\t\t<\/div>\n\t\t\t\t<\/div>\n\t\t\t\t<\/div>\n\t\t\t\t<\/div>\n\t\t<div class=\"elementor-element elementor-element-1cfe665f e-con-full e-flex e-con e-child\" data-id=\"1cfe665f\" data-element_type=\"container\">\n\t\t\t\t<div class=\"elementor-element elementor-element-c5d3f12 elementor-align-justify elementor-widget elementor-widget-button\" data-id=\"c5d3f12\" data-element_type=\"widget\" data-widget_type=\"button.default\">\n\t\t\t\t<div class=\"elementor-widget-container\">\n\t\t\t\t\t\t\t\t\t<div class=\"elementor-button-wrapper\">\n\t\t\t\t\t<a class=\"elementor-button elementor-button-link elementor-size-sm\" href=\"mailto:info@tobias-oleynik.com?subject=Anmeldung%20zum%20Trainingstag%20am%2005.12.2026\">\n\t\t\t\t\t\t<span class=\"elementor-button-content-wrapper\">\n\t\t\t\t\t\t\t\t\t<span class=\"elementor-button-text\">Hier anmelden<\/span>\n\t\t\t\t\t<\/span>\n\t\t\t\t\t<\/a>\n\t\t\t\t<\/div>\n\t\t\t\t\t\t\t\t<\/div>\n\t\t\t\t<\/div>\n\t\t\t\t<\/div>\n\t\t\t\t<\/div>\n\t\t\t\t\t<\/div>\n\t\t\t\t<\/div>\n\t\t\t\t<\/div>","protected":false},"excerpt":{"rendered":"<p>\u00dcbersicht &#8211; Ausbilder Tobias Oleynik W\u00e4hle einfach deinen Termin aus, nimm direkt Kontakt zum Trainer auf und sichere dir deinen Platz.\u00a0 Tobias Oleynik SV OG Asperden \/ NRW Angebote und Termine 28.03.2026 von 10.00 Uhr &#8211; 17.00 Uhr Trainingstag f\u00fcr jugendliche Hundef\u00fchrer. Im Fokus stehen F\u00e4hrte, Unterordnung und Schutzdienst \u2013 praxisnah, strukturiert und mit klaren [&hellip;]<\/p>","protected":false},"author":8,"featured_media":0,"parent":6202,"menu_order":0,"comment_status":"closed","ping_status":"closed","template":"elementor_header_footer","meta":{"footnotes":""},"class_list":["post-6293","page","type-page","status-publish","hentry"],"aioseo_notices":[],"_links":{"self":[{"href":"https:\/\/k9-and-sports.com\/en\/wp-json\/wp\/v2\/pages\/6293","targetHints":{"allow":["GET"]}}],"collection":[{"href":"https:\/\/k9-and-sports.com\/en\/wp-json\/wp\/v2\/pages"}],"about":[{"href":"https:\/\/k9-and-sports.com\/en\/wp-json\/wp\/v2\/types\/page"}],"author":[{"embeddable":true,"href":"https:\/\/k9-and-sports.com\/en\/wp-json\/wp\/v2\/users\/8"}],"replies":[{"embeddable":true,"href":"https:\/\/k9-and-sports.com\/en\/wp-json\/wp\/v2\/comments?post=6293"}],"version-history":[{"count":8,"href":"https:\/\/k9-and-sports.com\/en\/wp-json\/wp\/v2\/pages\/6293\/revisions"}],"predecessor-version":[{"id":6440,"href":"https:\/\/k9-and-sports.com\/en\/wp-json\/wp\/v2\/pages\/6293\/revisions\/6440"}],"up":[{"embeddable":true,"href":"https:\/\/k9-and-sports.com\/en\/wp-json\/wp\/v2\/pages\/6202"}],"wp:attachment":[{"href":"https:\/\/k9-and-sports.com\/en\/wp-json\/wp\/v2\/media?parent=6293"}],"curies":[{"name":"wp","href":"https:\/\/api.w.org\/{rel}","templated":true}]}}