{"id":6314,"date":"2026-03-13T20:53:37","date_gmt":"2026-03-13T19:53:37","guid":{"rendered":"https:\/\/k9-and-sports.com\/?page_id=6314"},"modified":"2026-04-10T09:29:28","modified_gmt":"2026-04-10T07:29:28","slug":"ausbilderteam-kathrin-heldt-thomas-wesselmann","status":"publish","type":"page","link":"https:\/\/k9-and-sports.com\/en\/academy\/ausbilderteam-kathrin-heldt-thomas-wesselmann\/","title":{"rendered":"Ausbilderteam Kathrin Heldt &#038; Thomas Wesselmann"},"content":{"rendered":"<div data-elementor-type=\"wp-page\" data-elementor-id=\"6314\" class=\"elementor elementor-6314\" data-elementor-post-type=\"page\">\n\t\t\t\t<div class=\"elementor-element elementor-element-6234a354 e-flex e-con-boxed e-con e-parent\" data-id=\"6234a354\" data-element_type=\"container\" data-settings=\"{&quot;background_background&quot;:&quot;classic&quot;}\">\n\t\t\t\t\t<div class=\"e-con-inner\">\n\t\t\t\t\t<\/div>\n\t\t\t\t<\/div>\n\t\t<div class=\"elementor-element elementor-element-15b3c563 e-flex e-con-boxed e-con e-parent\" data-id=\"15b3c563\" data-element_type=\"container\" data-settings=\"{&quot;background_background&quot;:&quot;classic&quot;}\">\n\t\t\t\t\t<div class=\"e-con-inner\">\n\t\t\t\t<div class=\"elementor-element elementor-element-4bd56945 elementor-widget elementor-widget-heading\" data-id=\"4bd56945\" data-element_type=\"widget\" data-widget_type=\"heading.default\">\n\t\t\t\t<div class=\"elementor-widget-container\">\n\t\t\t\t\t<h2 class=\"elementor-heading-title elementor-size-default\"><h4 class=\"\" data-end=\"214\" data-start=\"65\" style=\"text-align: center\" data-css=\"tve-u-19c749199ee\">\u00dcbersicht - Ausbilderteam Kathrin Heldt &amp; Thomas Wesselmann<\/h4><\/h2>\t\t\t\t<\/div>\n\t\t\t\t<\/div>\n\t\t\t\t\t<\/div>\n\t\t\t\t<\/div>\n\t\t<div class=\"elementor-element elementor-element-141896bf e-flex e-con-boxed e-con e-parent\" data-id=\"141896bf\" data-element_type=\"container\" data-settings=\"{&quot;background_background&quot;:&quot;classic&quot;}\">\n\t\t\t\t\t<div class=\"e-con-inner\">\n\t\t\t\t<div class=\"elementor-element elementor-element-21885d05 elementor-widget-divider--view-line elementor-widget elementor-widget-divider\" data-id=\"21885d05\" data-element_type=\"widget\" data-widget_type=\"divider.default\">\n\t\t\t\t<div class=\"elementor-widget-container\">\n\t\t\t\t\t\t\t<div class=\"elementor-divider\">\n\t\t\t<span class=\"elementor-divider-separator\">\n\t\t\t\t\t\t<\/span>\n\t\t<\/div>\n\t\t\t\t\t\t<\/div>\n\t\t\t\t<\/div>\n\t\t\t\t\t<\/div>\n\t\t\t\t<\/div>\n\t\t<div class=\"elementor-element elementor-element-6e129fe1 e-flex e-con-boxed e-con e-parent\" data-id=\"6e129fe1\" data-element_type=\"container\" data-settings=\"{&quot;background_background&quot;:&quot;classic&quot;}\">\n\t\t\t\t\t<div class=\"e-con-inner\">\n\t\t\t\t<div class=\"elementor-element elementor-element-73cd5725 elementor-widget elementor-widget-text-editor\" data-id=\"73cd5725\" data-element_type=\"widget\" data-widget_type=\"text-editor.default\">\n\t\t\t\t<div class=\"elementor-widget-container\">\n\t\t\t\t\t\t\t\t\t<h4 style=\"text-align: center;\" data-css=\"tve-u-19c7497060f\">W\u00e4hle einfach deinen Termin aus, nimm direkt Kontakt zum Team auf und sichere dir deinen Platz.\u00a0<\/h4>\t\t\t\t\t\t\t\t<\/div>\n\t\t\t\t<\/div>\n\t\t\t\t\t<\/div>\n\t\t\t\t<\/div>\n\t\t<div class=\"elementor-element elementor-element-7f4f66f3 e-flex e-con-boxed e-con e-parent\" data-id=\"7f4f66f3\" data-element_type=\"container\" data-settings=\"{&quot;background_background&quot;:&quot;classic&quot;}\">\n\t\t\t\t\t<div class=\"e-con-inner\">\n\t\t<div class=\"elementor-element elementor-element-1688a09d e-con-full e-flex e-con e-child\" data-id=\"1688a09d\" data-element_type=\"container\">\n\t\t\t\t<div class=\"elementor-element elementor-element-564a9ead elementor-widget elementor-widget-image\" data-id=\"564a9ead\" data-element_type=\"widget\" data-widget_type=\"image.default\">\n\t\t\t\t<div class=\"elementor-widget-container\">\n\t\t\t\t\t\t\t\t\t\t\t\t\t\t\t<img fetchpriority=\"high\" decoding=\"async\" width=\"300\" height=\"300\" src=\"https:\/\/k9-and-sports.com\/wp-content\/uploads\/2026\/03\/WhatsApp-Image-2026-03-29-at-17.06.46-300x300.jpeg\" class=\"attachment-medium size-medium wp-image-6504\" alt=\"\" srcset=\"https:\/\/k9-and-sports.com\/wp-content\/uploads\/2026\/03\/WhatsApp-Image-2026-03-29-at-17.06.46-300x300.jpeg 300w, https:\/\/k9-and-sports.com\/wp-content\/uploads\/2026\/03\/WhatsApp-Image-2026-03-29-at-17.06.46-1024x1024.jpeg 1024w, https:\/\/k9-and-sports.com\/wp-content\/uploads\/2026\/03\/WhatsApp-Image-2026-03-29-at-17.06.46-150x150.jpeg 150w, https:\/\/k9-and-sports.com\/wp-content\/uploads\/2026\/03\/WhatsApp-Image-2026-03-29-at-17.06.46-768x768.jpeg 768w, https:\/\/k9-and-sports.com\/wp-content\/uploads\/2026\/03\/WhatsApp-Image-2026-03-29-at-17.06.46-1536x1536.jpeg 1536w, https:\/\/k9-and-sports.com\/wp-content\/uploads\/2026\/03\/WhatsApp-Image-2026-03-29-at-17.06.46-12x12.jpeg 12w, https:\/\/k9-and-sports.com\/wp-content\/uploads\/2026\/03\/elementor\/thumbs\/WhatsApp-Image-2026-03-29-at-17.06.46-rl9vbs7ah2qzrjzqphkz5ujgxg2dmiscr8m5zirr86.jpeg 175w, https:\/\/k9-and-sports.com\/wp-content\/uploads\/2026\/03\/WhatsApp-Image-2026-03-29-at-17.06.46.jpeg 1600w\" sizes=\"(max-width: 300px) 100vw, 300px\" \/>\t\t\t\t\t\t\t\t\t\t\t\t\t\t\t<\/div>\n\t\t\t\t<\/div>\n\t\t\t\t<\/div>\n\t\t<div class=\"elementor-element elementor-element-47386854 e-con-full e-flex e-con e-child\" data-id=\"47386854\" data-element_type=\"container\">\n\t\t<div class=\"elementor-element elementor-element-182e4839 e-con-full e-flex e-con e-child\" data-id=\"182e4839\" data-element_type=\"container\" data-settings=\"{&quot;background_background&quot;:&quot;classic&quot;}\">\n\t\t\t\t<div class=\"elementor-element elementor-element-752a1922 elementor-widget__width-initial elementor-widget elementor-widget-text-editor\" data-id=\"752a1922\" data-element_type=\"widget\" data-widget_type=\"text-editor.default\">\n\t\t\t\t<div class=\"elementor-widget-container\">\n\t\t\t\t\t\t\t\t\t<h3 style=\"text-align: left;\">Kathrin Heldt &amp; <br \/>Thomas Wesselmann<\/h3>\t\t\t\t\t\t\t\t<\/div>\n\t\t\t\t<\/div>\n\t\t\t\t<div class=\"elementor-element elementor-element-2bfc326b elementor-widget elementor-widget-text-editor\" data-id=\"2bfc326b\" data-element_type=\"widget\" data-widget_type=\"text-editor.default\">\n\t\t\t\t<div class=\"elementor-widget-container\">\n\t\t\t\t\t\t\t\t\t<h3 style=\"text-align: left;\">Ort: BK L\u00f6hne, An der Osnabr\u00fccker Bahn 62, 32584 L\u00f6hne<\/h3>\t\t\t\t\t\t\t\t<\/div>\n\t\t\t\t<\/div>\n\t\t\t\t<\/div>\n\t\t<div class=\"elementor-element elementor-element-607dfa1c e-con-full e-flex e-con e-child\" data-id=\"607dfa1c\" data-element_type=\"container\" data-settings=\"{&quot;background_background&quot;:&quot;classic&quot;}\">\n\t\t\t\t<div class=\"elementor-element elementor-element-63470fd elementor-widget elementor-widget-heading\" data-id=\"63470fd\" data-element_type=\"widget\" data-widget_type=\"heading.default\">\n\t\t\t\t<div class=\"elementor-widget-container\">\n\t\t\t\t\t<h4 class=\"elementor-heading-title elementor-size-default\"><u>Angebote und Termine<\/u><\/h4>\t\t\t\t<\/div>\n\t\t\t\t<\/div>\n\t\t<div class=\"elementor-element elementor-element-11206cb9 e-con-full e-flex e-con e-child\" data-id=\"11206cb9\" data-element_type=\"container\" data-settings=\"{&quot;background_background&quot;:&quot;classic&quot;}\">\n\t\t\t\t<div class=\"elementor-element elementor-element-30a549ca elementor-widget__width-initial e-transform elementor-widget-tablet__width-initial elementor-widget elementor-widget-text-editor\" data-id=\"30a549ca\" data-element_type=\"widget\" data-settings=\"{&quot;_transform_translateX_effect&quot;:{&quot;unit&quot;:&quot;px&quot;,&quot;size&quot;:&quot;&quot;,&quot;sizes&quot;:[]},&quot;_transform_translateX_effect_tablet&quot;:{&quot;unit&quot;:&quot;px&quot;,&quot;size&quot;:&quot;&quot;,&quot;sizes&quot;:[]},&quot;_transform_translateX_effect_mobile&quot;:{&quot;unit&quot;:&quot;px&quot;,&quot;size&quot;:&quot;&quot;,&quot;sizes&quot;:[]},&quot;_transform_translateY_effect&quot;:{&quot;unit&quot;:&quot;px&quot;,&quot;size&quot;:&quot;&quot;,&quot;sizes&quot;:[]},&quot;_transform_translateY_effect_tablet&quot;:{&quot;unit&quot;:&quot;px&quot;,&quot;size&quot;:&quot;&quot;,&quot;sizes&quot;:[]},&quot;_transform_translateY_effect_mobile&quot;:{&quot;unit&quot;:&quot;px&quot;,&quot;size&quot;:&quot;&quot;,&quot;sizes&quot;:[]}}\" data-widget_type=\"text-editor.default\">\n\t\t\t\t<div class=\"elementor-widget-container\">\n\t\t\t\t\t\t\t\t\t<p style=\"text-align: left;\">25.04.2026<br \/><br \/>Uhrzeit: 10.00 &#8211; 16.00 Uhr<\/p>\t\t\t\t\t\t\t\t<\/div>\n\t\t\t\t<\/div>\n\t\t\t\t<div class=\"elementor-element elementor-element-5ca077cf elementor-widget elementor-widget-text-editor\" data-id=\"5ca077cf\" data-element_type=\"widget\" data-widget_type=\"text-editor.default\">\n\t\t\t\t<div class=\"elementor-widget-container\">\n\t\t\t\t\t\t\t\t\t<h5><strong>Training f\u00fcr jugendliche Hundef\u00fchrer.<\/strong><\/h5><h6>Das Thema ist Unterordnung \u2013 praxisnah, strukturiert und mit klaren Trainingszielen. Wir arbeiten an Technik, Timing und Teamarbeit zwischen Mensch und Hund.\u00a0<\/h6><p>Anmeldung bis 19.04 m\u00f6glich.<\/p><p>\u00a0Anmeldung auch per WhatsApp 0171 1036107 m\u00f6glich.<\/p>\t\t\t\t\t\t\t\t<\/div>\n\t\t\t\t<\/div>\n\t\t\t\t<\/div>\n\t\t\t\t<\/div>\n\t\t<div class=\"elementor-element elementor-element-22c761d5 e-con-full e-flex e-con e-child\" data-id=\"22c761d5\" data-element_type=\"container\">\n\t\t\t\t<div class=\"elementor-element elementor-element-6c43f66f elementor-align-justify elementor-widget elementor-widget-button\" data-id=\"6c43f66f\" data-element_type=\"widget\" data-widget_type=\"button.default\">\n\t\t\t\t<div class=\"elementor-widget-container\">\n\t\t\t\t\t\t\t\t\t<div class=\"elementor-button-wrapper\">\n\t\t\t\t\t<a class=\"elementor-button elementor-button-link elementor-size-sm\" href=\"mailto:kathrin@dogs-teamwork.com?subject=Anmeldung%20zum%20Trainingstag%20am%2025.04.2026%20(Academy)\">\n\t\t\t\t\t\t<span class=\"elementor-button-content-wrapper\">\n\t\t\t\t\t\t\t\t\t<span class=\"elementor-button-text\">Hier anmelden<\/span>\n\t\t\t\t\t<\/span>\n\t\t\t\t\t<\/a>\n\t\t\t\t<\/div>\n\t\t\t\t\t\t\t\t<\/div>\n\t\t\t\t<\/div>\n\t\t\t\t<\/div>\n\t\t\t\t<\/div>\n\t\t\t\t\t<\/div>\n\t\t\t\t<\/div>\n\t\t\t\t<\/div>","protected":false},"excerpt":{"rendered":"<p>\u00dcbersicht &#8211; Ausbilderteam Kathrin Heldt &amp; Thomas Wesselmann W\u00e4hle einfach deinen Termin aus, nimm direkt Kontakt zum Team auf und sichere dir deinen Platz.\u00a0 Kathrin Heldt &amp; Thomas Wesselmann Ort: BK L\u00f6hne, An der Osnabr\u00fccker Bahn 62, 32584 L\u00f6hne Angebote und Termine 25.04.2026 Uhrzeit: 10.00 &#8211; 16.00 Uhr Training f\u00fcr jugendliche Hundef\u00fchrer. Das Thema ist [&hellip;]<\/p>","protected":false},"author":8,"featured_media":0,"parent":6202,"menu_order":0,"comment_status":"closed","ping_status":"closed","template":"elementor_header_footer","meta":{"footnotes":""},"class_list":["post-6314","page","type-page","status-publish","hentry"],"aioseo_notices":[],"_links":{"self":[{"href":"https:\/\/k9-and-sports.com\/en\/wp-json\/wp\/v2\/pages\/6314","targetHints":{"allow":["GET"]}}],"collection":[{"href":"https:\/\/k9-and-sports.com\/en\/wp-json\/wp\/v2\/pages"}],"about":[{"href":"https:\/\/k9-and-sports.com\/en\/wp-json\/wp\/v2\/types\/page"}],"author":[{"embeddable":true,"href":"https:\/\/k9-and-sports.com\/en\/wp-json\/wp\/v2\/users\/8"}],"replies":[{"embeddable":true,"href":"https:\/\/k9-and-sports.com\/en\/wp-json\/wp\/v2\/comments?post=6314"}],"version-history":[{"count":10,"href":"https:\/\/k9-and-sports.com\/en\/wp-json\/wp\/v2\/pages\/6314\/revisions"}],"predecessor-version":[{"id":6583,"href":"https:\/\/k9-and-sports.com\/en\/wp-json\/wp\/v2\/pages\/6314\/revisions\/6583"}],"up":[{"embeddable":true,"href":"https:\/\/k9-and-sports.com\/en\/wp-json\/wp\/v2\/pages\/6202"}],"wp:attachment":[{"href":"https:\/\/k9-and-sports.com\/en\/wp-json\/wp\/v2\/media?parent=6314"}],"curies":[{"name":"wp","href":"https:\/\/api.w.org\/{rel}","templated":true}]}}