{"id":6435,"date":"2026-03-27T11:10:44","date_gmt":"2026-03-27T10:10:44","guid":{"rendered":"https:\/\/k9-and-sports.com\/?page_id=6435"},"modified":"2026-04-29T16:15:26","modified_gmt":"2026-04-29T14:15:26","slug":"ausbilderin-mareike-loges","status":"publish","type":"page","link":"https:\/\/k9-and-sports.com\/en\/academy\/ausbilderin-mareike-loges\/","title":{"rendered":"Ausbilderin Mareike Loges"},"content":{"rendered":"<div data-elementor-type=\"wp-page\" data-elementor-id=\"6435\" class=\"elementor elementor-6435\" data-elementor-post-type=\"page\">\n\t\t\t\t<div class=\"elementor-element elementor-element-1855ea19 e-flex e-con-boxed e-con e-parent\" data-id=\"1855ea19\" data-element_type=\"container\" data-settings=\"{&quot;background_background&quot;:&quot;classic&quot;}\">\n\t\t\t\t\t<div class=\"e-con-inner\">\n\t\t\t\t\t<\/div>\n\t\t\t\t<\/div>\n\t\t<div class=\"elementor-element elementor-element-8638a34 e-flex e-con-boxed e-con e-parent\" data-id=\"8638a34\" data-element_type=\"container\" data-settings=\"{&quot;background_background&quot;:&quot;classic&quot;}\">\n\t\t\t\t\t<div class=\"e-con-inner\">\n\t\t\t\t<div class=\"elementor-element elementor-element-338b78c7 elementor-widget elementor-widget-heading\" data-id=\"338b78c7\" data-element_type=\"widget\" data-widget_type=\"heading.default\">\n\t\t\t\t<div class=\"elementor-widget-container\">\n\t\t\t\t\t<h2 class=\"elementor-heading-title elementor-size-default\"><h4 class=\"\" data-end=\"214\" data-start=\"65\" style=\"text-align: center\" data-css=\"tve-u-19c749199ee\">\u00dcbersicht - Ausbilderin Mareike Loges<\/h4><\/h2>\t\t\t\t<\/div>\n\t\t\t\t<\/div>\n\t\t\t\t\t<\/div>\n\t\t\t\t<\/div>\n\t\t<div class=\"elementor-element elementor-element-3578f7bf e-flex e-con-boxed e-con e-parent\" data-id=\"3578f7bf\" data-element_type=\"container\" data-settings=\"{&quot;background_background&quot;:&quot;classic&quot;}\">\n\t\t\t\t\t<div class=\"e-con-inner\">\n\t\t\t\t<div class=\"elementor-element elementor-element-5eaaa106 elementor-widget-divider--view-line elementor-widget elementor-widget-divider\" data-id=\"5eaaa106\" data-element_type=\"widget\" data-widget_type=\"divider.default\">\n\t\t\t\t<div class=\"elementor-widget-container\">\n\t\t\t\t\t\t\t<div class=\"elementor-divider\">\n\t\t\t<span class=\"elementor-divider-separator\">\n\t\t\t\t\t\t<\/span>\n\t\t<\/div>\n\t\t\t\t\t\t<\/div>\n\t\t\t\t<\/div>\n\t\t\t\t\t<\/div>\n\t\t\t\t<\/div>\n\t\t<div class=\"elementor-element elementor-element-5b60706d e-flex e-con-boxed e-con e-parent\" data-id=\"5b60706d\" data-element_type=\"container\" data-settings=\"{&quot;background_background&quot;:&quot;classic&quot;}\">\n\t\t\t\t\t<div class=\"e-con-inner\">\n\t\t\t\t<div class=\"elementor-element elementor-element-2cc6d74f elementor-widget elementor-widget-text-editor\" data-id=\"2cc6d74f\" data-element_type=\"widget\" data-widget_type=\"text-editor.default\">\n\t\t\t\t<div class=\"elementor-widget-container\">\n\t\t\t\t\t\t\t\t\t<h4 style=\"text-align: center;\" data-css=\"tve-u-19c7497060f\">W\u00e4hle einfach deinen Termin aus, nimm direkt Kontakt zum Trainer auf und sichere dir deinen Platz.\u00a0<\/h4>\t\t\t\t\t\t\t\t<\/div>\n\t\t\t\t<\/div>\n\t\t\t\t\t<\/div>\n\t\t\t\t<\/div>\n\t\t<div class=\"elementor-element elementor-element-65d9e48c e-flex e-con-boxed e-con e-parent\" data-id=\"65d9e48c\" data-element_type=\"container\" data-settings=\"{&quot;background_background&quot;:&quot;classic&quot;}\">\n\t\t\t\t\t<div class=\"e-con-inner\">\n\t\t<div class=\"elementor-element elementor-element-79f5dbab e-con-full e-flex e-con e-child\" data-id=\"79f5dbab\" data-element_type=\"container\">\n\t\t\t\t<div class=\"elementor-element elementor-element-2ec0d6c elementor-widget elementor-widget-image\" data-id=\"2ec0d6c\" data-element_type=\"widget\" data-widget_type=\"image.default\">\n\t\t\t\t<div class=\"elementor-widget-container\">\n\t\t\t\t\t\t\t\t\t\t\t\t\t\t\t<img decoding=\"async\" src=\"https:\/\/k9-and-sports.com\/wp-content\/uploads\/elementor\/thumbs\/WhatsApp-Image-2026-03-13-at-14.17.33-rl4cqetiedsrceur0msjpgtrmweqkf9zh4uhwp7rme.jpeg\" title=\"WhatsApp Image 2026-03-13 at 14.17.33\" alt=\"WhatsApp Image 2026-03-13 at 14.17.33\" loading=\"lazy\" \/>\t\t\t\t\t\t\t\t\t\t\t\t\t\t\t<\/div>\n\t\t\t\t<\/div>\n\t\t\t\t<\/div>\n\t\t<div class=\"elementor-element elementor-element-3634210f e-con-full e-flex e-con e-child\" data-id=\"3634210f\" data-element_type=\"container\">\n\t\t<div class=\"elementor-element elementor-element-d95cac1 e-con-full e-flex e-con e-child\" data-id=\"d95cac1\" data-element_type=\"container\" data-settings=\"{&quot;background_background&quot;:&quot;classic&quot;}\">\n\t\t\t\t<div class=\"elementor-element elementor-element-461e4555 elementor-widget elementor-widget-text-editor\" data-id=\"461e4555\" data-element_type=\"widget\" data-widget_type=\"text-editor.default\">\n\t\t\t\t<div class=\"elementor-widget-container\">\n\t\t\t\t\t\t\t\t\t<h3 style=\"text-align: left;\">Mareike Loges<\/h3>\t\t\t\t\t\t\t\t<\/div>\n\t\t\t\t<\/div>\n\t\t\t\t<div class=\"elementor-element elementor-element-633f7348 elementor-widget elementor-widget-text-editor\" data-id=\"633f7348\" data-element_type=\"widget\" data-widget_type=\"text-editor.default\">\n\t\t\t\t<div class=\"elementor-widget-container\">\n\t\t\t\t\t\t\t\t\t<h3 style=\"text-align: left;\">Isenb\u00fcttel\/Gifhorn &#8211; Niedersachsen<\/h3>\t\t\t\t\t\t\t\t<\/div>\n\t\t\t\t<\/div>\n\t\t\t\t<\/div>\n\t\t<div class=\"elementor-element elementor-element-311323cb e-con-full e-flex e-con e-child\" data-id=\"311323cb\" data-element_type=\"container\" data-settings=\"{&quot;background_background&quot;:&quot;classic&quot;}\">\n\t\t\t\t<div class=\"elementor-element elementor-element-571b8d2a elementor-widget elementor-widget-heading\" data-id=\"571b8d2a\" data-element_type=\"widget\" data-widget_type=\"heading.default\">\n\t\t\t\t<div class=\"elementor-widget-container\">\n\t\t\t\t\t<h4 class=\"elementor-heading-title elementor-size-default\"><u>Angebote und Termine<\/u><\/h4>\t\t\t\t<\/div>\n\t\t\t\t<\/div>\n\t\t\t\t<\/div>\n\t\t<div class=\"elementor-element elementor-element-56ad117 e-con-full e-flex e-con e-child\" data-id=\"56ad117\" data-element_type=\"container\">\n\t\t<div class=\"elementor-element elementor-element-1833425 e-con-full e-flex e-con e-child\" data-id=\"1833425\" data-element_type=\"container\">\n\t\t<div class=\"elementor-element elementor-element-6fb2338 e-con-full e-flex e-con e-child\" data-id=\"6fb2338\" data-element_type=\"container\" data-settings=\"{&quot;background_background&quot;:&quot;classic&quot;}\">\n\t\t\t\t<div class=\"elementor-element elementor-element-5bb6243 elementor-widget elementor-widget-text-editor\" data-id=\"5bb6243\" data-element_type=\"widget\" data-widget_type=\"text-editor.default\">\n\t\t\t\t<div class=\"elementor-widget-container\">\n\t\t\t\t\t\t\t\t\t<h3 style=\"text-align: left;\">Vereinsgel\u00e4nde BK Heepen \/ Bielefeld &#8211; NRW<\/h3>\t\t\t\t\t\t\t\t<\/div>\n\t\t\t\t<\/div>\n\t\t\t\t<\/div>\n\t\t<div class=\"elementor-element elementor-element-443cd38 e-con-full e-flex e-con e-child\" data-id=\"443cd38\" data-element_type=\"container\" data-settings=\"{&quot;background_background&quot;:&quot;classic&quot;}\">\n\t\t<div class=\"elementor-element elementor-element-07b9d57 e-con-full e-flex e-con e-child\" data-id=\"07b9d57\" data-element_type=\"container\" data-settings=\"{&quot;background_background&quot;:&quot;classic&quot;}\">\n\t\t\t\t<div class=\"elementor-element elementor-element-f8cde81 elementor-widget__width-initial e-transform elementor-widget-tablet__width-initial elementor-widget elementor-widget-text-editor\" data-id=\"f8cde81\" data-element_type=\"widget\" data-settings=\"{&quot;_transform_translateX_effect&quot;:{&quot;unit&quot;:&quot;px&quot;,&quot;size&quot;:&quot;&quot;,&quot;sizes&quot;:[]},&quot;_transform_translateX_effect_tablet&quot;:{&quot;unit&quot;:&quot;px&quot;,&quot;size&quot;:&quot;&quot;,&quot;sizes&quot;:[]},&quot;_transform_translateX_effect_mobile&quot;:{&quot;unit&quot;:&quot;px&quot;,&quot;size&quot;:&quot;&quot;,&quot;sizes&quot;:[]},&quot;_transform_translateY_effect&quot;:{&quot;unit&quot;:&quot;px&quot;,&quot;size&quot;:&quot;&quot;,&quot;sizes&quot;:[]},&quot;_transform_translateY_effect_tablet&quot;:{&quot;unit&quot;:&quot;px&quot;,&quot;size&quot;:&quot;&quot;,&quot;sizes&quot;:[]},&quot;_transform_translateY_effect_mobile&quot;:{&quot;unit&quot;:&quot;px&quot;,&quot;size&quot;:&quot;&quot;,&quot;sizes&quot;:[]}}\" data-widget_type=\"text-editor.default\">\n\t\t\t\t<div class=\"elementor-widget-container\">\n\t\t\t\t\t\t\t\t\t<p>11.07.2026<\/p><p>unbegrenzte Pl\u00e4tze<\/p><p>Alter: 12 &#8211; 22 Jahre<\/p>\t\t\t\t\t\t\t\t<\/div>\n\t\t\t\t<\/div>\n\t\t\t\t<div class=\"elementor-element elementor-element-253b037 elementor-widget elementor-widget-text-editor\" data-id=\"253b037\" data-element_type=\"widget\" data-widget_type=\"text-editor.default\">\n\t\t\t\t<div class=\"elementor-widget-container\">\n\t\t\t\t\t\t\t\t\t<h5 style=\"text-align: left;\">Trainingstag &#8211; Schwerpunkt: Unterordnung<\/h5><h6>Im Fokus steht Unterordnung \u2013 praxisnah, strukturiert und mit klaren Trainingszielen. Wir arbeiten an Technik, Timing und Teamarbeit zwischen Mensch und Hund.<\/h6>\t\t\t\t\t\t\t\t<\/div>\n\t\t\t\t<\/div>\n\t\t\t\t<\/div>\n\t\t\t\t<\/div>\n\t\t<div class=\"elementor-element elementor-element-383addc e-con-full e-flex e-con e-child\" data-id=\"383addc\" data-element_type=\"container\">\n\t\t\t\t<div class=\"elementor-element elementor-element-c85ff7c elementor-align-justify elementor-widget elementor-widget-button\" data-id=\"c85ff7c\" data-element_type=\"widget\" data-widget_type=\"button.default\">\n\t\t\t\t<div class=\"elementor-widget-container\">\n\t\t\t\t\t\t\t\t\t<div class=\"elementor-button-wrapper\">\n\t\t\t\t\t<a class=\"elementor-button elementor-button-link elementor-size-sm\" href=\"mailto:mareikeloges@gmx.net?subject=Anmeldung%20zum%20Trainingstag%20am%2011.07.2026\">\n\t\t\t\t\t\t<span class=\"elementor-button-content-wrapper\">\n\t\t\t\t\t\t\t\t\t<span class=\"elementor-button-text\">Hier anmelden<\/span>\n\t\t\t\t\t<\/span>\n\t\t\t\t\t<\/a>\n\t\t\t\t<\/div>\n\t\t\t\t\t\t\t\t<\/div>\n\t\t\t\t<\/div>\n\t\t\t\t<\/div>\n\t\t\t\t<\/div>\n\t\t\t\t<\/div>\n\t\t<div class=\"elementor-element elementor-element-3dae9bf e-con-full e-flex e-con e-child\" data-id=\"3dae9bf\" data-element_type=\"container\">\n\t\t\t\t<div class=\"elementor-element elementor-element-a7cce47 elementor-widget-divider--view-line elementor-widget elementor-widget-divider\" data-id=\"a7cce47\" data-element_type=\"widget\" data-widget_type=\"divider.default\">\n\t\t\t\t<div class=\"elementor-widget-container\">\n\t\t\t\t\t\t\t<div class=\"elementor-divider\">\n\t\t\t<span class=\"elementor-divider-separator\">\n\t\t\t\t\t\t<\/span>\n\t\t<\/div>\n\t\t\t\t\t\t<\/div>\n\t\t\t\t<\/div>\n\t\t\t\t<\/div>\n\t\t<div class=\"elementor-element elementor-element-2acb9233 e-con-full e-flex e-con e-child\" data-id=\"2acb9233\" data-element_type=\"container\">\n\t\t<div class=\"elementor-element elementor-element-15648f4 e-con-full e-flex e-con e-child\" data-id=\"15648f4\" data-element_type=\"container\">\n\t\t<div class=\"elementor-element elementor-element-5cadf4c e-con-full e-flex e-con e-child\" data-id=\"5cadf4c\" data-element_type=\"container\" data-settings=\"{&quot;background_background&quot;:&quot;classic&quot;}\">\n\t\t\t\t<div class=\"elementor-element elementor-element-2aa1409 elementor-widget elementor-widget-text-editor\" data-id=\"2aa1409\" data-element_type=\"widget\" data-widget_type=\"text-editor.default\">\n\t\t\t\t<div class=\"elementor-widget-container\">\n\t\t\t\t\t\t\t\t\t<h3 style=\"text-align: left;\">R\u00fcsselsheim\/Frankfurt &#8211; Hessen<\/h3>\t\t\t\t\t\t\t\t<\/div>\n\t\t\t\t<\/div>\n\t\t\t\t<\/div>\n\t\t<div class=\"elementor-element elementor-element-19b6574 e-con-full e-flex e-con e-child\" data-id=\"19b6574\" data-element_type=\"container\" data-settings=\"{&quot;background_background&quot;:&quot;classic&quot;}\">\n\t\t<div class=\"elementor-element elementor-element-287b9fa e-con-full e-flex e-con e-child\" data-id=\"287b9fa\" data-element_type=\"container\" data-settings=\"{&quot;background_background&quot;:&quot;classic&quot;}\">\n\t\t\t\t<div class=\"elementor-element elementor-element-ccf513f elementor-widget__width-initial e-transform elementor-widget-tablet__width-initial elementor-widget elementor-widget-text-editor\" data-id=\"ccf513f\" data-element_type=\"widget\" data-settings=\"{&quot;_transform_translateX_effect&quot;:{&quot;unit&quot;:&quot;px&quot;,&quot;size&quot;:&quot;&quot;,&quot;sizes&quot;:[]},&quot;_transform_translateX_effect_tablet&quot;:{&quot;unit&quot;:&quot;px&quot;,&quot;size&quot;:&quot;&quot;,&quot;sizes&quot;:[]},&quot;_transform_translateX_effect_mobile&quot;:{&quot;unit&quot;:&quot;px&quot;,&quot;size&quot;:&quot;&quot;,&quot;sizes&quot;:[]},&quot;_transform_translateY_effect&quot;:{&quot;unit&quot;:&quot;px&quot;,&quot;size&quot;:&quot;&quot;,&quot;sizes&quot;:[]},&quot;_transform_translateY_effect_tablet&quot;:{&quot;unit&quot;:&quot;px&quot;,&quot;size&quot;:&quot;&quot;,&quot;sizes&quot;:[]},&quot;_transform_translateY_effect_mobile&quot;:{&quot;unit&quot;:&quot;px&quot;,&quot;size&quot;:&quot;&quot;,&quot;sizes&quot;:[]}}\" data-widget_type=\"text-editor.default\">\n\t\t\t\t<div class=\"elementor-widget-container\">\n\t\t\t\t\t\t\t\t\t<p>22. &amp; 23.08.2026<\/p><p>unbegrenzte Pl\u00e4tze<\/p><p>Alter: 12 &#8211; 22 Jahre<\/p><p>\u00a0<\/p>\t\t\t\t\t\t\t\t<\/div>\n\t\t\t\t<\/div>\n\t\t\t\t<div class=\"elementor-element elementor-element-b35eb2c elementor-widget elementor-widget-text-editor\" data-id=\"b35eb2c\" data-element_type=\"widget\" data-widget_type=\"text-editor.default\">\n\t\t\t\t<div class=\"elementor-widget-container\">\n\t\t\t\t\t\t\t\t\t<h5 style=\"text-align: left;\">Nachwuchshelferlehrgang<\/h5><h6>Der Nachwuchshelferlehrgang richtet sich an interessierte Hundef\u00fchrer, die in die Helferarbeit im Gebrauchshundesport einsteigen m\u00f6chten. Vermittelt werden grundlegende Kenntnisse in Technik, Timing und Belastungssteuerung sowie ein verantwortungsvoller Umgang mit dem Hund im Schutzdienst. Ziel ist es, ein solides Fundament f\u00fcr die weitere Ausbildung zum Helfer zu schaffen und ein Verst\u00e4ndnis f\u00fcr die Anforderungen an Hund, Helfer und Ausbildung zu entwickeln.<\/h6>\t\t\t\t\t\t\t\t<\/div>\n\t\t\t\t<\/div>\n\t\t\t\t<\/div>\n\t\t\t\t<\/div>\n\t\t<div class=\"elementor-element elementor-element-0079a56 e-con-full e-flex e-con e-child\" data-id=\"0079a56\" data-element_type=\"container\">\n\t\t\t\t<div class=\"elementor-element elementor-element-e8ba853 elementor-align-justify elementor-widget elementor-widget-button\" data-id=\"e8ba853\" data-element_type=\"widget\" data-widget_type=\"button.default\">\n\t\t\t\t<div class=\"elementor-widget-container\">\n\t\t\t\t\t\t\t\t\t<div class=\"elementor-button-wrapper\">\n\t\t\t\t\t<a class=\"elementor-button elementor-button-link elementor-size-sm\" href=\"mailto:mareikeloges@gmx.net?subject=Anmeldung%20zum%20Nachwuchshelferlehrgang%20am%2022\/23.08.2026\">\n\t\t\t\t\t\t<span class=\"elementor-button-content-wrapper\">\n\t\t\t\t\t\t\t\t\t<span class=\"elementor-button-text\">Hier anmelden<\/span>\n\t\t\t\t\t<\/span>\n\t\t\t\t\t<\/a>\n\t\t\t\t<\/div>\n\t\t\t\t\t\t\t\t<\/div>\n\t\t\t\t<\/div>\n\t\t\t\t<\/div>\n\t\t\t\t<\/div>\n\t\t\t\t<\/div>\n\t\t\t\t<\/div>\n\t\t\t\t\t<\/div>\n\t\t\t\t<\/div>\n\t\t\t\t<\/div>","protected":false},"excerpt":{"rendered":"<p>\u00dcbersicht &#8211; Ausbilderin Mareike Loges W\u00e4hle einfach deinen Termin aus, nimm direkt Kontakt zum Trainer auf und sichere dir deinen Platz.\u00a0 Mareike Loges Isenb\u00fcttel\/Gifhorn &#8211; Niedersachsen Angebote und Termine Vereinsgel\u00e4nde BK Heepen \/ Bielefeld &#8211; NRW 11.07.2026 unbegrenzte Pl\u00e4tze Alter: 12 &#8211; 22 Jahre Trainingstag &#8211; Schwerpunkt: Unterordnung Im Fokus steht Unterordnung \u2013 praxisnah, strukturiert [&hellip;]<\/p>","protected":false},"author":8,"featured_media":0,"parent":6202,"menu_order":0,"comment_status":"closed","ping_status":"closed","template":"elementor_header_footer","meta":{"footnotes":""},"class_list":["post-6435","page","type-page","status-publish","hentry"],"aioseo_notices":[],"_links":{"self":[{"href":"https:\/\/k9-and-sports.com\/en\/wp-json\/wp\/v2\/pages\/6435","targetHints":{"allow":["GET"]}}],"collection":[{"href":"https:\/\/k9-and-sports.com\/en\/wp-json\/wp\/v2\/pages"}],"about":[{"href":"https:\/\/k9-and-sports.com\/en\/wp-json\/wp\/v2\/types\/page"}],"author":[{"embeddable":true,"href":"https:\/\/k9-and-sports.com\/en\/wp-json\/wp\/v2\/users\/8"}],"replies":[{"embeddable":true,"href":"https:\/\/k9-and-sports.com\/en\/wp-json\/wp\/v2\/comments?post=6435"}],"version-history":[{"count":10,"href":"https:\/\/k9-and-sports.com\/en\/wp-json\/wp\/v2\/pages\/6435\/revisions"}],"predecessor-version":[{"id":6644,"href":"https:\/\/k9-and-sports.com\/en\/wp-json\/wp\/v2\/pages\/6435\/revisions\/6644"}],"up":[{"embeddable":true,"href":"https:\/\/k9-and-sports.com\/en\/wp-json\/wp\/v2\/pages\/6202"}],"wp:attachment":[{"href":"https:\/\/k9-and-sports.com\/en\/wp-json\/wp\/v2\/media?parent=6435"}],"curies":[{"name":"wp","href":"https:\/\/api.w.org\/{rel}","templated":true}]}}