{"id":6450,"date":"2026-03-27T11:16:41","date_gmt":"2026-03-27T10:16:41","guid":{"rendered":"https:\/\/k9-and-sports.com\/?page_id=6450"},"modified":"2026-03-27T11:16:44","modified_gmt":"2026-03-27T10:16:44","slug":"ausbilder-stefan-mueller","status":"publish","type":"page","link":"https:\/\/k9-and-sports.com\/en\/academy\/ausbilder-stefan-mueller\/","title":{"rendered":"Ausbilder Stefan M\u00fcller"},"content":{"rendered":"<div data-elementor-type=\"wp-page\" data-elementor-id=\"6450\" class=\"elementor elementor-6450\" data-elementor-post-type=\"page\">\n\t\t\t\t<div class=\"elementor-element elementor-element-1de15958 e-flex e-con-boxed e-con e-parent\" data-id=\"1de15958\" data-element_type=\"container\" data-settings=\"{&quot;background_background&quot;:&quot;classic&quot;}\">\n\t\t\t\t\t<div class=\"e-con-inner\">\n\t\t\t\t\t<\/div>\n\t\t\t\t<\/div>\n\t\t<div class=\"elementor-element elementor-element-4cbd8b95 e-flex e-con-boxed e-con e-parent\" data-id=\"4cbd8b95\" data-element_type=\"container\" data-settings=\"{&quot;background_background&quot;:&quot;classic&quot;}\">\n\t\t\t\t\t<div class=\"e-con-inner\">\n\t\t\t\t<div class=\"elementor-element elementor-element-7e6b168e elementor-widget elementor-widget-heading\" data-id=\"7e6b168e\" data-element_type=\"widget\" data-widget_type=\"heading.default\">\n\t\t\t\t<div class=\"elementor-widget-container\">\n\t\t\t\t\t<h2 class=\"elementor-heading-title elementor-size-default\"><h4 class=\"\" data-end=\"214\" data-start=\"65\" style=\"text-align: center\" data-css=\"tve-u-19c749199ee\">\u00dcbersicht - Ausbilder Stefan M\u00fcller<\/h4><\/h2>\t\t\t\t<\/div>\n\t\t\t\t<\/div>\n\t\t\t\t\t<\/div>\n\t\t\t\t<\/div>\n\t\t<div class=\"elementor-element elementor-element-51287084 e-flex e-con-boxed e-con e-parent\" data-id=\"51287084\" data-element_type=\"container\" data-settings=\"{&quot;background_background&quot;:&quot;classic&quot;}\">\n\t\t\t\t\t<div class=\"e-con-inner\">\n\t\t\t\t<div class=\"elementor-element elementor-element-72cc858d elementor-widget-divider--view-line elementor-widget elementor-widget-divider\" data-id=\"72cc858d\" data-element_type=\"widget\" data-widget_type=\"divider.default\">\n\t\t\t\t<div class=\"elementor-widget-container\">\n\t\t\t\t\t\t\t<div class=\"elementor-divider\">\n\t\t\t<span class=\"elementor-divider-separator\">\n\t\t\t\t\t\t<\/span>\n\t\t<\/div>\n\t\t\t\t\t\t<\/div>\n\t\t\t\t<\/div>\n\t\t\t\t\t<\/div>\n\t\t\t\t<\/div>\n\t\t<div class=\"elementor-element elementor-element-aef1d00 e-flex e-con-boxed e-con e-parent\" data-id=\"aef1d00\" data-element_type=\"container\" data-settings=\"{&quot;background_background&quot;:&quot;classic&quot;}\">\n\t\t\t\t\t<div class=\"e-con-inner\">\n\t\t\t\t<div class=\"elementor-element elementor-element-134d19f2 elementor-widget elementor-widget-text-editor\" data-id=\"134d19f2\" data-element_type=\"widget\" data-widget_type=\"text-editor.default\">\n\t\t\t\t<div class=\"elementor-widget-container\">\n\t\t\t\t\t\t\t\t\t<h4 style=\"text-align: center;\" data-css=\"tve-u-19c7497060f\">W\u00e4hle einfach deinen Termin aus, nimm direkt Kontakt zum Trainer auf und sichere dir deinen Platz.\u00a0<\/h4>\t\t\t\t\t\t\t\t<\/div>\n\t\t\t\t<\/div>\n\t\t\t\t\t<\/div>\n\t\t\t\t<\/div>\n\t\t<div class=\"elementor-element elementor-element-27739fc6 e-flex e-con-boxed e-con e-parent\" data-id=\"27739fc6\" data-element_type=\"container\" data-settings=\"{&quot;background_background&quot;:&quot;classic&quot;}\">\n\t\t\t\t\t<div class=\"e-con-inner\">\n\t\t<div class=\"elementor-element elementor-element-1355de0e e-con-full e-flex e-con e-child\" data-id=\"1355de0e\" data-element_type=\"container\">\n\t\t\t\t<div class=\"elementor-element elementor-element-2f458896 elementor-widget elementor-widget-image\" data-id=\"2f458896\" data-element_type=\"widget\" data-widget_type=\"image.default\">\n\t\t\t\t<div class=\"elementor-widget-container\">\n\t\t\t\t\t\t\t\t\t\t\t\t\t\t\t<img decoding=\"async\" src=\"https:\/\/k9-and-sports.com\/wp-content\/uploads\/elementor\/thumbs\/WhatsApp-Image-2026-03-13-at-14.16.49-rl4ci4uo7wgv40vkcjzt920nbr7dsdf2o61krzhkeu.jpeg\" title=\"WhatsApp Image 2026-03-13 at 14.16.49\" alt=\"WhatsApp Image 2026-03-13 at 14.16.49\" loading=\"lazy\" \/>\t\t\t\t\t\t\t\t\t\t\t\t\t\t\t<\/div>\n\t\t\t\t<\/div>\n\t\t\t\t<\/div>\n\t\t<div class=\"elementor-element elementor-element-3faebc52 e-con-full e-flex e-con e-child\" data-id=\"3faebc52\" data-element_type=\"container\">\n\t\t<div class=\"elementor-element elementor-element-1c8e2eb3 e-con-full e-flex e-con e-child\" data-id=\"1c8e2eb3\" data-element_type=\"container\" data-settings=\"{&quot;background_background&quot;:&quot;classic&quot;}\">\n\t\t\t\t<div class=\"elementor-element elementor-element-30fff934 elementor-widget elementor-widget-text-editor\" data-id=\"30fff934\" data-element_type=\"widget\" data-widget_type=\"text-editor.default\">\n\t\t\t\t<div class=\"elementor-widget-container\">\n\t\t\t\t\t\t\t\t\t<h3 style=\"text-align: left;\">Stefan M\u00fcller<\/h3>\t\t\t\t\t\t\t\t<\/div>\n\t\t\t\t<\/div>\n\t\t\t\t<div class=\"elementor-element elementor-element-834a911 elementor-widget elementor-widget-text-editor\" data-id=\"834a911\" data-element_type=\"widget\" data-widget_type=\"text-editor.default\">\n\t\t\t\t<div class=\"elementor-widget-container\">\n\t\t\t\t\t\t\t\t\t<h3 style=\"text-align: left;\">Online Seminar<\/h3>\t\t\t\t\t\t\t\t<\/div>\n\t\t\t\t<\/div>\n\t\t\t\t<\/div>\n\t\t<div class=\"elementor-element elementor-element-473759e1 e-con-full e-flex e-con e-child\" data-id=\"473759e1\" data-element_type=\"container\" data-settings=\"{&quot;background_background&quot;:&quot;classic&quot;}\">\n\t\t\t\t<div class=\"elementor-element elementor-element-1f775314 elementor-widget elementor-widget-heading\" data-id=\"1f775314\" data-element_type=\"widget\" data-widget_type=\"heading.default\">\n\t\t\t\t<div class=\"elementor-widget-container\">\n\t\t\t\t\t<h4 class=\"elementor-heading-title elementor-size-default\"><u>Angebote und Termine<\/u><\/h4>\t\t\t\t<\/div>\n\t\t\t\t<\/div>\n\t\t<div class=\"elementor-element elementor-element-7ef3e6f7 e-con-full e-flex e-con e-child\" data-id=\"7ef3e6f7\" data-element_type=\"container\" data-settings=\"{&quot;background_background&quot;:&quot;classic&quot;}\">\n\t\t\t\t<div class=\"elementor-element elementor-element-2d560c7 elementor-widget__width-initial e-transform elementor-widget-tablet__width-initial elementor-widget elementor-widget-text-editor\" data-id=\"2d560c7\" data-element_type=\"widget\" data-settings=\"{&quot;_transform_translateX_effect&quot;:{&quot;unit&quot;:&quot;px&quot;,&quot;size&quot;:&quot;&quot;,&quot;sizes&quot;:[]},&quot;_transform_translateX_effect_tablet&quot;:{&quot;unit&quot;:&quot;px&quot;,&quot;size&quot;:&quot;&quot;,&quot;sizes&quot;:[]},&quot;_transform_translateX_effect_mobile&quot;:{&quot;unit&quot;:&quot;px&quot;,&quot;size&quot;:&quot;&quot;,&quot;sizes&quot;:[]},&quot;_transform_translateY_effect&quot;:{&quot;unit&quot;:&quot;px&quot;,&quot;size&quot;:&quot;&quot;,&quot;sizes&quot;:[]},&quot;_transform_translateY_effect_tablet&quot;:{&quot;unit&quot;:&quot;px&quot;,&quot;size&quot;:&quot;&quot;,&quot;sizes&quot;:[]},&quot;_transform_translateY_effect_mobile&quot;:{&quot;unit&quot;:&quot;px&quot;,&quot;size&quot;:&quot;&quot;,&quot;sizes&quot;:[]}}\" data-widget_type=\"text-editor.default\">\n\t\t\t\t<div class=\"elementor-widget-container\">\n\t\t\t\t\t\t\t\t\t<p>10.07.2026<\/p><p>ab 18 Uhr<\/p>\t\t\t\t\t\t\t\t<\/div>\n\t\t\t\t<\/div>\n\t\t\t\t<div class=\"elementor-element elementor-element-11c04ce7 elementor-widget elementor-widget-text-editor\" data-id=\"11c04ce7\" data-element_type=\"widget\" data-widget_type=\"text-editor.default\">\n\t\t\t\t<div class=\"elementor-widget-container\">\n\t\t\t\t\t\t\t\t\t<h5 style=\"text-align: left;\">Thema: Aufbau Anzeigeverhalten der Gegenst\u00e4nde f\u00fcr die F\u00e4hrte.<\/h5><h6>In diesem Online-Seminar wird der systematische Aufbau des Anzeigeverhaltens bei Gegenst\u00e4nden in der F\u00e4hrtenarbeit behandelt. Vermittelt werden praxisnahe Ans\u00e4tze zur Entwicklung eines ruhigen, sicheren und pr\u00e4zisen Anzeigeverhaltens sowie h\u00e4ufige Fehlerquellen und deren Vermeidung. Ziel ist es, dem Hundef\u00fchrer ein klares Trainingskonzept an die Hand zu geben, um die Gegenstandsanzeige zuverl\u00e4ssig und pr\u00fcfungsgerecht aufzubauen.<\/h6>\t\t\t\t\t\t\t\t<\/div>\n\t\t\t\t<\/div>\n\t\t\t\t<\/div>\n\t\t\t\t<\/div>\n\t\t<div class=\"elementor-element elementor-element-63132041 e-con-full e-flex e-con e-child\" data-id=\"63132041\" data-element_type=\"container\">\n\t\t\t\t<div class=\"elementor-element elementor-element-7d93cc0a elementor-align-justify elementor-widget elementor-widget-button\" data-id=\"7d93cc0a\" data-element_type=\"widget\" data-widget_type=\"button.default\">\n\t\t\t\t<div class=\"elementor-widget-container\">\n\t\t\t\t\t\t\t\t\t<div class=\"elementor-button-wrapper\">\n\t\t\t\t\t<a class=\"elementor-button elementor-button-link elementor-size-sm\" href=\"mailto:info@doghouse-hundezentrum.de?subject=Anmeldung%20zum%20Training%20(Youngstars%20Academy)\">\n\t\t\t\t\t\t<span class=\"elementor-button-content-wrapper\">\n\t\t\t\t\t\t\t\t\t<span class=\"elementor-button-text\">Hier anmelden<\/span>\n\t\t\t\t\t<\/span>\n\t\t\t\t\t<\/a>\n\t\t\t\t<\/div>\n\t\t\t\t\t\t\t\t<\/div>\n\t\t\t\t<\/div>\n\t\t\t\t<\/div>\n\t\t\t\t<\/div>\n\t\t\t\t\t<\/div>\n\t\t\t\t<\/div>\n\t\t\t\t<\/div>","protected":false},"excerpt":{"rendered":"<p>\u00dcbersicht &#8211; Ausbilder Stefan M\u00fcller W\u00e4hle einfach deinen Termin aus, nimm direkt Kontakt zum Trainer auf und sichere dir deinen Platz.\u00a0 Stefan M\u00fcller Online Seminar Angebote und Termine 10.07.2026 ab 18 Uhr Thema: Aufbau Anzeigeverhalten der Gegenst\u00e4nde f\u00fcr die F\u00e4hrte. In diesem Online-Seminar wird der systematische Aufbau des Anzeigeverhaltens bei Gegenst\u00e4nden in der F\u00e4hrtenarbeit behandelt. [&hellip;]<\/p>","protected":false},"author":8,"featured_media":0,"parent":6202,"menu_order":0,"comment_status":"closed","ping_status":"closed","template":"elementor_header_footer","meta":{"footnotes":""},"class_list":["post-6450","page","type-page","status-publish","hentry"],"aioseo_notices":[],"_links":{"self":[{"href":"https:\/\/k9-and-sports.com\/en\/wp-json\/wp\/v2\/pages\/6450","targetHints":{"allow":["GET"]}}],"collection":[{"href":"https:\/\/k9-and-sports.com\/en\/wp-json\/wp\/v2\/pages"}],"about":[{"href":"https:\/\/k9-and-sports.com\/en\/wp-json\/wp\/v2\/types\/page"}],"author":[{"embeddable":true,"href":"https:\/\/k9-and-sports.com\/en\/wp-json\/wp\/v2\/users\/8"}],"replies":[{"embeddable":true,"href":"https:\/\/k9-and-sports.com\/en\/wp-json\/wp\/v2\/comments?post=6450"}],"version-history":[{"count":10,"href":"https:\/\/k9-and-sports.com\/en\/wp-json\/wp\/v2\/pages\/6450\/revisions"}],"predecessor-version":[{"id":6461,"href":"https:\/\/k9-and-sports.com\/en\/wp-json\/wp\/v2\/pages\/6450\/revisions\/6461"}],"up":[{"embeddable":true,"href":"https:\/\/k9-and-sports.com\/en\/wp-json\/wp\/v2\/pages\/6202"}],"wp:attachment":[{"href":"https:\/\/k9-and-sports.com\/en\/wp-json\/wp\/v2\/media?parent=6450"}],"curies":[{"name":"wp","href":"https:\/\/api.w.org\/{rel}","templated":true}]}}