{"id":6566,"date":"2026-04-07T14:47:56","date_gmt":"2026-04-07T12:47:56","guid":{"rendered":"https:\/\/k9-and-sports.com\/?page_id=6566"},"modified":"2026-04-07T14:48:04","modified_gmt":"2026-04-07T12:48:04","slug":"ausbilder-marcel-wissing","status":"publish","type":"page","link":"https:\/\/k9-and-sports.com\/en\/academy\/ausbilder-marcel-wissing\/","title":{"rendered":"Ausbilder Marcel Wissing"},"content":{"rendered":"<div data-elementor-type=\"wp-page\" data-elementor-id=\"6566\" class=\"elementor elementor-6566\" data-elementor-post-type=\"page\">\n\t\t\t\t<div class=\"elementor-element elementor-element-1855ea19 e-flex e-con-boxed e-con e-parent\" data-id=\"1855ea19\" data-element_type=\"container\" data-settings=\"{&quot;background_background&quot;:&quot;classic&quot;}\">\n\t\t\t\t\t<div class=\"e-con-inner\">\n\t\t\t\t\t<\/div>\n\t\t\t\t<\/div>\n\t\t<div class=\"elementor-element elementor-element-8638a34 e-flex e-con-boxed e-con e-parent\" data-id=\"8638a34\" data-element_type=\"container\" data-settings=\"{&quot;background_background&quot;:&quot;classic&quot;}\">\n\t\t\t\t\t<div class=\"e-con-inner\">\n\t\t\t\t<div class=\"elementor-element elementor-element-338b78c7 elementor-widget elementor-widget-heading\" data-id=\"338b78c7\" data-element_type=\"widget\" data-widget_type=\"heading.default\">\n\t\t\t\t<div class=\"elementor-widget-container\">\n\t\t\t\t\t<h2 class=\"elementor-heading-title elementor-size-default\"><h4 class=\"\" data-end=\"214\" data-start=\"65\" style=\"text-align: center\" data-css=\"tve-u-19c749199ee\">\u00dcbersicht - Ausbilder Marcel Wissing<\/h4><\/h2>\t\t\t\t<\/div>\n\t\t\t\t<\/div>\n\t\t\t\t\t<\/div>\n\t\t\t\t<\/div>\n\t\t<div class=\"elementor-element elementor-element-3578f7bf e-flex e-con-boxed e-con e-parent\" data-id=\"3578f7bf\" data-element_type=\"container\" data-settings=\"{&quot;background_background&quot;:&quot;classic&quot;}\">\n\t\t\t\t\t<div class=\"e-con-inner\">\n\t\t\t\t<div class=\"elementor-element elementor-element-5eaaa106 elementor-widget-divider--view-line elementor-widget elementor-widget-divider\" data-id=\"5eaaa106\" data-element_type=\"widget\" data-widget_type=\"divider.default\">\n\t\t\t\t<div class=\"elementor-widget-container\">\n\t\t\t\t\t\t\t<div class=\"elementor-divider\">\n\t\t\t<span class=\"elementor-divider-separator\">\n\t\t\t\t\t\t<\/span>\n\t\t<\/div>\n\t\t\t\t\t\t<\/div>\n\t\t\t\t<\/div>\n\t\t\t\t\t<\/div>\n\t\t\t\t<\/div>\n\t\t<div class=\"elementor-element elementor-element-5b60706d e-flex e-con-boxed e-con e-parent\" data-id=\"5b60706d\" data-element_type=\"container\" data-settings=\"{&quot;background_background&quot;:&quot;classic&quot;}\">\n\t\t\t\t\t<div class=\"e-con-inner\">\n\t\t\t\t<div class=\"elementor-element elementor-element-2cc6d74f elementor-widget elementor-widget-text-editor\" data-id=\"2cc6d74f\" data-element_type=\"widget\" data-widget_type=\"text-editor.default\">\n\t\t\t\t<div class=\"elementor-widget-container\">\n\t\t\t\t\t\t\t\t\t<h4 style=\"text-align: center;\" data-css=\"tve-u-19c7497060f\">W\u00e4hle einfach deinen Termin aus, nimm direkt Kontakt zum Trainer auf und sichere dir deinen Platz.\u00a0<\/h4>\t\t\t\t\t\t\t\t<\/div>\n\t\t\t\t<\/div>\n\t\t\t\t\t<\/div>\n\t\t\t\t<\/div>\n\t\t<div class=\"elementor-element elementor-element-65d9e48c e-flex e-con-boxed e-con e-parent\" data-id=\"65d9e48c\" data-element_type=\"container\" data-settings=\"{&quot;background_background&quot;:&quot;classic&quot;}\">\n\t\t\t\t\t<div class=\"e-con-inner\">\n\t\t<div class=\"elementor-element elementor-element-79f5dbab e-con-full e-flex e-con e-child\" data-id=\"79f5dbab\" data-element_type=\"container\">\n\t\t\t\t<div class=\"elementor-element elementor-element-2ec0d6c elementor-widget elementor-widget-image\" data-id=\"2ec0d6c\" data-element_type=\"widget\" data-widget_type=\"image.default\">\n\t\t\t\t<div class=\"elementor-widget-container\">\n\t\t\t\t\t\t\t\t\t\t\t\t\t\t\t<img decoding=\"async\" src=\"https:\/\/k9-and-sports.com\/wp-content\/uploads\/elementor\/thumbs\/WhatsApp-Image-2026-04-07-at-14.43.34-rlnoe1a126mr0flcudl0santwlkpadq7nkb2eqs9ee.jpeg\" title=\"WhatsApp Image 2026-04-07 at 14.43.34\" alt=\"WhatsApp Image 2026-04-07 at 14.43.34\" loading=\"lazy\" \/>\t\t\t\t\t\t\t\t\t\t\t\t\t\t\t<\/div>\n\t\t\t\t<\/div>\n\t\t\t\t<\/div>\n\t\t<div class=\"elementor-element elementor-element-3634210f e-con-full e-flex e-con e-child\" data-id=\"3634210f\" data-element_type=\"container\">\n\t\t<div class=\"elementor-element elementor-element-d95cac1 e-con-full e-flex e-con e-child\" data-id=\"d95cac1\" data-element_type=\"container\" data-settings=\"{&quot;background_background&quot;:&quot;classic&quot;}\">\n\t\t\t\t<div class=\"elementor-element elementor-element-461e4555 elementor-widget elementor-widget-text-editor\" data-id=\"461e4555\" data-element_type=\"widget\" data-widget_type=\"text-editor.default\">\n\t\t\t\t<div class=\"elementor-widget-container\">\n\t\t\t\t\t\t\t\t\t<h3 style=\"text-align: left;\">Marcel Wissing<\/h3>\t\t\t\t\t\t\t\t<\/div>\n\t\t\t\t<\/div>\n\t\t\t\t<div class=\"elementor-element elementor-element-633f7348 elementor-widget elementor-widget-text-editor\" data-id=\"633f7348\" data-element_type=\"widget\" data-widget_type=\"text-editor.default\">\n\t\t\t\t<div class=\"elementor-widget-container\">\n\t\t\t\t\t\t\t\t\t<h3 style=\"text-align: left;\">BG Rottweil S\u00fcd e.V. &#8211; PLZ: <span class=\"T286Pc\" data-sfc-cp=\"\" data-sfc-root=\"c\" data-sfc-cb=\"\" data-processed=\"true\">78628<\/span><\/h3>\t\t\t\t\t\t\t\t<\/div>\n\t\t\t\t<\/div>\n\t\t\t\t<\/div>\n\t\t<div class=\"elementor-element elementor-element-311323cb e-con-full e-flex e-con e-child\" data-id=\"311323cb\" data-element_type=\"container\" data-settings=\"{&quot;background_background&quot;:&quot;classic&quot;}\">\n\t\t\t\t<div class=\"elementor-element elementor-element-571b8d2a elementor-widget elementor-widget-heading\" data-id=\"571b8d2a\" data-element_type=\"widget\" data-widget_type=\"heading.default\">\n\t\t\t\t<div class=\"elementor-widget-container\">\n\t\t\t\t\t<h4 class=\"elementor-heading-title elementor-size-default\"><u>Angebote und Termine<\/u><\/h4>\t\t\t\t<\/div>\n\t\t\t\t<\/div>\n\t\t<div class=\"elementor-element elementor-element-150ea08b e-con-full e-flex e-con e-child\" data-id=\"150ea08b\" data-element_type=\"container\" data-settings=\"{&quot;background_background&quot;:&quot;classic&quot;}\">\n\t\t\t\t<div class=\"elementor-element elementor-element-6d17b5a3 elementor-widget__width-initial e-transform elementor-widget-tablet__width-initial elementor-widget elementor-widget-text-editor\" data-id=\"6d17b5a3\" data-element_type=\"widget\" data-settings=\"{&quot;_transform_translateX_effect&quot;:{&quot;unit&quot;:&quot;px&quot;,&quot;size&quot;:&quot;&quot;,&quot;sizes&quot;:[]},&quot;_transform_translateX_effect_tablet&quot;:{&quot;unit&quot;:&quot;px&quot;,&quot;size&quot;:&quot;&quot;,&quot;sizes&quot;:[]},&quot;_transform_translateX_effect_mobile&quot;:{&quot;unit&quot;:&quot;px&quot;,&quot;size&quot;:&quot;&quot;,&quot;sizes&quot;:[]},&quot;_transform_translateY_effect&quot;:{&quot;unit&quot;:&quot;px&quot;,&quot;size&quot;:&quot;&quot;,&quot;sizes&quot;:[]},&quot;_transform_translateY_effect_tablet&quot;:{&quot;unit&quot;:&quot;px&quot;,&quot;size&quot;:&quot;&quot;,&quot;sizes&quot;:[]},&quot;_transform_translateY_effect_mobile&quot;:{&quot;unit&quot;:&quot;px&quot;,&quot;size&quot;:&quot;&quot;,&quot;sizes&quot;:[]}}\" data-widget_type=\"text-editor.default\">\n\t\t\t\t<div class=\"elementor-widget-container\">\n\t\t\t\t\t\t\t\t\t<p>27.06.2026<\/p><p>Beginn: 10:00 Uhr<\/p>\t\t\t\t\t\t\t\t<\/div>\n\t\t\t\t<\/div>\n\t\t\t\t<div class=\"elementor-element elementor-element-f5fc33b elementor-widget elementor-widget-text-editor\" data-id=\"f5fc33b\" data-element_type=\"widget\" data-widget_type=\"text-editor.default\">\n\t\t\t\t<div class=\"elementor-widget-container\">\n\t\t\t\t\t\t\t\t\t<h5 style=\"text-align: left;\">Nachwuchshelfertraining<\/h5><h6>Das Nachwuchshelfertraining richtet sich an interessierte Hundef\u00fchrer, die in die Helferarbeit im Gebrauchshundesport einsteigen m\u00f6chten. Vermittelt werden grundlegende Kenntnisse in Technik, Timing und Belastungssteuerung sowie ein verantwortungsvoller Umgang mit dem Hund im Schutzdienst. Ziel ist es, ein solides Fundament f\u00fcr die weitere Ausbildung zum Helfer zu schaffen und ein Verst\u00e4ndnis f\u00fcr die Anforderungen an Hund, Helfer und Ausbildung zu entwickeln.<\/h6>\t\t\t\t\t\t\t\t<\/div>\n\t\t\t\t<\/div>\n\t\t\t\t<\/div>\n\t\t\t\t<div class=\"elementor-element elementor-element-39e4132 elementor-align-justify elementor-widget elementor-widget-button\" data-id=\"39e4132\" data-element_type=\"widget\" data-widget_type=\"button.default\">\n\t\t\t\t<div class=\"elementor-widget-container\">\n\t\t\t\t\t\t\t\t\t<div class=\"elementor-button-wrapper\">\n\t\t\t\t\t<a class=\"elementor-button elementor-button-link elementor-size-sm\" href=\"mailto:info@rottweil-sued.de?subject=Anmeldung%20zum%20Nachwuchshelfertraining%20am%2027.06.2026\">\n\t\t\t\t\t\t<span class=\"elementor-button-content-wrapper\">\n\t\t\t\t\t\t\t\t\t<span class=\"elementor-button-text\">Hier anmelden<\/span>\n\t\t\t\t\t<\/span>\n\t\t\t\t\t<\/a>\n\t\t\t\t<\/div>\n\t\t\t\t\t\t\t\t<\/div>\n\t\t\t\t<\/div>\n\t\t<div class=\"elementor-element elementor-element-c86912b e-con-full e-flex e-con e-child\" data-id=\"c86912b\" data-element_type=\"container\">\n\t\t\t\t<\/div>\n\t\t\t\t<\/div>\n\t\t\t\t<\/div>\n\t\t\t\t\t<\/div>\n\t\t\t\t<\/div>\n\t\t\t\t<\/div>","protected":false},"excerpt":{"rendered":"<p>\u00dcbersicht &#8211; Ausbilder Marcel Wissing W\u00e4hle einfach deinen Termin aus, nimm direkt Kontakt zum Trainer auf und sichere dir deinen Platz.\u00a0 Marcel Wissing BG Rottweil S\u00fcd e.V. &#8211; PLZ: 78628 Angebote und Termine 27.06.2026 Beginn: 10:00 Uhr Nachwuchshelfertraining Das Nachwuchshelfertraining richtet sich an interessierte Hundef\u00fchrer, die in die Helferarbeit im Gebrauchshundesport einsteigen m\u00f6chten. Vermittelt werden [&hellip;]<\/p>","protected":false},"author":8,"featured_media":0,"parent":6202,"menu_order":0,"comment_status":"closed","ping_status":"closed","template":"elementor_header_footer","meta":{"footnotes":""},"class_list":["post-6566","page","type-page","status-publish","hentry"],"aioseo_notices":[],"_links":{"self":[{"href":"https:\/\/k9-and-sports.com\/en\/wp-json\/wp\/v2\/pages\/6566","targetHints":{"allow":["GET"]}}],"collection":[{"href":"https:\/\/k9-and-sports.com\/en\/wp-json\/wp\/v2\/pages"}],"about":[{"href":"https:\/\/k9-and-sports.com\/en\/wp-json\/wp\/v2\/types\/page"}],"author":[{"embeddable":true,"href":"https:\/\/k9-and-sports.com\/en\/wp-json\/wp\/v2\/users\/8"}],"replies":[{"embeddable":true,"href":"https:\/\/k9-and-sports.com\/en\/wp-json\/wp\/v2\/comments?post=6566"}],"version-history":[{"count":7,"href":"https:\/\/k9-and-sports.com\/en\/wp-json\/wp\/v2\/pages\/6566\/revisions"}],"predecessor-version":[{"id":6574,"href":"https:\/\/k9-and-sports.com\/en\/wp-json\/wp\/v2\/pages\/6566\/revisions\/6574"}],"up":[{"embeddable":true,"href":"https:\/\/k9-and-sports.com\/en\/wp-json\/wp\/v2\/pages\/6202"}],"wp:attachment":[{"href":"https:\/\/k9-and-sports.com\/en\/wp-json\/wp\/v2\/media?parent=6566"}],"curies":[{"name":"wp","href":"https:\/\/api.w.org\/{rel}","templated":true}]}}